{"id":540,"date":"2016-07-28T14:32:12","date_gmt":"2016-07-28T12:32:12","guid":{"rendered":"http:\/\/www.domaine-ndr.ch\/en\/hebergement\/"},"modified":"2026-01-28T12:58:43","modified_gmt":"2026-01-28T11:58:43","slug":"accomodation","status":"publish","type":"page","link":"https:\/\/www.domaine-ndr.ch\/en\/accomodation\/","title":{"rendered":"Accomodation"},"content":{"rendered":"<h3>Only the bare essentials, for a restful sleep<\/h3>\n<p>Each room is arranged with harmony and sobriety. The energies that circulate there contribute to your revitalisation. Here, we offer you a &#8220;no-frills&#8221; accommodation. If we have chosen rooms without TV, the free WiFi connection will allow you to fully enjoy your personal devices. Or you could take this opportunity to simply disconnect, rediscover the simple pleasures of a walk in the park.<\/p>\n<p>We have, as far as possible, taken over the existing furniture. It has however been renovated by our wooden workshop, which employs people undergoing evaluation for the purpose of their reintegration into the labour market. As for the new furniture, it was made to measure by a local craftsman. The chosen materials are environmentally friendly and provide a peaceful and healthy atmosphere in the rooms.<\/p>\n<p><b>Accommodation<\/b><strong>\u00a0schedules<\/strong><\/p>\n<table style=\"width: 100%; border-collapse: collapse;\">\n<tbody>\n<tr>\n<td style=\"width: 33.33%;\"><em>Reception<\/em><\/td>\n<td style=\"width: 33.33%;\"><em>Check in<\/em><\/td>\n<td style=\"width: 33.33%;\"><em>Check out<\/em><\/td>\n<\/tr>\n<tr>\n<td style=\"width: 33.33%;\">\n<ul>\n<li>Mon &#8211; Fri. : 6:00am-10:00pm<\/li>\n<li>Sa &#8211; Sun. : 6:30am-10:00pm<\/li>\n<\/ul>\n<\/td>\n<td style=\"width: 33.33%;\">\n<ul>\n<li>from 2:00pm<\/li>\n<\/ul>\n<\/td>\n<td style=\"width: 33.33%;\">\n<ul>\n<li>until 11:00am<\/li>\n<\/ul>\n<\/td>\n<\/tr>\n<\/tbody>\n<\/table>\n<p>After hours, the Domaine is accessible by self check-in.<\/p>\n<p>Some of our rooms are accessible to people with reduced mobility. A medical bed can be installed on request.<\/p>\n<p>Breakfast is additional to the room rate.<\/p>\n<table style=\"border-collapse: collapse; width: 46.8063%;\">\n<tbody>\n<tr>\n<td style=\"width: 21.5061%;\">Adults<\/td>\n<td style=\"width: 16.4145%;\">CHF 16.00<\/td>\n<\/tr>\n<tr>\n<td style=\"width: 21.5061%;\">Kids &#8211; age 0 to 4<\/td>\n<td style=\"width: 16.4145%;\">Free<\/td>\n<\/tr>\n<tr>\n<td style=\"width: 21.5061%;\">Kids &#8211; age 5 to 15<\/td>\n<td style=\"width: 16.4145%;\">CHF 8.00<\/td>\n<\/tr>\n<tr>\n<td style=\"width: 21.5061%;\">Kids &#8211; age 16 and up<\/td>\n<td style=\"width: 16.4145%;\">CHF 16.00<\/td>\n<\/tr>\n<\/tbody>\n<\/table>\n<p>&nbsp;<\/p>\n<p>Breakfast hours :<\/p>\n<p>Monday to Friday, 6:30 a.m. \u2013 9:30 a.m.<br \/>\nSaturday \u2013 Sunday : 6:30 a.m. \u2013 10:00 a.m.<\/p>\n","protected":false},"excerpt":{"rendered":"<p>Only the bare essentials, for a restful sleep Each room is arranged with harmony and sobriety. The energies that circulate there contribute to your revitalisation. Here, we offer you a &#8220;no-frills&#8221; accommodation. If we have chosen rooms without TV, the free WiFi connection will allow you to fully enjoy your personal devices. Or you could [&hellip;]<\/p>\n","protected":false},"author":1,"featured_media":0,"parent":0,"menu_order":22,"comment_status":"closed","ping_status":"closed","template":"template-hebergement.php","meta":{"_acf_changed":false,"_exactmetrics_skip_tracking":false,"_exactmetrics_sitenote_active":false,"_exactmetrics_sitenote_note":"","_exactmetrics_sitenote_category":0,"footnotes":""},"class_list":["post-540","page","type-page","status-publish","hentry"],"acf":[],"yoast_head":"<!-- This site is optimized with the Yoast SEO plugin v27.4 - https:\/\/yoast.com\/product\/yoast-seo-wordpress\/ -->\n<title>H\u00e9bergement : Chambres Feng-Shui | L&#039;essentiel pour un repos r\u00e9parateur<\/title>\n<meta name=\"description\" content=\"La force de l&#039;hamonie: un h\u00e9bergement qui r\u00e9pond \u00e0 vos besoins. 44 chambres calmes et ressour\u00e7antes, am\u00e9nag\u00e9es selon les principes du Feng-Shui.\" \/>\n<meta name=\"robots\" content=\"index, follow, max-snippet:-1, max-image-preview:large, max-video-preview:-1\" \/>\n<meta property=\"og:locale\" content=\"en_US\" \/>\n<meta property=\"og:type\" content=\"article\" \/>\n<meta property=\"og:title\" content=\"H\u00e9bergement : Chambres Feng-Shui | L&#039;essentiel pour un repos r\u00e9parateur\" \/>\n<meta property=\"og:description\" content=\"La force de l&#039;hamonie: un h\u00e9bergement qui r\u00e9pond \u00e0 vos besoins. 44 chambres calmes et ressour\u00e7antes, am\u00e9nag\u00e9es selon les principes du Feng-Shui.\" \/>\n<meta property=\"og:url\" content=\"https:\/\/www.domaine-ndr.ch\/en\/accomodation\/\" \/>\n<meta property=\"og:site_name\" content=\"Notre dame de la route\" \/>\n<meta property=\"article:publisher\" content=\"https:\/\/www.facebook.com\/DomaineNDR\/\" \/>\n<meta property=\"article:modified_time\" content=\"2026-01-28T11:58:43+00:00\" \/>\n<meta property=\"og:image\" content=\"https:\/\/www.domaine-ndr.ch\/wp-content\/uploads\/DSC4008-1-770x545.jpg\" \/>\n\t<meta property=\"og:image:width\" content=\"770\" \/>\n\t<meta property=\"og:image:height\" content=\"545\" \/>\n\t<meta property=\"og:image:type\" content=\"image\/jpeg\" \/>\n<meta name=\"twitter:card\" content=\"summary_large_image\" \/>\n<meta name=\"twitter:label1\" content=\"Est. reading time\" \/>\n\t<meta name=\"twitter:data1\" content=\"2 minutes\" \/>\n<!-- \/ Yoast SEO plugin. -->","yoast_head_json":{"title":"H\u00e9bergement : Chambres Feng-Shui | L'essentiel pour un repos r\u00e9parateur","description":"La force de l'hamonie: un h\u00e9bergement qui r\u00e9pond \u00e0 vos besoins. 44 chambres calmes et ressour\u00e7antes, am\u00e9nag\u00e9es selon les principes du Feng-Shui.","robots":{"index":"index","follow":"follow","max-snippet":"max-snippet:-1","max-image-preview":"max-image-preview:large","max-video-preview":"max-video-preview:-1"},"og_locale":"en_US","og_type":"article","og_title":"H\u00e9bergement : Chambres Feng-Shui | L'essentiel pour un repos r\u00e9parateur","og_description":"La force de l'hamonie: un h\u00e9bergement qui r\u00e9pond \u00e0 vos besoins. 44 chambres calmes et ressour\u00e7antes, am\u00e9nag\u00e9es selon les principes du Feng-Shui.","og_url":"https:\/\/www.domaine-ndr.ch\/en\/accomodation\/","og_site_name":"Notre dame de la route","article_publisher":"https:\/\/www.facebook.com\/DomaineNDR\/","article_modified_time":"2026-01-28T11:58:43+00:00","og_image":[{"width":770,"height":545,"url":"https:\/\/www.domaine-ndr.ch\/wp-content\/uploads\/DSC4008-1-770x545.jpg","type":"image\/jpeg"}],"twitter_card":"summary_large_image","twitter_misc":{"Est. reading time":"2 minutes"},"schema":{"@context":"https:\/\/schema.org","@graph":[{"@type":"WebPage","@id":"https:\/\/www.domaine-ndr.ch\/en\/accomodation\/","url":"https:\/\/www.domaine-ndr.ch\/en\/accomodation\/","name":"H\u00e9bergement : Chambres Feng-Shui | L'essentiel pour un repos r\u00e9parateur","isPartOf":{"@id":"https:\/\/www.domaine-ndr.ch\/en\/#website"},"datePublished":"2016-07-28T12:32:12+00:00","dateModified":"2026-01-28T11:58:43+00:00","description":"La force de l'hamonie: un h\u00e9bergement qui r\u00e9pond \u00e0 vos besoins. 44 chambres calmes et ressour\u00e7antes, am\u00e9nag\u00e9es selon les principes du Feng-Shui.","breadcrumb":{"@id":"https:\/\/www.domaine-ndr.ch\/en\/accomodation\/#breadcrumb"},"inLanguage":"en-US","potentialAction":[{"@type":"ReadAction","target":["https:\/\/www.domaine-ndr.ch\/en\/accomodation\/"]}]},{"@type":"BreadcrumbList","@id":"https:\/\/www.domaine-ndr.ch\/en\/accomodation\/#breadcrumb","itemListElement":[{"@type":"ListItem","position":1,"name":"Home","item":"https:\/\/www.domaine-ndr.ch\/en\/"},{"@type":"ListItem","position":2,"name":"Accomodation"}]},{"@type":"WebSite","@id":"https:\/\/www.domaine-ndr.ch\/en\/#website","url":"https:\/\/www.domaine-ndr.ch\/en\/","name":"Notre dame de la route","description":"","potentialAction":[{"@type":"SearchAction","target":{"@type":"EntryPoint","urlTemplate":"https:\/\/www.domaine-ndr.ch\/en\/?s={search_term_string}"},"query-input":{"@type":"PropertyValueSpecification","valueRequired":true,"valueName":"search_term_string"}}],"inLanguage":"en-US"}]}},"_links":{"self":[{"href":"https:\/\/www.domaine-ndr.ch\/en\/wp-json\/wp\/v2\/pages\/540","targetHints":{"allow":["GET"]}}],"collection":[{"href":"https:\/\/www.domaine-ndr.ch\/en\/wp-json\/wp\/v2\/pages"}],"about":[{"href":"https:\/\/www.domaine-ndr.ch\/en\/wp-json\/wp\/v2\/types\/page"}],"author":[{"embeddable":true,"href":"https:\/\/www.domaine-ndr.ch\/en\/wp-json\/wp\/v2\/users\/1"}],"replies":[{"embeddable":true,"href":"https:\/\/www.domaine-ndr.ch\/en\/wp-json\/wp\/v2\/comments?post=540"}],"version-history":[{"count":27,"href":"https:\/\/www.domaine-ndr.ch\/en\/wp-json\/wp\/v2\/pages\/540\/revisions"}],"predecessor-version":[{"id":10112,"href":"https:\/\/www.domaine-ndr.ch\/en\/wp-json\/wp\/v2\/pages\/540\/revisions\/10112"}],"wp:attachment":[{"href":"https:\/\/www.domaine-ndr.ch\/en\/wp-json\/wp\/v2\/media?parent=540"}],"curies":[{"name":"wp","href":"https:\/\/api.w.org\/{rel}","templated":true}]}}