{"id":538,"date":"2016-07-28T14:32:23","date_gmt":"2016-07-28T12:32:23","guid":{"rendered":"http:\/\/www.domaine-ndr.ch\/en\/seminaires\/"},"modified":"2024-09-19T09:18:08","modified_gmt":"2024-09-19T07:18:08","slug":"seminar-meetings","status":"publish","type":"page","link":"https:\/\/www.domaine-ndr.ch\/en\/seminar-meetings\/","title":{"rendered":"Seminar &#038; meetings"},"content":{"rendered":"<h3><em>Each group has its own atmosphere.<br \/>\n<\/em><em>Every meeting has its own purpose.<br \/>\n<\/em><em>Each person has his or her own energy.<\/em><\/h3>\n<p><span lang=\"EN-GB\">Are you looking for a room to rent in Fribourg<\/span> ? <span lang=\"EN-GB\">\u00a0All our rooms are modular according to your needs, so that you can achieve your objectives in serenity and sharing. <\/span><\/p>\n<p>Our team is at your service to organise your sessions, seminars, training and events in the best conditions<\/p>\n<p class=\"p1\"><strong>Access to our parking space<\/strong><\/p>\n<p class=\"p1\">To accommodate our clients, we have an open free of charge parking space. However, it only has a small number of spaces available. For this reason, we kindly ask you to prioritize the public transports or to park your car in the <em>Nuithonie<\/em> parking lot which isn\u2019t far away from our establishment.<span class=\"Apple-converted-space\">\u00a0<\/span><\/p>\n<p class=\"p1\">Please consult our annexed <a href=\"https:\/\/www.domaine-ndr.ch\/wp-content\/uploads\/plans_acces.pdf\">access plan<\/a> to the Domain which will provide you with all the needed details whenever you decide to use public transport or a car.<span class=\"Apple-converted-space\">\u00a0<\/span><\/p>\n","protected":false},"excerpt":{"rendered":"<p>Each group has its own atmosphere. Every meeting has its own purpose. Each person has his or her own energy. Are you looking for a room to rent in Fribourg ? \u00a0All our rooms are modular according to your needs, so that you can achieve your objectives in serenity and sharing. Our team is at [&hellip;]<\/p>\n","protected":false},"author":1,"featured_media":0,"parent":0,"menu_order":23,"comment_status":"closed","ping_status":"closed","template":"template-hebergement.php","meta":{"_acf_changed":false,"_exactmetrics_skip_tracking":false,"_exactmetrics_sitenote_active":false,"_exactmetrics_sitenote_note":"","_exactmetrics_sitenote_category":0,"footnotes":""},"class_list":["post-538","page","type-page","status-publish","hentry"],"acf":[],"yoast_head":"<!-- This site is optimized with the Yoast SEO plugin v27.3 - https:\/\/yoast.com\/product\/yoast-seo-wordpress\/ -->\n<title>Salles de s\u00e9minaires \u00e0 louer Fribourg | Jusqu&#039;\u00e0 150 pers. | Domaine NDR<\/title>\n<meta name=\"description\" content=\"Vous souhaitez louer une salle pour un s\u00e9minaire d&#039;entreprise ou un \u00e9v\u00e9nement priv\u00e9 ? Nos 8 salles \u00e9quip\u00e9es et modulables accueillent jusqu&#039;\u00e0 150 pers.\" \/>\n<meta name=\"robots\" content=\"index, follow, max-snippet:-1, max-image-preview:large, max-video-preview:-1\" \/>\n<meta property=\"og:locale\" content=\"en_US\" \/>\n<meta property=\"og:type\" content=\"article\" \/>\n<meta property=\"og:title\" content=\"Salles de s\u00e9minaires \u00e0 louer Fribourg | Jusqu&#039;\u00e0 150 pers. | Domaine NDR\" \/>\n<meta property=\"og:description\" content=\"Vous souhaitez louer une salle pour un s\u00e9minaire d&#039;entreprise ou un \u00e9v\u00e9nement priv\u00e9 ? Nos 8 salles \u00e9quip\u00e9es et modulables accueillent jusqu&#039;\u00e0 150 pers.\" \/>\n<meta property=\"og:url\" content=\"https:\/\/www.domaine-ndr.ch\/en\/seminar-meetings\/\" \/>\n<meta property=\"og:site_name\" content=\"Notre dame de la route\" \/>\n<meta property=\"article:publisher\" content=\"https:\/\/www.facebook.com\/DomaineNDR\/\" \/>\n<meta property=\"article:modified_time\" content=\"2024-09-19T07:18:08+00:00\" \/>\n<meta property=\"og:image\" content=\"https:\/\/www.domaine-ndr.ch\/wp-content\/uploads\/DSC4008-1-770x545.jpg\" \/>\n\t<meta property=\"og:image:width\" content=\"770\" \/>\n\t<meta property=\"og:image:height\" content=\"545\" \/>\n\t<meta property=\"og:image:type\" content=\"image\/jpeg\" \/>\n<meta name=\"twitter:card\" content=\"summary_large_image\" \/>\n<meta name=\"twitter:label1\" content=\"Est. reading time\" \/>\n\t<meta name=\"twitter:data1\" content=\"1 minute\" \/>\n<!-- \/ Yoast SEO plugin. -->","yoast_head_json":{"title":"Salles de s\u00e9minaires \u00e0 louer Fribourg | Jusqu'\u00e0 150 pers. | Domaine NDR","description":"Vous souhaitez louer une salle pour un s\u00e9minaire d'entreprise ou un \u00e9v\u00e9nement priv\u00e9 ? Nos 8 salles \u00e9quip\u00e9es et modulables accueillent jusqu'\u00e0 150 pers.","robots":{"index":"index","follow":"follow","max-snippet":"max-snippet:-1","max-image-preview":"max-image-preview:large","max-video-preview":"max-video-preview:-1"},"og_locale":"en_US","og_type":"article","og_title":"Salles de s\u00e9minaires \u00e0 louer Fribourg | Jusqu'\u00e0 150 pers. | Domaine NDR","og_description":"Vous souhaitez louer une salle pour un s\u00e9minaire d'entreprise ou un \u00e9v\u00e9nement priv\u00e9 ? Nos 8 salles \u00e9quip\u00e9es et modulables accueillent jusqu'\u00e0 150 pers.","og_url":"https:\/\/www.domaine-ndr.ch\/en\/seminar-meetings\/","og_site_name":"Notre dame de la route","article_publisher":"https:\/\/www.facebook.com\/DomaineNDR\/","article_modified_time":"2024-09-19T07:18:08+00:00","og_image":[{"width":770,"height":545,"url":"https:\/\/www.domaine-ndr.ch\/wp-content\/uploads\/DSC4008-1-770x545.jpg","type":"image\/jpeg"}],"twitter_card":"summary_large_image","twitter_misc":{"Est. reading time":"1 minute"},"schema":{"@context":"https:\/\/schema.org","@graph":[{"@type":"WebPage","@id":"https:\/\/www.domaine-ndr.ch\/en\/seminar-meetings\/","url":"https:\/\/www.domaine-ndr.ch\/en\/seminar-meetings\/","name":"Salles de s\u00e9minaires \u00e0 louer Fribourg | Jusqu'\u00e0 150 pers. | Domaine NDR","isPartOf":{"@id":"https:\/\/www.domaine-ndr.ch\/en\/#website"},"datePublished":"2016-07-28T12:32:23+00:00","dateModified":"2024-09-19T07:18:08+00:00","description":"Vous souhaitez louer une salle pour un s\u00e9minaire d'entreprise ou un \u00e9v\u00e9nement priv\u00e9 ? Nos 8 salles \u00e9quip\u00e9es et modulables accueillent jusqu'\u00e0 150 pers.","breadcrumb":{"@id":"https:\/\/www.domaine-ndr.ch\/en\/seminar-meetings\/#breadcrumb"},"inLanguage":"en-US","potentialAction":[{"@type":"ReadAction","target":["https:\/\/www.domaine-ndr.ch\/en\/seminar-meetings\/"]}]},{"@type":"BreadcrumbList","@id":"https:\/\/www.domaine-ndr.ch\/en\/seminar-meetings\/#breadcrumb","itemListElement":[{"@type":"ListItem","position":1,"name":"Home","item":"https:\/\/www.domaine-ndr.ch\/en\/"},{"@type":"ListItem","position":2,"name":"Seminar &#038; meetings"}]},{"@type":"WebSite","@id":"https:\/\/www.domaine-ndr.ch\/en\/#website","url":"https:\/\/www.domaine-ndr.ch\/en\/","name":"Notre dame de la route","description":"","potentialAction":[{"@type":"SearchAction","target":{"@type":"EntryPoint","urlTemplate":"https:\/\/www.domaine-ndr.ch\/en\/?s={search_term_string}"},"query-input":{"@type":"PropertyValueSpecification","valueRequired":true,"valueName":"search_term_string"}}],"inLanguage":"en-US"}]}},"_links":{"self":[{"href":"https:\/\/www.domaine-ndr.ch\/en\/wp-json\/wp\/v2\/pages\/538","targetHints":{"allow":["GET"]}}],"collection":[{"href":"https:\/\/www.domaine-ndr.ch\/en\/wp-json\/wp\/v2\/pages"}],"about":[{"href":"https:\/\/www.domaine-ndr.ch\/en\/wp-json\/wp\/v2\/types\/page"}],"author":[{"embeddable":true,"href":"https:\/\/www.domaine-ndr.ch\/en\/wp-json\/wp\/v2\/users\/1"}],"replies":[{"embeddable":true,"href":"https:\/\/www.domaine-ndr.ch\/en\/wp-json\/wp\/v2\/comments?post=538"}],"version-history":[{"count":19,"href":"https:\/\/www.domaine-ndr.ch\/en\/wp-json\/wp\/v2\/pages\/538\/revisions"}],"predecessor-version":[{"id":8524,"href":"https:\/\/www.domaine-ndr.ch\/en\/wp-json\/wp\/v2\/pages\/538\/revisions\/8524"}],"wp:attachment":[{"href":"https:\/\/www.domaine-ndr.ch\/en\/wp-json\/wp\/v2\/media?parent=538"}],"curies":[{"name":"wp","href":"https:\/\/api.w.org\/{rel}","templated":true}]}}