{"id":508,"date":"2016-07-28T15:30:54","date_gmt":"2016-07-28T13:30:54","guid":{"rendered":"http:\/\/www.domaine-ndr.ch\/en\/salles\/"},"modified":"2025-01-09T14:21:49","modified_gmt":"2025-01-09T13:21:49","slug":"seminar-rooms","status":"publish","type":"page","link":"https:\/\/www.domaine-ndr.ch\/en\/seminar-meetings\/seminar-rooms\/","title":{"rendered":"Seminar rooms"},"content":{"rendered":"<h3 style=\"text-align: left;\"><em>Our 8 seminar rooms are all fully equipped and modular and can accommodate up to 120 people.<\/em><\/h3>\n<p><strong>Pedro Arrupe<br \/>\n<\/strong>This small meeting room is located on the ground floor, heading southwest, and is ideal for mediation seminars or small sessions followed by a quiet meal.<\/p>\n<table style=\"height: 641px; width: 100%; border-collapse: collapse; border-style: dashed; border-color: #e6dabe;\">\n<tbody>\n<tr style=\"height: 569px;\">\n<td style=\"width: 50%; height: 569px;\" colspan=\"2\"><img loading=\"lazy\" decoding=\"async\" class=\"aligncenter size-large wp-image-8515\" src=\"https:\/\/www.domaine-ndr.ch\/wp-content\/uploads\/DOMAINE-NOTRE-DAME-AOUT-2024-IGOR-LASKI-FULL-HD-sRVB-53-770x545.jpg\" alt=\"\" width=\"770\" height=\"545\" \/><span lang=\"EN-GB\"><br \/>\n<\/span><\/td>\n<\/tr>\n<tr style=\"height: 24px;\">\n<td style=\"width: 50%; height: 24px;\"><strong><span lang=\"EN-GB\">\u00a0S<\/span><span lang=\"EN-GB\">ize<\/span><span lang=\"EN-GB\"> of the room<\/span><\/strong><\/td>\n<td style=\"width: 50%; height: 24px;\">32m<sup>2\u00a0<\/sup><\/td>\n<\/tr>\n<tr style=\"height: 24px;\">\n<td style=\"width: 50%; height: 24px;\"><strong><span lang=\"EN-GB\">\u00a0Location<\/span><\/strong><\/td>\n<td style=\"width: 50%; height: 24px;\"><span lang=\"EN-GB\">Lower ground floor<\/span><\/td>\n<\/tr>\n<tr style=\"height: 24px;\">\n<td style=\"width: 50%; height: 24px;\"><strong><em>\u00a0Capacity<\/em><\/strong><\/td>\n<td style=\"width: 50%; height: 24px;\">From 2 to 8 people<\/td>\n<\/tr>\n<\/tbody>\n<\/table>\n<p>&nbsp;<\/p>\n<p><strong>Domenico Zipoli<br \/>\n<\/strong>This magnificent seminar room is located inside the courtyard on the upper ground floor, it is perfect for classic sessions and seminars.<\/p>\n<table style=\"height: 194px; width: 100%; border-collapse: collapse; border-color: #e6dabe; border-style: dashed;\">\n<tbody>\n<tr>\n<td style=\"width: 50%;\" colspan=\"2\"><img loading=\"lazy\" decoding=\"async\" class=\"aligncenter size-large wp-image-8500\" src=\"https:\/\/www.domaine-ndr.ch\/wp-content\/uploads\/DOMAINE-NOTRE-DAME-AOUT-2024-IGOR-LASKI-FULL-HD-sRVB-24-1-770x545.jpg\" alt=\"\" width=\"770\" height=\"545\" \/><span lang=\"EN-GB\"><br \/>\n<\/span><\/td>\n<\/tr>\n<tr style=\"height: 26px;\">\n<td style=\"width: 50%; height: 26px;\"><strong><span lang=\"EN-GB\">\u00a0Size of the room<\/span><\/strong><\/td>\n<td style=\"width: 50%; height: 26px;\">40m<sup>2<\/sup><\/td>\n<\/tr>\n<tr style=\"height: 24px;\">\n<td style=\"width: 50%; height: 24px;\"><strong><span lang=\"EN-GB\">\u00a0Location<\/span><\/strong><\/td>\n<td style=\"width: 50%; height: 24px;\"><span style=\"font-family: inherit; font-size: inherit;\">Upper ground floor<\/span><\/td>\n<\/tr>\n<tr>\n<td style=\"width: 50%;\"><strong><span lang=\"EN-GB\">\u00a0Capacity<\/span><\/strong><\/td>\n<td style=\"width: 50%;\"><span style=\"font-family: inherit; font-size: inherit;\">From 2 to 14 people<\/span><\/td>\n<\/tr>\n<\/tbody>\n<\/table>\n<p>&nbsp;<\/p>\n<p><strong>Matteo Ricci<br \/>\n<\/strong>The small Ricci room is located on the upper ground floor, it is ideal for seminars and sessions in a familiar setting.<\/p>\n<table style=\"width: 100%; border-collapse: collapse; border-color: #e6dabe; border-style: dashed;\">\n<tbody>\n<tr>\n<td style=\"width: 50%;\" colspan=\"2\"><img loading=\"lazy\" decoding=\"async\" class=\"aligncenter size-large wp-image-8494\" src=\"https:\/\/www.domaine-ndr.ch\/wp-content\/uploads\/DOMAINE-NOTRE-DAME-AOUT-2024-IGOR-LASKI-FULL-HD-sRVB-18-770x545.jpg\" alt=\"\" width=\"770\" height=\"545\" \/><span lang=\"EN-GB\"><br \/>\n<\/span><\/td>\n<\/tr>\n<tr>\n<td style=\"width: 50%;\"><strong><span lang=\"EN-GB\">\u00a0Size of the room<\/span><\/strong><\/td>\n<td style=\"width: 50%;\">22m<sup>2<\/sup><\/td>\n<\/tr>\n<tr>\n<td style=\"width: 50%;\"><strong><span lang=\"EN-GB\">\u00a0Location<\/span><\/strong><\/td>\n<td style=\"width: 50%;\"><span lang=\"EN-GB\">Upper ground floor<\/span><\/td>\n<\/tr>\n<tr>\n<td style=\"width: 50%;\"><strong><span lang=\"EN-GB\">\u00a0Capacity<\/span><\/strong><\/td>\n<td style=\"width: 50%;\"><span lang=\"EN-GB\">From 2 to 4 people<\/span><\/td>\n<\/tr>\n<\/tbody>\n<\/table>\n<p><strong>Le Partage (The sharing)<\/strong><br \/>\nThis large room was once the site&#8217;s refectory. Today, although it can still accommodate groups for meals, it is mainly used as a seminar room. With its uninterrupted view over the garden and the Pre-Alps, the Salle du Partage (The sharing room) is extremely bright.<\/p>\n<table style=\"width: 100%; border-collapse: collapse; border-color: #e6dabe; border-style: dashed; height: 763px;\">\n<tbody>\n<tr style=\"height: 545px;\">\n<td style=\"width: 50%; height: 545px;\" colspan=\"2\"><img loading=\"lazy\" decoding=\"async\" class=\"aligncenter size-large wp-image-8490\" src=\"https:\/\/www.domaine-ndr.ch\/wp-content\/uploads\/DOMAINE-NOTRE-DAME-AOUT-2024-IGOR-LASKI-FULL-HD-sRVB-9-770x545.jpg\" alt=\"\" width=\"770\" height=\"545\" \/><\/td>\n<\/tr>\n<tr style=\"height: 26px;\">\n<td style=\"width: 50%; height: 26px;\"><strong>\u00a0Size of the room<\/strong><\/td>\n<td style=\"width: 50%; height: 26px;\">80m<sup>2<\/sup><\/td>\n<\/tr>\n<tr style=\"height: 24px;\">\n<td style=\"width: 50%; height: 24px;\"><strong>\u00a0Location<\/strong><\/td>\n<td style=\"width: 50%; height: 24px;\"><span lang=\"EN-GB\">Upper ground floor<\/span><\/td>\n<\/tr>\n<tr style=\"height: 24px;\">\n<td style=\"width: 50%; height: 24px;\"><strong>\u00a0Capacity<\/strong><\/td>\n<td style=\"width: 50%; height: 24px;\">From 2 to 60 people<\/td>\n<\/tr>\n<\/tbody>\n<\/table>\n<p>&nbsp;<\/p>\n<p><strong>Teilhard de Chardin<br \/>\n<\/strong>The large Teilhard room is located on the first floor in a north-west direction, so it is very bright. Very practical for sessions of up to 30 people.<\/p>\n<table style=\"width: 100%; border-collapse: collapse; border-color: #e6dabe; border-style: dashed; height: 648px;\">\n<tbody>\n<tr style=\"height: 569px;\">\n<td style=\"width: 50%; height: 569px;\" colspan=\"2\"><img loading=\"lazy\" decoding=\"async\" class=\"aligncenter size-large wp-image-6020\" src=\"https:\/\/www.domaine-ndr.ch\/wp-content\/uploads\/B3_1171-770x545.jpg\" alt=\"\" width=\"770\" height=\"545\" \/><span lang=\"EN-GB\"><br \/>\n<\/span><\/td>\n<\/tr>\n<tr style=\"height: 26px;\">\n<td style=\"width: 50%; height: 26px;\"><strong><span lang=\"EN-GB\">\u00a0Size of the room<\/span><\/strong><\/td>\n<td style=\"width: 50%; height: 26px;\">77m<sup>2<\/sup><\/td>\n<\/tr>\n<tr style=\"height: 26px;\">\n<td style=\"width: 50%; height: 26px;\"><strong><span lang=\"EN-GB\">\u00a0Location<\/span><\/strong><\/td>\n<td style=\"width: 50%; height: 26px;\"><span style=\"font-family: inherit; font-size: inherit;\">1<\/span><sup style=\"font-family: inherit;\">st\u00a0<\/sup><span style=\"font-family: inherit; font-size: inherit;\">floor<\/span><\/td>\n<\/tr>\n<tr style=\"height: 27px;\">\n<td style=\"width: 50%; height: 27px;\"><strong><span lang=\"EN-GB\">\u00a0Capacity<\/span><\/strong><\/td>\n<td style=\"width: 50%; height: 27px;\"><span style=\"font-family: inherit; font-size: inherit;\">From 2 to 30 people<\/span><\/td>\n<\/tr>\n<\/tbody>\n<\/table>\n<p>&nbsp;<\/p>\n<p><strong>Pierre Canisius<br \/>\n<\/strong>Canisius room, the largest room in the Domaine, is located on the first floor of the main building. Very bright with a superb view of the Fribourg Alps, it is modular and the surface can be doubled for large sessions of all types. A jewel for seminars, congresses and even banquets in a spirit of well-being. The room faces South.<\/p>\n<table style=\"height: 645px; width: 100%; border-collapse: collapse; border-color: #e6dabe; border-style: dashed;\">\n<tbody>\n<tr style=\"height: 545px;\">\n<td style=\"width: 33.33%; height: 545px;\" colspan=\"2\"><span style=\"font-family: inherit; font-size: inherit;\"><img loading=\"lazy\" decoding=\"async\" class=\"aligncenter size-large wp-image-8559\" src=\"https:\/\/www.domaine-ndr.ch\/wp-content\/uploads\/DOMAINE-NOTRE-DAME-AOUT-2024-IGOR-LASKI-WEB-HD-sRVB-71-770x545.jpg\" alt=\"\" width=\"770\" height=\"545\" \/><\/span><\/td>\n<\/tr>\n<tr style=\"height: 26px;\">\n<td style=\"width: 33.33%; height: 26px;\"><strong><span lang=\"EN-GB\">\u00a0Size of the room<\/span><\/strong><\/td>\n<td style=\"width: 33.33%; height: 26px;\"><span style=\"font-family: inherit; font-size: inherit;\">81m2 + 84 m2 in total 165m2<\/span><\/td>\n<\/tr>\n<tr style=\"height: 26px;\">\n<td style=\"width: 33.33%; height: 26px;\"><strong><span lang=\"EN-GB\">\u00a0Location<\/span><\/strong><\/td>\n<td style=\"width: 33.33%; height: 26px;\"><span style=\"font-family: inherit; font-size: inherit;\">1<\/span><sup style=\"font-family: inherit;\">st\u00a0<\/sup><span style=\"font-family: inherit; font-size: inherit;\">floor<\/span><\/td>\n<\/tr>\n<tr style=\"height: 24px;\">\n<td style=\"width: 33.33%; height: 24px;\"><strong><span lang=\"EN-GB\">\u00a0Capacity (open)<\/span><\/strong><\/td>\n<td style=\"width: 33.33%; height: 24px;\"><span style=\"font-family: inherit; font-size: inherit;\">From 2 to 120 people<\/span><\/td>\n<\/tr>\n<tr style=\"height: 24px;\">\n<td style=\"width: 33.33%; height: 24px;\"><strong><span lang=\"EN-GB\">\u00a0Capacity (closed)<\/span><\/strong><\/td>\n<td style=\"width: 33.33%; height: 24px;\"><span style=\"font-family: inherit; font-size: inherit;\">From 2 to 60 people<\/span><\/td>\n<\/tr>\n<\/tbody>\n<\/table>\n<p>&nbsp;<\/p>\n<p><strong>Ignace de Loyola<br \/>\n<\/strong>The Loyola room is different,\u00a0 adorned with stained glass windows located on the second floor of the Domaine. Very practical for sessions of up to 20 people.<\/p>\n<table style=\"width: 100%; border-collapse: collapse; border-color: #e6dabe; border-style: dashed;\">\n<tbody>\n<tr>\n<td style=\"width: 50%;\" colspan=\"2\"><img loading=\"lazy\" decoding=\"async\" class=\"aligncenter size-large wp-image-8518\" src=\"https:\/\/www.domaine-ndr.ch\/wp-content\/uploads\/DOMAINE-NOTRE-DAME-AOUT-2024-IGOR-LASKI-FULL-HD-sRVB-61-770x545.jpg\" alt=\"\" width=\"770\" height=\"545\" \/><span lang=\"EN-GB\"><br \/>\n<\/span><\/td>\n<\/tr>\n<tr>\n<td style=\"width: 50%;\"><strong><span lang=\"EN-GB\">\u00a0Size of the room<\/span><\/strong><\/td>\n<td style=\"width: 50%;\">47m<sup>2<\/sup><\/td>\n<\/tr>\n<tr>\n<td style=\"width: 50%;\"><strong><span lang=\"EN-GB\">\u00a0Location<\/span><\/strong><\/td>\n<td style=\"width: 50%;\"><span lang=\"EN-GB\">2<sup>nd\u00a0<\/sup>floor<\/span><\/td>\n<\/tr>\n<tr>\n<td style=\"width: 50%;\"><strong><span lang=\"EN-GB\">\u00a0Capacity<\/span><\/strong><\/td>\n<td style=\"width: 50%;\"><span lang=\"EN-GB\">From 2 to 14 people<\/span><\/td>\n<\/tr>\n<\/tbody>\n<\/table>\n<p>&nbsp;<\/p>\n<p><strong>Le Pavillon Pierre Favre<br \/>\n<\/strong>The Pavillon is a rather special seminar room. It is located in the park of the Domaine, near the vegetable garden. This room is ideal for seminars requiring a lot of calm and concentration or as a classroom for physical or artistic expression activities.<\/p>\n<table style=\"width: 100%; border-collapse: collapse; border-style: dashed; border-color: #e6dabe;\">\n<tbody>\n<tr>\n<td style=\"width: 50%;\"><span lang=\"EN-GB\"><img loading=\"lazy\" decoding=\"async\" class=\"aligncenter size-large wp-image-8509\" src=\"https:\/\/www.domaine-ndr.ch\/wp-content\/uploads\/DOMAINE-NOTRE-DAME-AOUT-2024-IGOR-LASKI-FULL-HD-sRVB-38-770x545.jpg\" alt=\"\" width=\"770\" height=\"545\" \/><\/span><\/td>\n<td style=\"width: 50%;\"><img loading=\"lazy\" decoding=\"async\" class=\"aligncenter size-large wp-image-8512\" src=\"https:\/\/www.domaine-ndr.ch\/wp-content\/uploads\/DOMAINE-NOTRE-DAME-AOUT-2024-IGOR-LASKI-FULL-HD-sRVB-46-770x545.jpg\" alt=\"\" width=\"770\" height=\"545\" \/><\/td>\n<\/tr>\n<tr>\n<td style=\"width: 50%;\"><strong><span lang=\"EN-GB\">\u00a0Size of the room<\/span><\/strong><\/td>\n<td style=\"width: 50%;\">63 m2<\/td>\n<\/tr>\n<tr>\n<td style=\"width: 50%;\"><strong><span lang=\"EN-GB\">\u00a0Location<\/span><\/strong><\/td>\n<td style=\"width: 50%;\"><span lang=\"EN-GB\">Park of the Domaine<\/span><\/td>\n<\/tr>\n<\/tbody>\n<\/table>\n<h3><\/h3>\n<p>&nbsp;<\/p>\n","protected":false},"excerpt":{"rendered":"<p>Our 8 seminar rooms are all fully equipped and modular and can accommodate up to 120 people. Pedro Arrupe This small meeting room is located on the ground floor, heading southwest, and is ideal for mediation seminars or small sessions followed by a quiet meal. \u00a0Size of the room 32m2\u00a0 \u00a0Location Lower ground floor \u00a0Capacity [&hellip;]<\/p>\n","protected":false},"author":1,"featured_media":0,"parent":538,"menu_order":8,"comment_status":"closed","ping_status":"closed","template":"","meta":{"_acf_changed":false,"_exactmetrics_skip_tracking":false,"_exactmetrics_sitenote_active":false,"_exactmetrics_sitenote_note":"","_exactmetrics_sitenote_category":0,"footnotes":""},"class_list":["post-508","page","type-page","status-publish","hentry"],"acf":[],"yoast_head":"<!-- This site is optimized with the Yoast SEO plugin v27.3 - https:\/\/yoast.com\/product\/yoast-seo-wordpress\/ -->\n<title>Salles de s\u00e9minaire | modulables et enti\u00e8rement \u00e9quip\u00e9es | Domaine NDR<\/title>\n<meta name=\"description\" content=\"Des salles de s\u00e9minaire pas comme les autres: 8 salles modulables et enti\u00e8rement \u00e9quip\u00e9es pour vos s\u00e9minaires d&#039;entreprise ou vos \u00e9v\u00e9nments priv\u00e9s.\" \/>\n<meta name=\"robots\" content=\"index, follow, max-snippet:-1, max-image-preview:large, max-video-preview:-1\" \/>\n<meta property=\"og:locale\" content=\"en_US\" \/>\n<meta property=\"og:type\" content=\"article\" \/>\n<meta property=\"og:title\" content=\"Salles de s\u00e9minaire | modulables et enti\u00e8rement \u00e9quip\u00e9es | Domaine NDR\" \/>\n<meta property=\"og:description\" content=\"Des salles de s\u00e9minaire pas comme les autres: 8 salles modulables et enti\u00e8rement \u00e9quip\u00e9es pour vos s\u00e9minaires d&#039;entreprise ou vos \u00e9v\u00e9nments priv\u00e9s.\" \/>\n<meta property=\"og:url\" content=\"https:\/\/www.domaine-ndr.ch\/en\/seminar-meetings\/seminar-rooms\/\" \/>\n<meta property=\"og:site_name\" content=\"Notre dame de la route\" \/>\n<meta property=\"article:publisher\" content=\"https:\/\/www.facebook.com\/DomaineNDR\/\" \/>\n<meta property=\"article:modified_time\" content=\"2025-01-09T13:21:49+00:00\" \/>\n<meta property=\"og:image\" content=\"https:\/\/www.domaine-ndr.ch\/wp-content\/uploads\/DOMAINE-NOTRE-DAME-AOUT-2024-IGOR-LASKI-FULL-HD-sRVB-53-2500x1500.jpg\" \/>\n\t<meta property=\"og:image:width\" content=\"2560\" \/>\n\t<meta property=\"og:image:height\" content=\"1707\" \/>\n\t<meta property=\"og:image:type\" content=\"image\/jpeg\" \/>\n<meta name=\"twitter:card\" content=\"summary_large_image\" \/>\n<meta name=\"twitter:label1\" content=\"Est. reading time\" \/>\n\t<meta name=\"twitter:data1\" content=\"5 minutes\" \/>\n<!-- \/ Yoast SEO plugin. -->","yoast_head_json":{"title":"Salles de s\u00e9minaire | modulables et enti\u00e8rement \u00e9quip\u00e9es | Domaine NDR","description":"Des salles de s\u00e9minaire pas comme les autres: 8 salles modulables et enti\u00e8rement \u00e9quip\u00e9es pour vos s\u00e9minaires d'entreprise ou vos \u00e9v\u00e9nments priv\u00e9s.","robots":{"index":"index","follow":"follow","max-snippet":"max-snippet:-1","max-image-preview":"max-image-preview:large","max-video-preview":"max-video-preview:-1"},"og_locale":"en_US","og_type":"article","og_title":"Salles de s\u00e9minaire | modulables et enti\u00e8rement \u00e9quip\u00e9es | Domaine NDR","og_description":"Des salles de s\u00e9minaire pas comme les autres: 8 salles modulables et enti\u00e8rement \u00e9quip\u00e9es pour vos s\u00e9minaires d'entreprise ou vos \u00e9v\u00e9nments priv\u00e9s.","og_url":"https:\/\/www.domaine-ndr.ch\/en\/seminar-meetings\/seminar-rooms\/","og_site_name":"Notre dame de la route","article_publisher":"https:\/\/www.facebook.com\/DomaineNDR\/","article_modified_time":"2025-01-09T13:21:49+00:00","og_image":[{"width":2560,"height":1707,"url":"https:\/\/www.domaine-ndr.ch\/wp-content\/uploads\/DOMAINE-NOTRE-DAME-AOUT-2024-IGOR-LASKI-FULL-HD-sRVB-53-2500x1500.jpg","type":"image\/jpeg"}],"twitter_card":"summary_large_image","twitter_misc":{"Est. reading time":"5 minutes"},"schema":{"@context":"https:\/\/schema.org","@graph":[{"@type":"WebPage","@id":"https:\/\/www.domaine-ndr.ch\/en\/seminar-meetings\/seminar-rooms\/","url":"https:\/\/www.domaine-ndr.ch\/en\/seminar-meetings\/seminar-rooms\/","name":"Salles de s\u00e9minaire | modulables et enti\u00e8rement \u00e9quip\u00e9es | Domaine NDR","isPartOf":{"@id":"https:\/\/www.domaine-ndr.ch\/en\/#website"},"primaryImageOfPage":{"@id":"https:\/\/www.domaine-ndr.ch\/en\/seminar-meetings\/seminar-rooms\/#primaryimage"},"image":{"@id":"https:\/\/www.domaine-ndr.ch\/en\/seminar-meetings\/seminar-rooms\/#primaryimage"},"thumbnailUrl":"https:\/\/www.domaine-ndr.ch\/wp-content\/uploads\/DOMAINE-NOTRE-DAME-AOUT-2024-IGOR-LASKI-FULL-HD-sRVB-53-770x545.jpg","datePublished":"2016-07-28T13:30:54+00:00","dateModified":"2025-01-09T13:21:49+00:00","description":"Des salles de s\u00e9minaire pas comme les autres: 8 salles modulables et enti\u00e8rement \u00e9quip\u00e9es pour vos s\u00e9minaires d'entreprise ou vos \u00e9v\u00e9nments priv\u00e9s.","breadcrumb":{"@id":"https:\/\/www.domaine-ndr.ch\/en\/seminar-meetings\/seminar-rooms\/#breadcrumb"},"inLanguage":"en-US","potentialAction":[{"@type":"ReadAction","target":["https:\/\/www.domaine-ndr.ch\/en\/seminar-meetings\/seminar-rooms\/"]}]},{"@type":"ImageObject","inLanguage":"en-US","@id":"https:\/\/www.domaine-ndr.ch\/en\/seminar-meetings\/seminar-rooms\/#primaryimage","url":"https:\/\/www.domaine-ndr.ch\/wp-content\/uploads\/DOMAINE-NOTRE-DAME-AOUT-2024-IGOR-LASKI-FULL-HD-sRVB-53-770x545.jpg","contentUrl":"https:\/\/www.domaine-ndr.ch\/wp-content\/uploads\/DOMAINE-NOTRE-DAME-AOUT-2024-IGOR-LASKI-FULL-HD-sRVB-53-770x545.jpg"},{"@type":"BreadcrumbList","@id":"https:\/\/www.domaine-ndr.ch\/en\/seminar-meetings\/seminar-rooms\/#breadcrumb","itemListElement":[{"@type":"ListItem","position":1,"name":"Home","item":"https:\/\/www.domaine-ndr.ch\/en\/"},{"@type":"ListItem","position":2,"name":"Seminar &#038; meetings","item":"https:\/\/www.domaine-ndr.ch\/en\/seminar-meetings\/"},{"@type":"ListItem","position":3,"name":"Seminar rooms"}]},{"@type":"WebSite","@id":"https:\/\/www.domaine-ndr.ch\/en\/#website","url":"https:\/\/www.domaine-ndr.ch\/en\/","name":"Notre dame de la route","description":"","potentialAction":[{"@type":"SearchAction","target":{"@type":"EntryPoint","urlTemplate":"https:\/\/www.domaine-ndr.ch\/en\/?s={search_term_string}"},"query-input":{"@type":"PropertyValueSpecification","valueRequired":true,"valueName":"search_term_string"}}],"inLanguage":"en-US"}]}},"_links":{"self":[{"href":"https:\/\/www.domaine-ndr.ch\/en\/wp-json\/wp\/v2\/pages\/508","targetHints":{"allow":["GET"]}}],"collection":[{"href":"https:\/\/www.domaine-ndr.ch\/en\/wp-json\/wp\/v2\/pages"}],"about":[{"href":"https:\/\/www.domaine-ndr.ch\/en\/wp-json\/wp\/v2\/types\/page"}],"author":[{"embeddable":true,"href":"https:\/\/www.domaine-ndr.ch\/en\/wp-json\/wp\/v2\/users\/1"}],"replies":[{"embeddable":true,"href":"https:\/\/www.domaine-ndr.ch\/en\/wp-json\/wp\/v2\/comments?post=508"}],"version-history":[{"count":20,"href":"https:\/\/www.domaine-ndr.ch\/en\/wp-json\/wp\/v2\/pages\/508\/revisions"}],"predecessor-version":[{"id":9141,"href":"https:\/\/www.domaine-ndr.ch\/en\/wp-json\/wp\/v2\/pages\/508\/revisions\/9141"}],"up":[{"embeddable":true,"href":"https:\/\/www.domaine-ndr.ch\/en\/wp-json\/wp\/v2\/pages\/538"}],"wp:attachment":[{"href":"https:\/\/www.domaine-ndr.ch\/en\/wp-json\/wp\/v2\/media?parent=508"}],"curies":[{"name":"wp","href":"https:\/\/api.w.org\/{rel}","templated":true}]}}