{"id":446,"date":"2016-07-28T14:32:54","date_gmt":"2016-07-28T12:32:54","guid":{"rendered":"http:\/\/www.domaine-ndr.ch\/en\/kontakt\/"},"modified":"2024-11-28T10:32:19","modified_gmt":"2024-11-28T09:32:19","slug":"contact-us","status":"publish","type":"page","link":"https:\/\/www.domaine-ndr.ch\/en\/contact-us\/","title":{"rendered":"Contact us"},"content":{"rendered":"<h3><strong><em>Do not hesitate to contact us for further information or to make a booking<\/em><\/strong><\/h3>\n<p>Domaine Notre-Dame de la Route<br \/>\nCh. des Eaux-Vives 17<br \/>\n1752 Villars-sur-Gl\u00e2ne<\/p>\n<p>E-mail: <a href=\"javascript:secureDecryptAndNavigate('+2zgMlrj9ESHMAbU5r1MWFobqhEv+G2jl9VoFa9eZeOJNp2HZWyyTtXLIv38kzuTz8KXdmAUzjWPp32FdvCyBXE6jNQMNStpTdmtJ0gEhWUo', '44703f56e224e5a97670b97ec929f309899b63cace88eb86eeda409733f7db64')\">&#105;n&#102;orma&#116;ion&#64;&#100;o&#109;&#97;&#105;n&#101;&#45;n&#100;r.&#99;&#104;<\/a><br \/>\nPhone: +41 26 409 75 00<br \/>\nFax: +41 26 409 75 01<\/p>\n<p>The Domaine is attentive to the future of our planet. We encourage you to use public transports.<br \/>\n<a href=\"https:\/\/www.domaine-ndr.ch\/wp-content\/uploads\/plans_acces_EN-2024.docx\" target=\"_blank\" rel=\"noopener\"><span lang=\"EN-GB\">Download our maps for pedestrians and cars <\/span>(pdf).<\/a><\/p>\n<p><strong>Parking lot<\/strong><\/p>\n<ul>\n<li>35 free places at the Domaine<\/li>\n<li>White zones in the zone at 30km per hour<\/li>\n<li>Paid parking in Comanon Centre\/Nuithonie (pedestrian access via the Domaine\u2019s garden)<\/li>\n<\/ul>\n<p><a href=\"http:\/\/www.tpf.ch\" target=\"_blank\" rel=\"noopener noreferrer\"><strong>TPF Bus<\/strong><\/a><br \/>\n<em>Line 5<\/em><\/p>\n<ul>\n<li>Stop at <em>Nuithonie<\/em> + 5 minutes by foot, access through the garden<\/li>\n<\/ul>\n<p><em>Lines 2 et 11<\/em><\/p>\n<ul>\n<li>Stop at<em> Villars-Vert<\/em> + 5 minutes by foot, access by Chemin des Eaux-Vives<\/li>\n<\/ul>\n<p><strong><b><span lang=\"EN-GB\">Bicycles<\/span><\/b><\/strong><\/p>\n<ul>\n<li>Many places at the Domaine<\/li>\n<li>Recharge for electric bicycles at the Cormanon school (10 minutes by foot)<\/li>\n<\/ul>\n<p><strong>Schedules<br \/>\n<\/strong><em>Reception<\/em><\/p>\n<ul>\n<li>Mon-Sun : 6:30am-10:00pm<\/li>\n<\/ul>\n<p><em>Check in <\/em><\/p>\n<ul>\n<li>From 2:00pm<\/li>\n<\/ul>\n<p><i>Check out<\/i><\/p>\n<ul>\n<li>Until 11:00am<\/li>\n<\/ul>\n<p><strong><b><span lang=\"DE-CH\">Smoking directive<\/span><\/b><\/strong><\/p>\n<ul>\n<li><span lang=\"DE-CH\">Rooms and interior spaces are smoke-free areas<\/span><\/li>\n<\/ul>\n<p><strong><b><span lang=\"DE-CH\">Accessibility<\/span><\/b><\/strong><\/p>\n<ul>\n<li><span lang=\"DE-CH\">Some of our rooms are accessible to people with a reduced mobility or disability. Upon request, it&#8217;s also possible to have a medical bed installed.<\/span><\/li>\n<\/ul>\n<p><strong><b><span lang=\"DE-CH\">Pets<\/span><\/b><\/strong><\/p>\n<ul>\n<li><span lang=\"DE-CH\">Dogs and cats allowed \/ CHF 15.00 per night<\/span><\/li>\n<li>Guide dog: free<\/li>\n<\/ul>\n<p><strong><a href=\"https:\/\/www.cisf.ch\/index.php\/offre-d-emploi\">Working at CIS<\/a><\/strong><\/p>\n<p><span lang=\"EN-GB\">Find the Domaine on<\/span>\u00a0<a href=\"https:\/\/www.facebook.com\/DomaineNDR\/\"><span style=\"text-decoration: underline;\"><strong>Facebook<\/strong><\/span><\/a>.<\/p>\n","protected":false},"excerpt":{"rendered":"<p>Do not hesitate to contact us for further information or to make a booking Domaine Notre-Dame de la Route Ch. des Eaux-Vives 17 1752 Villars-sur-Gl\u00e2ne E-mail: in&#102;o&#114;&#109;a&#116;i&#111;&#110;&#64;d&#111;&#109;ain&#101;&#45;&#110;dr&#46;c&#104; Phone: +41 26 409 75 00 Fax: +41 26 409 75 01 The Domaine is attentive to the future of our planet. We encourage you to use public [&hellip;]<\/p>\n","protected":false},"author":1,"featured_media":0,"parent":0,"menu_order":30,"comment_status":"closed","ping_status":"closed","template":"template-contact.php","meta":{"_acf_changed":false,"_exactmetrics_skip_tracking":false,"_exactmetrics_sitenote_active":false,"_exactmetrics_sitenote_note":"","_exactmetrics_sitenote_category":0,"footnotes":""},"class_list":["post-446","page","type-page","status-publish","hentry"],"acf":[],"yoast_head":"<!-- This site is optimized with the Yoast SEO plugin v27.3 - https:\/\/yoast.com\/product\/yoast-seo-wordpress\/ -->\n<title>Nous contacter | Acc\u00e8s et informations pratiques | Domaine NDR<\/title>\n<meta name=\"description\" content=\"Toute l&#039;\u00e9quipe du Domaine se r\u00e9jouit de vous accueillir. N&#039;h\u00e9sitez pas \u00e0 nous contacter pour toute demande d&#039;informations.\" \/>\n<meta name=\"robots\" content=\"index, follow, max-snippet:-1, max-image-preview:large, max-video-preview:-1\" \/>\n<meta property=\"og:locale\" content=\"en_US\" \/>\n<meta property=\"og:type\" content=\"article\" \/>\n<meta property=\"og:title\" content=\"Nous contacter | Acc\u00e8s et informations pratiques | Domaine NDR\" \/>\n<meta property=\"og:description\" content=\"Toute l&#039;\u00e9quipe du Domaine se r\u00e9jouit de vous accueillir. N&#039;h\u00e9sitez pas \u00e0 nous contacter pour toute demande d&#039;informations.\" \/>\n<meta property=\"og:url\" content=\"https:\/\/www.domaine-ndr.ch\/en\/contact-us\/\" \/>\n<meta property=\"og:site_name\" content=\"Notre dame de la route\" \/>\n<meta property=\"article:publisher\" content=\"https:\/\/www.facebook.com\/DomaineNDR\/\" \/>\n<meta property=\"article:modified_time\" content=\"2024-11-28T09:32:19+00:00\" \/>\n<meta property=\"og:image\" content=\"https:\/\/www.domaine-ndr.ch\/wp-content\/uploads\/DSC4008-1-770x545.jpg\" \/>\n\t<meta property=\"og:image:width\" content=\"770\" \/>\n\t<meta property=\"og:image:height\" content=\"545\" \/>\n\t<meta property=\"og:image:type\" content=\"image\/jpeg\" \/>\n<meta name=\"twitter:card\" content=\"summary_large_image\" \/>\n<meta name=\"twitter:label1\" content=\"Est. reading time\" \/>\n\t<meta name=\"twitter:data1\" content=\"2 minutes\" \/>\n<!-- \/ Yoast SEO plugin. -->","yoast_head_json":{"title":"Nous contacter | Acc\u00e8s et informations pratiques | Domaine NDR","description":"Toute l'\u00e9quipe du Domaine se r\u00e9jouit de vous accueillir. N'h\u00e9sitez pas \u00e0 nous contacter pour toute demande d'informations.","robots":{"index":"index","follow":"follow","max-snippet":"max-snippet:-1","max-image-preview":"max-image-preview:large","max-video-preview":"max-video-preview:-1"},"og_locale":"en_US","og_type":"article","og_title":"Nous contacter | Acc\u00e8s et informations pratiques | Domaine NDR","og_description":"Toute l'\u00e9quipe du Domaine se r\u00e9jouit de vous accueillir. N'h\u00e9sitez pas \u00e0 nous contacter pour toute demande d'informations.","og_url":"https:\/\/www.domaine-ndr.ch\/en\/contact-us\/","og_site_name":"Notre dame de la route","article_publisher":"https:\/\/www.facebook.com\/DomaineNDR\/","article_modified_time":"2024-11-28T09:32:19+00:00","og_image":[{"width":770,"height":545,"url":"https:\/\/www.domaine-ndr.ch\/wp-content\/uploads\/DSC4008-1-770x545.jpg","type":"image\/jpeg"}],"twitter_card":"summary_large_image","twitter_misc":{"Est. reading time":"2 minutes"},"schema":{"@context":"https:\/\/schema.org","@graph":[{"@type":"WebPage","@id":"https:\/\/www.domaine-ndr.ch\/en\/contact-us\/","url":"https:\/\/www.domaine-ndr.ch\/en\/contact-us\/","name":"Nous contacter | Acc\u00e8s et informations pratiques | Domaine NDR","isPartOf":{"@id":"https:\/\/www.domaine-ndr.ch\/en\/#website"},"datePublished":"2016-07-28T12:32:54+00:00","dateModified":"2024-11-28T09:32:19+00:00","description":"Toute l'\u00e9quipe du Domaine se r\u00e9jouit de vous accueillir. N'h\u00e9sitez pas \u00e0 nous contacter pour toute demande d'informations.","breadcrumb":{"@id":"https:\/\/www.domaine-ndr.ch\/en\/contact-us\/#breadcrumb"},"inLanguage":"en-US","potentialAction":[{"@type":"ReadAction","target":["https:\/\/www.domaine-ndr.ch\/en\/contact-us\/"]}]},{"@type":"BreadcrumbList","@id":"https:\/\/www.domaine-ndr.ch\/en\/contact-us\/#breadcrumb","itemListElement":[{"@type":"ListItem","position":1,"name":"Home","item":"https:\/\/www.domaine-ndr.ch\/en\/"},{"@type":"ListItem","position":2,"name":"Contact us"}]},{"@type":"WebSite","@id":"https:\/\/www.domaine-ndr.ch\/en\/#website","url":"https:\/\/www.domaine-ndr.ch\/en\/","name":"Notre dame de la route","description":"","potentialAction":[{"@type":"SearchAction","target":{"@type":"EntryPoint","urlTemplate":"https:\/\/www.domaine-ndr.ch\/en\/?s={search_term_string}"},"query-input":{"@type":"PropertyValueSpecification","valueRequired":true,"valueName":"search_term_string"}}],"inLanguage":"en-US"}]}},"_links":{"self":[{"href":"https:\/\/www.domaine-ndr.ch\/en\/wp-json\/wp\/v2\/pages\/446","targetHints":{"allow":["GET"]}}],"collection":[{"href":"https:\/\/www.domaine-ndr.ch\/en\/wp-json\/wp\/v2\/pages"}],"about":[{"href":"https:\/\/www.domaine-ndr.ch\/en\/wp-json\/wp\/v2\/types\/page"}],"author":[{"embeddable":true,"href":"https:\/\/www.domaine-ndr.ch\/en\/wp-json\/wp\/v2\/users\/1"}],"replies":[{"embeddable":true,"href":"https:\/\/www.domaine-ndr.ch\/en\/wp-json\/wp\/v2\/comments?post=446"}],"version-history":[{"count":17,"href":"https:\/\/www.domaine-ndr.ch\/en\/wp-json\/wp\/v2\/pages\/446\/revisions"}],"predecessor-version":[{"id":9009,"href":"https:\/\/www.domaine-ndr.ch\/en\/wp-json\/wp\/v2\/pages\/446\/revisions\/9009"}],"wp:attachment":[{"href":"https:\/\/www.domaine-ndr.ch\/en\/wp-json\/wp\/v2\/media?parent=446"}],"curies":[{"name":"wp","href":"https:\/\/api.w.org\/{rel}","templated":true}]}}