{"id":3750,"date":"2019-03-27T14:50:07","date_gmt":"2019-03-27T13:50:07","guid":{"rendered":"https:\/\/www.domaine-ndr.ch\/parc-exterieurs\/"},"modified":"2024-10-15T12:53:07","modified_gmt":"2024-10-15T10:53:07","slug":"le-domaines-park-and-grounds","status":"publish","type":"page","link":"https:\/\/www.domaine-ndr.ch\/en\/le-domaines-park-and-grounds\/","title":{"rendered":"Le Domaine\u2019s park and grounds"},"content":{"rendered":"<p class=\"p1\">The grounds are undoubtedly one of Le Domaine&#8217;s assets. The park is a meeting place for the guests of the hotel and the clients of restaurant Le Jardin. It is an initiatory journey, developed in respect for nature and biodiversity.<span class=\"Apple-converted-space\">\u00a0<\/span><\/p>\n<p class=\"p1\">Choose the predefined path or invent your own in the park. <span lang=\"EN-GB\">Take a break in front of the <\/span><a href=\"https:\/\/www.domaine-ndr.ch\/en\/restaurant-le-jardin-its-terrace\/\" target=\"_blank\" rel=\"noopener noreferrer\">restaurant Le Jardin<\/a>, smell the scent of aromatic plants, edible or decorative flowers <span lang=\"EN-GB\">growing in our wooden planter all along the terrace. <\/span>Go down a slight slope toward the Orchard<span lang=\"EN-GB\">, greet the animals who inhabit Le Domaine\u2019s park. <\/span>Then walk through the meanderings of the Labyrinth. Let yourself be charmed by all the secrets and peace Le Domaine has to offer, all of which are only a few steps from the city.<\/p>\n<p class=\"p1\">Through a small path and only 5 min away from Le Domaine you will reach the<em> Cormanon<\/em> neighbourhood where you\u2019ll find the <em>Nuithonie<\/em> parking lot and the nearest bus stop for the city.<\/p>\n","protected":false},"excerpt":{"rendered":"<p>The grounds are undoubtedly one of Le Domaine&#8217;s assets. The park is a meeting place for the guests of the hotel and the clients of restaurant Le Jardin. It is an initiatory journey, developed in respect for nature and biodiversity.\u00a0 Choose the predefined path or invent your own in the park. Take a break in [&hellip;]<\/p>\n","protected":false},"author":1,"featured_media":0,"parent":0,"menu_order":28,"comment_status":"closed","ping_status":"closed","template":"template-hebergement.php","meta":{"_acf_changed":false,"_exactmetrics_skip_tracking":false,"_exactmetrics_sitenote_active":false,"_exactmetrics_sitenote_note":"","_exactmetrics_sitenote_category":0,"footnotes":""},"class_list":["post-3750","page","type-page","status-publish","hentry"],"acf":[],"yoast_head":"<!-- This site is optimized with the Yoast SEO plugin v27.6 - https:\/\/yoast.com\/product\/yoast-seo-wordpress\/ -->\n<title>Retraite en pleine nature | 2,8ha de verdure pour votre s\u00e9r\u00e9nit\u00e9<\/title>\n<meta name=\"description\" content=\"Atout du Domaine, le parc est un lieu de rencontre pour la client\u00e8le, un cheminement initiatique, \u00e9labor\u00e9 dans le respect de la nature.\" \/>\n<meta name=\"robots\" content=\"index, follow, max-snippet:-1, max-image-preview:large, max-video-preview:-1\" \/>\n<meta property=\"og:locale\" content=\"en_US\" \/>\n<meta property=\"og:type\" content=\"article\" \/>\n<meta property=\"og:title\" content=\"Retraite en pleine nature | 2,8ha de verdure pour votre s\u00e9r\u00e9nit\u00e9\" \/>\n<meta property=\"og:description\" content=\"Atout du Domaine, le parc est un lieu de rencontre pour la client\u00e8le, un cheminement initiatique, \u00e9labor\u00e9 dans le respect de la nature.\" \/>\n<meta property=\"og:url\" content=\"https:\/\/www.domaine-ndr.ch\/en\/le-domaines-park-and-grounds\/\" \/>\n<meta property=\"og:site_name\" content=\"Notre dame de la route\" \/>\n<meta property=\"article:publisher\" content=\"https:\/\/www.facebook.com\/DomaineNDR\/\" \/>\n<meta property=\"article:modified_time\" content=\"2024-10-15T10:53:07+00:00\" \/>\n<meta property=\"og:image\" content=\"https:\/\/www.domaine-ndr.ch\/wp-content\/uploads\/DSC4008-1-770x545.jpg\" \/>\n\t<meta property=\"og:image:width\" content=\"770\" \/>\n\t<meta property=\"og:image:height\" content=\"545\" \/>\n\t<meta property=\"og:image:type\" content=\"image\/jpeg\" \/>\n<meta name=\"twitter:card\" content=\"summary_large_image\" \/>\n<meta name=\"twitter:label1\" content=\"Est. reading time\" \/>\n\t<meta name=\"twitter:data1\" content=\"1 minute\" \/>\n<!-- \/ Yoast SEO plugin. -->","yoast_head_json":{"title":"Retraite en pleine nature | 2,8ha de verdure pour votre s\u00e9r\u00e9nit\u00e9","description":"Atout du Domaine, le parc est un lieu de rencontre pour la client\u00e8le, un cheminement initiatique, \u00e9labor\u00e9 dans le respect de la nature.","robots":{"index":"index","follow":"follow","max-snippet":"max-snippet:-1","max-image-preview":"max-image-preview:large","max-video-preview":"max-video-preview:-1"},"og_locale":"en_US","og_type":"article","og_title":"Retraite en pleine nature | 2,8ha de verdure pour votre s\u00e9r\u00e9nit\u00e9","og_description":"Atout du Domaine, le parc est un lieu de rencontre pour la client\u00e8le, un cheminement initiatique, \u00e9labor\u00e9 dans le respect de la nature.","og_url":"https:\/\/www.domaine-ndr.ch\/en\/le-domaines-park-and-grounds\/","og_site_name":"Notre dame de la route","article_publisher":"https:\/\/www.facebook.com\/DomaineNDR\/","article_modified_time":"2024-10-15T10:53:07+00:00","og_image":[{"width":770,"height":545,"url":"https:\/\/www.domaine-ndr.ch\/wp-content\/uploads\/DSC4008-1-770x545.jpg","type":"image\/jpeg"}],"twitter_card":"summary_large_image","twitter_misc":{"Est. reading time":"1 minute"},"schema":{"@context":"https:\/\/schema.org","@graph":[{"@type":"WebPage","@id":"https:\/\/www.domaine-ndr.ch\/en\/le-domaines-park-and-grounds\/","url":"https:\/\/www.domaine-ndr.ch\/en\/le-domaines-park-and-grounds\/","name":"Retraite en pleine nature | 2,8ha de verdure pour votre s\u00e9r\u00e9nit\u00e9","isPartOf":{"@id":"https:\/\/www.domaine-ndr.ch\/en\/#website"},"datePublished":"2019-03-27T13:50:07+00:00","dateModified":"2024-10-15T10:53:07+00:00","description":"Atout du Domaine, le parc est un lieu de rencontre pour la client\u00e8le, un cheminement initiatique, \u00e9labor\u00e9 dans le respect de la nature.","breadcrumb":{"@id":"https:\/\/www.domaine-ndr.ch\/en\/le-domaines-park-and-grounds\/#breadcrumb"},"inLanguage":"en-US","potentialAction":[{"@type":"ReadAction","target":["https:\/\/www.domaine-ndr.ch\/en\/le-domaines-park-and-grounds\/"]}]},{"@type":"BreadcrumbList","@id":"https:\/\/www.domaine-ndr.ch\/en\/le-domaines-park-and-grounds\/#breadcrumb","itemListElement":[{"@type":"ListItem","position":1,"name":"Home","item":"https:\/\/www.domaine-ndr.ch\/en\/"},{"@type":"ListItem","position":2,"name":"Le Domaine\u2019s park and grounds"}]},{"@type":"WebSite","@id":"https:\/\/www.domaine-ndr.ch\/en\/#website","url":"https:\/\/www.domaine-ndr.ch\/en\/","name":"Notre dame de la route","description":"","potentialAction":[{"@type":"SearchAction","target":{"@type":"EntryPoint","urlTemplate":"https:\/\/www.domaine-ndr.ch\/en\/?s={search_term_string}"},"query-input":{"@type":"PropertyValueSpecification","valueRequired":true,"valueName":"search_term_string"}}],"inLanguage":"en-US"}]}},"_links":{"self":[{"href":"https:\/\/www.domaine-ndr.ch\/en\/wp-json\/wp\/v2\/pages\/3750","targetHints":{"allow":["GET"]}}],"collection":[{"href":"https:\/\/www.domaine-ndr.ch\/en\/wp-json\/wp\/v2\/pages"}],"about":[{"href":"https:\/\/www.domaine-ndr.ch\/en\/wp-json\/wp\/v2\/types\/page"}],"author":[{"embeddable":true,"href":"https:\/\/www.domaine-ndr.ch\/en\/wp-json\/wp\/v2\/users\/1"}],"replies":[{"embeddable":true,"href":"https:\/\/www.domaine-ndr.ch\/en\/wp-json\/wp\/v2\/comments?post=3750"}],"version-history":[{"count":11,"href":"https:\/\/www.domaine-ndr.ch\/en\/wp-json\/wp\/v2\/pages\/3750\/revisions"}],"predecessor-version":[{"id":8756,"href":"https:\/\/www.domaine-ndr.ch\/en\/wp-json\/wp\/v2\/pages\/3750\/revisions\/8756"}],"wp:attachment":[{"href":"https:\/\/www.domaine-ndr.ch\/en\/wp-json\/wp\/v2\/media?parent=3750"}],"curies":[{"name":"wp","href":"https:\/\/api.w.org\/{rel}","templated":true}]}}