{"id":3742,"date":"2019-03-27T16:28:00","date_gmt":"2019-03-27T15:28:00","guid":{"rendered":"https:\/\/www.domaine-ndr.ch\/developpement-personnel\/programmation-jesuites\/"},"modified":"2024-10-15T11:17:02","modified_gmt":"2024-10-15T09:17:02","slug":"spiritual-programming-of-the-jesuits","status":"publish","type":"page","link":"https:\/\/www.domaine-ndr.ch\/en\/agenda\/spiritual-programming-of-the-jesuits\/","title":{"rendered":"Spiritual programming of the Jesuits"},"content":{"rendered":"<p>The Jesuits remain the owners of the building. They still operate the chapel adjacent to it and organise some of their activities here. Discover their program of conferences, training and retreats, as well as other surprises!<\/p>\n<p>The\u00a0<span lang=\"EN-GB\">planned personal development activities <\/span>aim to enable Christians of all faiths to live and intensify their personal relationship with God. Moreover, these proposals are addressed to all researchers of meaning who wish to make, in the company of the Jesuits, a part of the journey of mutual enrichment. The objective is to create a place where the liberating power of\u00a0 Christian faith can be experienced, reflected upon and celebrated.<\/p>\n<p><span lang=\"EN-GB\">You will find all the details of this program, as well as other informations on Jesuit activities, on the website<\/span>\u00a0<a href=\"https:\/\/www.jesuites.ch\/agenda\" target=\"_blank\" rel=\"noopener\">www.jesuites.ch.<\/a><\/p>\n<hr \/>\n<p style=\"text-align: center;\"><a href=\"https:\/\/www.domaine-ndr.ch\/agenda\/programmation-jesuites\/\" target=\"_blank\" rel=\"noopener\"><strong>More Informations<\/strong><\/a><\/p>\n","protected":false},"excerpt":{"rendered":"<p>The Jesuits remain the owners of the building. They still operate the chapel adjacent to it and organise some of their activities here. Discover their program of conferences, training and retreats, as well as other surprises! The\u00a0planned personal development activities aim to enable Christians of all faiths to live and intensify their personal relationship with [&hellip;]<\/p>\n","protected":false},"author":1,"featured_media":0,"parent":8321,"menu_order":4,"comment_status":"closed","ping_status":"closed","template":"","meta":{"_acf_changed":false,"_exactmetrics_skip_tracking":false,"_exactmetrics_sitenote_active":false,"_exactmetrics_sitenote_note":"","_exactmetrics_sitenote_category":0,"footnotes":""},"class_list":["post-3742","page","type-page","status-publish","hentry"],"acf":[],"yoast_head":"<!-- This site is optimized with the Yoast SEO plugin v27.4 - https:\/\/yoast.com\/product\/yoast-seo-wordpress\/ -->\n<title>Programmation des J\u00e9suites | Programme spirituel | Domaine NDR<\/title>\n<meta name=\"description\" content=\"Le Domaine accueille la programmation spirituelle des J\u00e9suites de Fribourg. D\u00e9couvrez les diff\u00e9rentes activit\u00e9s programm\u00e9es tout au long de l&#039;ann\u00e9e.\" \/>\n<meta name=\"robots\" content=\"index, follow, max-snippet:-1, max-image-preview:large, max-video-preview:-1\" \/>\n<meta property=\"og:locale\" content=\"en_US\" \/>\n<meta property=\"og:type\" content=\"article\" \/>\n<meta property=\"og:title\" content=\"Programmation des J\u00e9suites | Programme spirituel | Domaine NDR\" \/>\n<meta property=\"og:description\" content=\"Le Domaine accueille la programmation spirituelle des J\u00e9suites de Fribourg. D\u00e9couvrez les diff\u00e9rentes activit\u00e9s programm\u00e9es tout au long de l&#039;ann\u00e9e.\" \/>\n<meta property=\"og:url\" content=\"https:\/\/www.domaine-ndr.ch\/en\/agenda\/spiritual-programming-of-the-jesuits\/\" \/>\n<meta property=\"og:site_name\" content=\"Notre dame de la route\" \/>\n<meta property=\"article:publisher\" content=\"https:\/\/www.facebook.com\/DomaineNDR\/\" \/>\n<meta property=\"article:modified_time\" content=\"2024-10-15T09:17:02+00:00\" \/>\n<meta property=\"og:image\" content=\"https:\/\/www.domaine-ndr.ch\/wp-content\/uploads\/DSC4008-1-770x545.jpg\" \/>\n\t<meta property=\"og:image:width\" content=\"770\" \/>\n\t<meta property=\"og:image:height\" content=\"545\" \/>\n\t<meta property=\"og:image:type\" content=\"image\/jpeg\" \/>\n<meta name=\"twitter:card\" content=\"summary_large_image\" \/>\n<meta name=\"twitter:label1\" content=\"Est. reading time\" \/>\n\t<meta name=\"twitter:data1\" content=\"1 minute\" \/>\n<!-- \/ Yoast SEO plugin. -->","yoast_head_json":{"title":"Programmation des J\u00e9suites | Programme spirituel | Domaine NDR","description":"Le Domaine accueille la programmation spirituelle des J\u00e9suites de Fribourg. D\u00e9couvrez les diff\u00e9rentes activit\u00e9s programm\u00e9es tout au long de l'ann\u00e9e.","robots":{"index":"index","follow":"follow","max-snippet":"max-snippet:-1","max-image-preview":"max-image-preview:large","max-video-preview":"max-video-preview:-1"},"og_locale":"en_US","og_type":"article","og_title":"Programmation des J\u00e9suites | Programme spirituel | Domaine NDR","og_description":"Le Domaine accueille la programmation spirituelle des J\u00e9suites de Fribourg. D\u00e9couvrez les diff\u00e9rentes activit\u00e9s programm\u00e9es tout au long de l'ann\u00e9e.","og_url":"https:\/\/www.domaine-ndr.ch\/en\/agenda\/spiritual-programming-of-the-jesuits\/","og_site_name":"Notre dame de la route","article_publisher":"https:\/\/www.facebook.com\/DomaineNDR\/","article_modified_time":"2024-10-15T09:17:02+00:00","og_image":[{"width":770,"height":545,"url":"https:\/\/www.domaine-ndr.ch\/wp-content\/uploads\/DSC4008-1-770x545.jpg","type":"image\/jpeg"}],"twitter_card":"summary_large_image","twitter_misc":{"Est. reading time":"1 minute"},"schema":{"@context":"https:\/\/schema.org","@graph":[{"@type":"WebPage","@id":"https:\/\/www.domaine-ndr.ch\/en\/agenda\/spiritual-programming-of-the-jesuits\/","url":"https:\/\/www.domaine-ndr.ch\/en\/agenda\/spiritual-programming-of-the-jesuits\/","name":"Programmation des J\u00e9suites | Programme spirituel | Domaine NDR","isPartOf":{"@id":"https:\/\/www.domaine-ndr.ch\/en\/#website"},"datePublished":"2019-03-27T15:28:00+00:00","dateModified":"2024-10-15T09:17:02+00:00","description":"Le Domaine accueille la programmation spirituelle des J\u00e9suites de Fribourg. D\u00e9couvrez les diff\u00e9rentes activit\u00e9s programm\u00e9es tout au long de l'ann\u00e9e.","breadcrumb":{"@id":"https:\/\/www.domaine-ndr.ch\/en\/agenda\/spiritual-programming-of-the-jesuits\/#breadcrumb"},"inLanguage":"en-US","potentialAction":[{"@type":"ReadAction","target":["https:\/\/www.domaine-ndr.ch\/en\/agenda\/spiritual-programming-of-the-jesuits\/"]}]},{"@type":"BreadcrumbList","@id":"https:\/\/www.domaine-ndr.ch\/en\/agenda\/spiritual-programming-of-the-jesuits\/#breadcrumb","itemListElement":[{"@type":"ListItem","position":1,"name":"Home","item":"https:\/\/www.domaine-ndr.ch\/en\/"},{"@type":"ListItem","position":2,"name":"Agenda","item":"https:\/\/www.domaine-ndr.ch\/en\/agenda\/"},{"@type":"ListItem","position":3,"name":"Spiritual programming of the Jesuits"}]},{"@type":"WebSite","@id":"https:\/\/www.domaine-ndr.ch\/en\/#website","url":"https:\/\/www.domaine-ndr.ch\/en\/","name":"Notre dame de la route","description":"","potentialAction":[{"@type":"SearchAction","target":{"@type":"EntryPoint","urlTemplate":"https:\/\/www.domaine-ndr.ch\/en\/?s={search_term_string}"},"query-input":{"@type":"PropertyValueSpecification","valueRequired":true,"valueName":"search_term_string"}}],"inLanguage":"en-US"}]}},"_links":{"self":[{"href":"https:\/\/www.domaine-ndr.ch\/en\/wp-json\/wp\/v2\/pages\/3742","targetHints":{"allow":["GET"]}}],"collection":[{"href":"https:\/\/www.domaine-ndr.ch\/en\/wp-json\/wp\/v2\/pages"}],"about":[{"href":"https:\/\/www.domaine-ndr.ch\/en\/wp-json\/wp\/v2\/types\/page"}],"author":[{"embeddable":true,"href":"https:\/\/www.domaine-ndr.ch\/en\/wp-json\/wp\/v2\/users\/1"}],"replies":[{"embeddable":true,"href":"https:\/\/www.domaine-ndr.ch\/en\/wp-json\/wp\/v2\/comments?post=3742"}],"version-history":[{"count":8,"href":"https:\/\/www.domaine-ndr.ch\/en\/wp-json\/wp\/v2\/pages\/3742\/revisions"}],"predecessor-version":[{"id":8752,"href":"https:\/\/www.domaine-ndr.ch\/en\/wp-json\/wp\/v2\/pages\/3742\/revisions\/8752"}],"up":[{"embeddable":true,"href":"https:\/\/www.domaine-ndr.ch\/en\/wp-json\/wp\/v2\/pages\/8321"}],"wp:attachment":[{"href":"https:\/\/www.domaine-ndr.ch\/en\/wp-json\/wp\/v2\/media?parent=3742"}],"curies":[{"name":"wp","href":"https:\/\/api.w.org\/{rel}","templated":true}]}}