{"id":3648,"date":"2019-04-23T16:26:59","date_gmt":"2019-04-23T14:26:59","guid":{"rendered":"https:\/\/www.domaine-ndr.ch\/accomodation\/grand-lit-signature\/"},"modified":"2026-01-28T13:08:08","modified_gmt":"2026-01-28T12:08:08","slug":"signature-double-bed-room","status":"publish","type":"page","link":"https:\/\/www.domaine-ndr.ch\/en\/accomodation\/signature-double-bed-room\/","title":{"rendered":"Signature double bed room"},"content":{"rendered":"<p>&nbsp;<\/p>\n<div class=\"cta-button\">\n<p style=\"text-align: left;\"><a href=\"https:\/\/www.domaine-ndr.ch\/en\/reservation-en\/\" target=\"_blank\" rel=\"noopener\"><span style=\"text-align: center;\"><strong>RESERVATION<\/strong><\/span><\/a><\/p>\n<\/div>\n<p>&nbsp;<\/p>\n<p><span class=\"couleur_metal\"><strong>Rate*:<\/strong> from CHF 115.00, including VAT.<\/span><\/p>\n<p>Our \u201cSignature\u201d double bed rooms are ideal for people staying alone and wishing for an individual bathroom and the comfort of a large mattress. They are also available in double occupancy.<\/p>\n<p><strong>Large<\/strong> <strong>bed<\/strong> (160&#215;210), for comfort.<br \/>\n<strong><em>Wellness<\/em><\/strong><strong> mattress<\/strong>, for a restful sleep.<br \/>\n<strong>Private bathroom<\/strong>, for comfort and privacy.<br \/>\n<strong>Furniture made of natural materials<\/strong>**, for your well-being and love of nature.<br \/>\n<strong>No television<\/strong>, to let the energies around you relax you.<br \/>\n<strong>View of the Pre-Alps<\/strong>, for contemplation.<br \/>\n<strong>Access to the roof terrace<\/strong>, to admire the landscape.<\/p>\n<p>Breakfast is additional to the room rate.<\/p>\n<table style=\"border-collapse: collapse; width: 46.8063%;\">\n<tbody>\n<tr>\n<td style=\"width: 21.5061%;\">Adults<\/td>\n<td style=\"width: 16.4145%;\">CHF 16.00<\/td>\n<\/tr>\n<tr>\n<td style=\"width: 21.5061%;\">Kids &#8211; age 0 to 4<\/td>\n<td style=\"width: 16.4145%;\">Free<\/td>\n<\/tr>\n<tr>\n<td style=\"width: 21.5061%;\">Kids &#8211; age 5 to 15<\/td>\n<td style=\"width: 16.4145%;\">CHF 8.00<\/td>\n<\/tr>\n<tr>\n<td style=\"width: 21.5061%;\">Kids &#8211; age 16 and up<\/td>\n<td style=\"width: 16.4145%;\">CHF 16.00<\/td>\n<\/tr>\n<\/tbody>\n<\/table>\n<p>Breakfast hours :<\/p>\n<p>Monday to Friday, 6:30 a.m. \u2013 9:30 a.m.<br \/>\nSaturday \u2013 Sunday : 6:30 a.m. \u2013 10:00 a.m.<\/p>\n<p><em>Free WiFi access in all our rooms. <\/em><br \/>\n<em>Tourist tax in addition: CHF 3.00 per person\/night.<\/em><\/p>\n<p>&nbsp;<\/p>\n<h6>* Depending on the single or double occupancy, dates, availability and chosen general conditions of sale<br \/>\n** Made in our wooden workshop with natural materials without toxic materials, for your well-being and out of respect for the environment. Our workshop employs people in evaluation for professional reintegration into the labour market.<\/h6>\n","protected":false},"excerpt":{"rendered":"<p>&nbsp; RESERVATION &nbsp; Rate*: from CHF 115.00, including VAT. Our \u201cSignature\u201d double bed rooms are ideal for people staying alone and wishing for an individual bathroom and the comfort of a large mattress. They are also available in double occupancy. Large bed (160&#215;210), for comfort. Wellness mattress, for a restful sleep. Private bathroom, for comfort [&hellip;]<\/p>\n","protected":false},"author":1,"featured_media":0,"parent":540,"menu_order":8,"comment_status":"closed","ping_status":"closed","template":"template-chambre.php","meta":{"_acf_changed":false,"_exactmetrics_skip_tracking":false,"_exactmetrics_sitenote_active":false,"_exactmetrics_sitenote_note":"","_exactmetrics_sitenote_category":0,"footnotes":""},"class_list":["post-3648","page","type-page","status-publish","hentry"],"acf":[],"yoast_head":"<!-- This site is optimized with the Yoast SEO plugin v27.4 - https:\/\/yoast.com\/product\/yoast-seo-wordpress\/ -->\n<title>Chambre grand-lit signature | Domaine NDR<\/title>\n<meta name=\"description\" content=\"Spacieuses et \u00e9pur\u00e9es nos chambres &quot;signature&quot; grand-lit sont id\u00e9ales pour les personnes s\u00e9journant seules.\" \/>\n<meta name=\"robots\" content=\"index, follow, max-snippet:-1, max-image-preview:large, max-video-preview:-1\" \/>\n<meta property=\"og:locale\" content=\"en_US\" \/>\n<meta property=\"og:type\" content=\"article\" \/>\n<meta property=\"og:title\" content=\"Chambre grand-lit signature | Domaine NDR\" \/>\n<meta property=\"og:description\" content=\"Spacieuses et \u00e9pur\u00e9es nos chambres &quot;signature&quot; grand-lit sont id\u00e9ales pour les personnes s\u00e9journant seules.\" \/>\n<meta property=\"og:url\" content=\"https:\/\/www.domaine-ndr.ch\/en\/accomodation\/signature-double-bed-room\/\" \/>\n<meta property=\"og:site_name\" content=\"Notre dame de la route\" \/>\n<meta property=\"article:publisher\" content=\"https:\/\/www.facebook.com\/DomaineNDR\/\" \/>\n<meta property=\"article:modified_time\" content=\"2026-01-28T12:08:08+00:00\" \/>\n<meta property=\"og:image\" content=\"https:\/\/www.domaine-ndr.ch\/wp-content\/uploads\/DSC4008-1-770x545.jpg\" \/>\n\t<meta property=\"og:image:width\" content=\"770\" \/>\n\t<meta property=\"og:image:height\" content=\"545\" \/>\n\t<meta property=\"og:image:type\" content=\"image\/jpeg\" \/>\n<meta name=\"twitter:card\" content=\"summary_large_image\" \/>\n<meta name=\"twitter:label1\" content=\"Est. reading time\" \/>\n\t<meta name=\"twitter:data1\" content=\"2 minutes\" \/>\n<!-- \/ Yoast SEO plugin. -->","yoast_head_json":{"title":"Chambre grand-lit signature | Domaine NDR","description":"Spacieuses et \u00e9pur\u00e9es nos chambres \"signature\" grand-lit sont id\u00e9ales pour les personnes s\u00e9journant seules.","robots":{"index":"index","follow":"follow","max-snippet":"max-snippet:-1","max-image-preview":"max-image-preview:large","max-video-preview":"max-video-preview:-1"},"og_locale":"en_US","og_type":"article","og_title":"Chambre grand-lit signature | Domaine NDR","og_description":"Spacieuses et \u00e9pur\u00e9es nos chambres \"signature\" grand-lit sont id\u00e9ales pour les personnes s\u00e9journant seules.","og_url":"https:\/\/www.domaine-ndr.ch\/en\/accomodation\/signature-double-bed-room\/","og_site_name":"Notre dame de la route","article_publisher":"https:\/\/www.facebook.com\/DomaineNDR\/","article_modified_time":"2026-01-28T12:08:08+00:00","og_image":[{"width":770,"height":545,"url":"https:\/\/www.domaine-ndr.ch\/wp-content\/uploads\/DSC4008-1-770x545.jpg","type":"image\/jpeg"}],"twitter_card":"summary_large_image","twitter_misc":{"Est. reading time":"2 minutes"},"schema":{"@context":"https:\/\/schema.org","@graph":[{"@type":"WebPage","@id":"https:\/\/www.domaine-ndr.ch\/en\/accomodation\/signature-double-bed-room\/","url":"https:\/\/www.domaine-ndr.ch\/en\/accomodation\/signature-double-bed-room\/","name":"Chambre grand-lit signature | Domaine NDR","isPartOf":{"@id":"https:\/\/www.domaine-ndr.ch\/en\/#website"},"datePublished":"2019-04-23T14:26:59+00:00","dateModified":"2026-01-28T12:08:08+00:00","description":"Spacieuses et \u00e9pur\u00e9es nos chambres \"signature\" grand-lit sont id\u00e9ales pour les personnes s\u00e9journant seules.","breadcrumb":{"@id":"https:\/\/www.domaine-ndr.ch\/en\/accomodation\/signature-double-bed-room\/#breadcrumb"},"inLanguage":"en-US","potentialAction":[{"@type":"ReadAction","target":["https:\/\/www.domaine-ndr.ch\/en\/accomodation\/signature-double-bed-room\/"]}]},{"@type":"BreadcrumbList","@id":"https:\/\/www.domaine-ndr.ch\/en\/accomodation\/signature-double-bed-room\/#breadcrumb","itemListElement":[{"@type":"ListItem","position":1,"name":"Home","item":"https:\/\/www.domaine-ndr.ch\/en\/"},{"@type":"ListItem","position":2,"name":"Accomodation","item":"https:\/\/www.domaine-ndr.ch\/en\/accomodation\/"},{"@type":"ListItem","position":3,"name":"Signature double bed room"}]},{"@type":"WebSite","@id":"https:\/\/www.domaine-ndr.ch\/en\/#website","url":"https:\/\/www.domaine-ndr.ch\/en\/","name":"Notre dame de la route","description":"","potentialAction":[{"@type":"SearchAction","target":{"@type":"EntryPoint","urlTemplate":"https:\/\/www.domaine-ndr.ch\/en\/?s={search_term_string}"},"query-input":{"@type":"PropertyValueSpecification","valueRequired":true,"valueName":"search_term_string"}}],"inLanguage":"en-US"}]}},"_links":{"self":[{"href":"https:\/\/www.domaine-ndr.ch\/en\/wp-json\/wp\/v2\/pages\/3648","targetHints":{"allow":["GET"]}}],"collection":[{"href":"https:\/\/www.domaine-ndr.ch\/en\/wp-json\/wp\/v2\/pages"}],"about":[{"href":"https:\/\/www.domaine-ndr.ch\/en\/wp-json\/wp\/v2\/types\/page"}],"author":[{"embeddable":true,"href":"https:\/\/www.domaine-ndr.ch\/en\/wp-json\/wp\/v2\/users\/1"}],"replies":[{"embeddable":true,"href":"https:\/\/www.domaine-ndr.ch\/en\/wp-json\/wp\/v2\/comments?post=3648"}],"version-history":[{"count":37,"href":"https:\/\/www.domaine-ndr.ch\/en\/wp-json\/wp\/v2\/pages\/3648\/revisions"}],"predecessor-version":[{"id":10117,"href":"https:\/\/www.domaine-ndr.ch\/en\/wp-json\/wp\/v2\/pages\/3648\/revisions\/10117"}],"up":[{"embeddable":true,"href":"https:\/\/www.domaine-ndr.ch\/en\/wp-json\/wp\/v2\/pages\/540"}],"wp:attachment":[{"href":"https:\/\/www.domaine-ndr.ch\/en\/wp-json\/wp\/v2\/media?parent=3648"}],"curies":[{"name":"wp","href":"https:\/\/api.w.org\/{rel}","templated":true}]}}