{"id":1480,"date":"2018-05-17T13:20:17","date_gmt":"2018-05-17T11:20:17","guid":{"rendered":"https:\/\/www.domaine-ndr.ch\/inscription-a-la-newsletter-publique\/"},"modified":"2024-11-04T16:52:51","modified_gmt":"2024-11-04T15:52:51","slug":"inscription-a-la-newsletter-publique","status":"publish","type":"page","link":"https:\/\/www.domaine-ndr.ch\/en\/inscription-a-la-newsletter-publique\/","title":{"rendered":"Inscription \u00e0 la newsletter publique"},"content":{"rendered":"<div id=\"mc_embed_shell\">\n      <link href=\"\/\/cdn-images.mailchimp.com\/embedcode\/classic-061523.css\" rel=\"stylesheet\" type=\"text\/css\">\n<style type=\"text\/css\">\n        #mc_embed_signup{background:#fff; false;clear:left; font:14px Helvetica,Arial,sans-serif; width: 600px;}\n        \/* Add your own Mailchimp form style overrides in your site stylesheet or in this style block.\n           We recommend moving this block and the preceding CSS link to the HEAD of your HTML file. *\/\n<\/style>\n<style type=\"text\/css\">\n        #mc-embedded-subscribe-form input[type=checkbox]{display: inline; width: auto;margin-right: 10px;}\n#mergeRow-gdpr {margin-top: 20px;}\n#mergeRow-gdpr fieldset label {font-weight: normal;}\n#mc-embedded-subscribe-form .mc_fieldset{border:none;min-height: 0px;padding-bottom:0px;}\n<\/style>\n<div id=\"mc_embed_signup\">\n<form action=\"https:\/\/cisf.us15.list-manage.com\/subscribe\/post?u=a2129447b9135f7b00f4e7a55&amp;id=cc65e8b33b&amp;v_id=3330&amp;f_id=0050b6e0f0\" method=\"post\" id=\"mc-embedded-subscribe-form\" name=\"mc-embedded-subscribe-form\" class=\"validate\" target=\"_blank\">\n<div id=\"mc_embed_signup_scroll\">\n<div class=\"indicates-required\"><span class=\"asterisk\">*<\/span> indicates required<\/div>\n<div class=\"mc-field-group\"><label for=\"mce-EMAIL\">Adresse E-mail <span class=\"asterisk\">*<\/span><\/label><input type=\"email\" name=\"EMAIL\" class=\"required email\" id=\"mce-EMAIL\" required=\"\" value=\"\"><\/div>\n<div class=\"mc-field-group\"><label for=\"mce-FNAME\">Pr\u00e9nom <\/label><input type=\"text\" name=\"FNAME\" class=\" text\" id=\"mce-FNAME\" value=\"\"><\/div>\n<div class=\"mc-field-group\"><label for=\"mce-LNAME\">Nom <\/label><input type=\"text\" name=\"LNAME\" class=\" text\" id=\"mce-LNAME\" value=\"\"><\/div>\n<div class=\"mc-field-group input-group\"><strong>Vos centres d&#8217;int\u00e9r\u00eat <\/strong><\/p>\n<ul>\n<li><input type=\"checkbox\" name=\"group[5245][1]\" id=\"mce-group[5245]-5245-0\" value=\"\"><label for=\"mce-group[5245]-5245-0\">Domaine Notre-Dame de la Route<\/label><\/li>\n<li><input type=\"checkbox\" name=\"group[5245][2]\" id=\"mce-group[5245]-5245-1\" value=\"\"><label for=\"mce-group[5245]-5245-1\">CIS<\/label><\/li>\n<li><input type=\"checkbox\" name=\"group[5245][4]\" id=\"mce-group[5245]-5245-2\" value=\"\"><label for=\"mce-group[5245]-5245-2\">Restaurant Le Voisin<\/label><\/li>\n<li><input type=\"checkbox\" name=\"group[5245][16]\" id=\"mce-group[5245]-5245-3\" value=\"\"><label for=\"mce-group[5245]-5245-3\">Alto Espace sant\u00e9<\/label><\/li>\n<\/ul>\n<\/div>\n<div id=\"mergeRow-gdpr\" class=\"mergeRow gdpr-mergeRow content__gdprBlock mc-field-group\">\n<div class=\"content__gdpr\"><label>Marketing Permissions<\/label><\/p>\n<p>Le CIS utilisera les informations que vous fournissez dans ce formulaire pour prendre contact avec vous et vous proposer ses actualit\u00e9s et des actions de marketing. N&#8217;h\u00e9sitez pas \u00e0 nous faire part de toutes les fa\u00e7ons dont vous aimeriez recevoir des informations de notre part :<\/p>\n<fieldset class=\"mc_fieldset gdprRequired mc-field-group\" name=\"interestgroup_field\"><label class=\"checkbox subfield\" for=\"gdpr2517\"><input type=\"checkbox\" id=\"gdpr_2517\" name=\"gdpr[2517]\" class=\"gdpr\" value=\"Y\"><span>E-mail<\/span><\/label><\/fieldset>\n<p>Vous pouvez changer d&#8217;avis \u00e0 tout moment en cliquant sur le lien de d\u00e9sinscription figurant dans le pied de page de tout courriel que vous recevez de notre part, ou en nous contactant \u00e0 l&#8217;adresse <a href=\"javascript:secureDecryptAndNavigate('nVolQTkHuaPWi4rZmKV9BKWOs3pAEX49+NWk60qDge0tCxoE+M75KRF1lXnAlfr9RuuuAsBLmGDy\/40A3iOJAEVfSzg=', '44703f56e224e5a97670b97ec929f309899b63cace88eb86eeda409733f7db64')\">&#97;&#100;&#109;in&#64;c&#105;&#115;&#102;.c&#104;<\/a>. Nous traiterons vos informations avec respect. Pour plus d&#8217;informations sur nos pratiques en mati\u00e8re de protection de la vie priv\u00e9e, veuillez consulter notre site web. En cliquant ci-dessous, vous acceptez que nous traitions vos informations conform\u00e9ment \u00e0 ces conditions.<\/p>\n<\/div>\n<div class=\"content__gdprLegal\">\n<p>We use Mailchimp as our marketing platform. By clicking below to subscribe, you acknowledge that your information will be transferred to Mailchimp for processing. <a href=\"https:\/\/mailchimp.com\/legal\/terms\">Learn more<\/a> about Mailchimp&#8217;s privacy practices.<\/p>\n<\/div>\n<\/div>\n<div id=\"mce-responses\" class=\"clear\">\n<div class=\"response\" id=\"mce-error-response\" style=\"display: none;\"><\/div>\n<div class=\"response\" id=\"mce-success-response\" style=\"display: none;\"><\/div>\n<\/p><\/div>\n<div style=\"position: absolute; left: -5000px;\" aria-hidden=\"true\"><input type=\"text\" name=\"b_a2129447b9135f7b00f4e7a55_cc65e8b33b\" tabindex=\"-1\" value=\"\"><\/div>\n<div class=\"clear\"><input type=\"submit\" name=\"subscribe\" id=\"mc-embedded-subscribe\" class=\"button\" value=\"S'inscrire\"><\/div>\n<\/p><\/div>\n<\/form>\n<\/div>\n<p><script type=\"text\/javascript\" src=\"\/\/s3.amazonaws.com\/downloads.mailchimp.com\/js\/mc-validate.js\"><\/script><script type=\"text\/javascript\">(function($) {window.fnames = new Array(); window.ftypes = new Array();fnames[0]='EMAIL';ftypes[0]='email';fnames[1]='FNAME';ftypes[1]='text';fnames[2]='LNAME';ftypes[2]='text';fnames[3]='ADDRESS';ftypes[3]='address';fnames[4]='PHONE';ftypes[4]='phone';\/*\n * Translated default messages for the $ validation plugin.\n * Locale: FR\n *\/\n$.extend($.validator.messages, {\n        required: \"Ce champ est requis.\",\n        remote: \"Veuillez remplir ce champ pour continuer.\",\n        email: \"Veuillez entrer une adresse email valide.\",\n        url: \"Veuillez entrer une URL valide.\",\n        date: \"Veuillez entrer une date valide.\",\n        dateISO: \"Veuillez entrer une date valide (ISO).\",\n        number: \"Veuillez entrer un nombre valide.\",\n        digits: \"Veuillez entrer (seulement) une valeur num\u00e9rique.\",\n        creditcard: \"Veuillez entrer un num\u00e9ro de carte de cr\u00e9dit valide.\",\n        equalTo: \"Veuillez entrer une nouvelle fois la m\u00eame valeur.\",\n        accept: \"Veuillez entrer une valeur avec une extension valide.\",\n        maxlength: $.validator.format(\"Veuillez ne pas entrer plus de {0} caract\u00e8res.\"),\n        minlength: $.validator.format(\"Veuillez entrer au moins {0} caract\u00e8res.\"),\n        rangelength: $.validator.format(\"Veuillez entrer entre {0} et {1} caract\u00e8res.\"),\n        range: $.validator.format(\"Veuillez entrer une valeur entre {0} et {1}.\"),\n        max: $.validator.format(\"Veuillez entrer une valeur inf\u00e9rieure ou \u00e9gale \u00e0 {0}.\"),\n        min: $.validator.format(\"Veuillez entrer une valeur sup\u00e9rieure ou \u00e9gale \u00e0 {0}.\")\n});}(jQuery));var $mcj = jQuery.noConflict(true);<\/script><\/div>\n","protected":false},"excerpt":{"rendered":"<p>* indicates required Adresse E-mail * Pr\u00e9nom Nom Vos centres d&#8217;int\u00e9r\u00eat Domaine Notre-Dame de la Route CIS Restaurant Le Voisin Alto Espace sant\u00e9 Marketing Permissions Le CIS utilisera les informations que vous fournissez dans ce formulaire pour prendre contact avec vous et vous proposer ses actualit\u00e9s et des actions de marketing. N&#8217;h\u00e9sitez pas \u00e0 nous [&hellip;]<\/p>\n","protected":false},"author":1,"featured_media":0,"parent":0,"menu_order":77,"comment_status":"closed","ping_status":"closed","template":"","meta":{"_acf_changed":false,"_exactmetrics_skip_tracking":false,"_exactmetrics_sitenote_active":false,"_exactmetrics_sitenote_note":"","_exactmetrics_sitenote_category":0,"footnotes":""},"class_list":["post-1480","page","type-page","status-publish","hentry"],"acf":[],"yoast_head":"<!-- This site is optimized with the Yoast SEO plugin v27.4 - https:\/\/yoast.com\/product\/yoast-seo-wordpress\/ -->\n<title>Newsletter | Restez inform\u00e9s des derni\u00e8res nouveaut\u00e9s | Domaine NDR<\/title>\n<meta name=\"description\" content=\"Inscrivez-vous \u00e0 notre newsletter et ne manquez pas les derni\u00e8res actualit\u00e9s, les offres, le programme des activit\u00e9s et tout ce qui fait la vie au Domaine.\" \/>\n<meta name=\"robots\" content=\"index, follow, max-snippet:-1, max-image-preview:large, max-video-preview:-1\" \/>\n<meta property=\"og:locale\" content=\"en_US\" \/>\n<meta property=\"og:type\" content=\"article\" \/>\n<meta property=\"og:title\" content=\"Newsletter | Restez inform\u00e9s des derni\u00e8res nouveaut\u00e9s | Domaine NDR\" \/>\n<meta property=\"og:description\" content=\"Inscrivez-vous \u00e0 notre newsletter et ne manquez pas les derni\u00e8res actualit\u00e9s, les offres, le programme des activit\u00e9s et tout ce qui fait la vie au Domaine.\" \/>\n<meta property=\"og:url\" content=\"https:\/\/www.domaine-ndr.ch\/en\/inscription-a-la-newsletter-publique\/\" \/>\n<meta property=\"og:site_name\" content=\"Notre dame de la route\" \/>\n<meta property=\"article:publisher\" content=\"https:\/\/www.facebook.com\/DomaineNDR\/\" \/>\n<meta property=\"article:modified_time\" content=\"2024-11-04T15:52:51+00:00\" \/>\n<meta property=\"og:image\" content=\"https:\/\/www.domaine-ndr.ch\/wp-content\/uploads\/DSC4008-1-770x545.jpg\" \/>\n\t<meta property=\"og:image:width\" content=\"770\" \/>\n\t<meta property=\"og:image:height\" content=\"545\" \/>\n\t<meta property=\"og:image:type\" content=\"image\/jpeg\" \/>\n<meta name=\"twitter:card\" content=\"summary_large_image\" \/>\n<meta name=\"twitter:label1\" content=\"Est. reading time\" \/>\n\t<meta name=\"twitter:data1\" content=\"1 minute\" \/>\n<!-- \/ Yoast SEO plugin. -->","yoast_head_json":{"title":"Newsletter | Restez inform\u00e9s des derni\u00e8res nouveaut\u00e9s | Domaine NDR","description":"Inscrivez-vous \u00e0 notre newsletter et ne manquez pas les derni\u00e8res actualit\u00e9s, les offres, le programme des activit\u00e9s et tout ce qui fait la vie au Domaine.","robots":{"index":"index","follow":"follow","max-snippet":"max-snippet:-1","max-image-preview":"max-image-preview:large","max-video-preview":"max-video-preview:-1"},"og_locale":"en_US","og_type":"article","og_title":"Newsletter | Restez inform\u00e9s des derni\u00e8res nouveaut\u00e9s | Domaine NDR","og_description":"Inscrivez-vous \u00e0 notre newsletter et ne manquez pas les derni\u00e8res actualit\u00e9s, les offres, le programme des activit\u00e9s et tout ce qui fait la vie au Domaine.","og_url":"https:\/\/www.domaine-ndr.ch\/en\/inscription-a-la-newsletter-publique\/","og_site_name":"Notre dame de la route","article_publisher":"https:\/\/www.facebook.com\/DomaineNDR\/","article_modified_time":"2024-11-04T15:52:51+00:00","og_image":[{"width":770,"height":545,"url":"https:\/\/www.domaine-ndr.ch\/wp-content\/uploads\/DSC4008-1-770x545.jpg","type":"image\/jpeg"}],"twitter_card":"summary_large_image","twitter_misc":{"Est. reading time":"1 minute"},"schema":{"@context":"https:\/\/schema.org","@graph":[{"@type":"WebPage","@id":"https:\/\/www.domaine-ndr.ch\/en\/inscription-a-la-newsletter-publique\/","url":"https:\/\/www.domaine-ndr.ch\/en\/inscription-a-la-newsletter-publique\/","name":"Newsletter | Restez inform\u00e9s des derni\u00e8res nouveaut\u00e9s | Domaine NDR","isPartOf":{"@id":"https:\/\/www.domaine-ndr.ch\/en\/#website"},"datePublished":"2018-05-17T11:20:17+00:00","dateModified":"2024-11-04T15:52:51+00:00","description":"Inscrivez-vous \u00e0 notre newsletter et ne manquez pas les derni\u00e8res actualit\u00e9s, les offres, le programme des activit\u00e9s et tout ce qui fait la vie au Domaine.","breadcrumb":{"@id":"https:\/\/www.domaine-ndr.ch\/en\/inscription-a-la-newsletter-publique\/#breadcrumb"},"inLanguage":"en-US","potentialAction":[{"@type":"ReadAction","target":["https:\/\/www.domaine-ndr.ch\/en\/inscription-a-la-newsletter-publique\/"]}]},{"@type":"BreadcrumbList","@id":"https:\/\/www.domaine-ndr.ch\/en\/inscription-a-la-newsletter-publique\/#breadcrumb","itemListElement":[{"@type":"ListItem","position":1,"name":"Home","item":"https:\/\/www.domaine-ndr.ch\/en\/"},{"@type":"ListItem","position":2,"name":"Inscription \u00e0 la newsletter publique"}]},{"@type":"WebSite","@id":"https:\/\/www.domaine-ndr.ch\/en\/#website","url":"https:\/\/www.domaine-ndr.ch\/en\/","name":"Notre dame de la route","description":"","potentialAction":[{"@type":"SearchAction","target":{"@type":"EntryPoint","urlTemplate":"https:\/\/www.domaine-ndr.ch\/en\/?s={search_term_string}"},"query-input":{"@type":"PropertyValueSpecification","valueRequired":true,"valueName":"search_term_string"}}],"inLanguage":"en-US"}]}},"_links":{"self":[{"href":"https:\/\/www.domaine-ndr.ch\/en\/wp-json\/wp\/v2\/pages\/1480","targetHints":{"allow":["GET"]}}],"collection":[{"href":"https:\/\/www.domaine-ndr.ch\/en\/wp-json\/wp\/v2\/pages"}],"about":[{"href":"https:\/\/www.domaine-ndr.ch\/en\/wp-json\/wp\/v2\/types\/page"}],"author":[{"embeddable":true,"href":"https:\/\/www.domaine-ndr.ch\/en\/wp-json\/wp\/v2\/users\/1"}],"replies":[{"embeddable":true,"href":"https:\/\/www.domaine-ndr.ch\/en\/wp-json\/wp\/v2\/comments?post=1480"}],"version-history":[{"count":13,"href":"https:\/\/www.domaine-ndr.ch\/en\/wp-json\/wp\/v2\/pages\/1480\/revisions"}],"predecessor-version":[{"id":8888,"href":"https:\/\/www.domaine-ndr.ch\/en\/wp-json\/wp\/v2\/pages\/1480\/revisions\/8888"}],"wp:attachment":[{"href":"https:\/\/www.domaine-ndr.ch\/en\/wp-json\/wp\/v2\/media?parent=1480"}],"curies":[{"name":"wp","href":"https:\/\/api.w.org\/{rel}","templated":true}]}}