{"id":8275,"date":"2024-08-13T14:29:56","date_gmt":"2024-08-13T12:29:56","guid":{"rendered":"https:\/\/www.domaine-ndr.ch\/?page_id=8275"},"modified":"2024-08-20T16:37:28","modified_gmt":"2024-08-20T14:37:28","slug":"kunst-in-le-domaine","status":"publish","type":"page","link":"https:\/\/www.domaine-ndr.ch\/de\/domaine-ndr\/kunst-in-le-domaine\/","title":{"rendered":"Kunst in Le Domaine"},"content":{"rendered":"<p>Mit Hilfe der K\u00fcnstlerin <a href=\"https:\/\/www.andreadora.ch\/\" target=\"_blank\" rel=\"noopener\">Andrea Dora Wolfsk\u00e4mpf<\/a> hat sich die Domaine mit dynamischen, ausdrucksstarken und flie\u00dfenden Farben und Bewegungen geschm\u00fcckt.<\/p>\n<p>Durch diese Zusammenarbeit vollzieht die Domaine eine Wende in ihrer Identit\u00e4t. Die Domaine war schon immer ein Ort, an dem man sich erholen konnte, doch nun soll die Kunst dazu beitragen, die Inspiration zu finden.<\/p>\n<p>Die Idee des K\u00fcnstlers f\u00fcr das Re-Looking der Domaine war es, eine einladende Atmosph\u00e4re zu schaffen, die gleichzeitig dynamisch und sanft ist. Eine Atmosph\u00e4re, die den Besucher inspiriert.<\/p>\n<p>Sie w\u00e4hlte zwei gro\u00dfformatige Originalbilder am Eingang der Domaine und im gro\u00dfen Foyer, die sich im Laufe der Monate ver\u00e4ndern k\u00f6nnen. Hochwertige Drucke ihrer Bilder werden f\u00fcr die anderen R\u00e4ume verwendet.<\/p>\n<p>In den langen Korridoren sind die W\u00e4nde vom Boden bis zur Decke mit vertikalen Streifen bedruckt, um einen Rhythmus mit den T\u00fcren zu schaffen. Man erkennt keine Gem\u00e4lde, sondern Farbwelten, die Geschichten erz\u00e4hlen. Jeder Flur hat sein eigenes Bild, das ihm einen individuellen Charakter verleiht.<\/p>\n<p>Die Doppelzimmer des Hotels zeigen eine Reproduktion eines Gem\u00e4ldes, angepasst an die gegen\u00fcberliegende farbige Wand. Das Restaurant zeigt eine Auswahl an &#8220;echten&#8221; gedruckten Gem\u00e4lden, die zu einer Kostprobe f\u00fcr Augen und Gaumen einladen. Ein Eintauchen in die Geschm\u00e4cker des Gartens und der Farben, zwischen Kunst und K\u00fcche.<\/p>\n<p>Kleinformatige Reproduktionen und andere Souvenirs, die in den Farben meiner Bilder gekleidet sind, werden in der Boutique der Domaine zum Verkauf angeboten.<\/p>\n<p>Die Neugestaltung des Innenraums ist erst der Anfang. Unser Wunsch ist es, dass die Kunst ein integraler Bestandteil der Domaine wird und sich auch mit der umgebenden Natur vermischt. Wir sind davon \u00fcberzeugt, dass es auch f\u00fcr unsere Rehabilitationsmitarbeiterinnen und -mitarbeiter positiv sein wird, Kunst in die Domaine zu bringen, sowohl durch die Emotionen, die sie hervorruft, als auch durch die therapeutischen M\u00f6glichkeiten, die sie er\u00f6ffnet.<\/p>\n","protected":false},"excerpt":{"rendered":"<p>Mit Hilfe der K\u00fcnstlerin Andrea Dora Wolfsk\u00e4mpf hat sich die Domaine mit dynamischen, ausdrucksstarken und flie\u00dfenden Farben und Bewegungen geschm\u00fcckt. Durch diese Zusammenarbeit vollzieht die Domaine eine Wende in ihrer Identit\u00e4t. Die Domaine war schon immer ein Ort, an dem man sich erholen konnte, doch nun soll die Kunst dazu beitragen, die Inspiration zu finden. [&hellip;]<\/p>\n","protected":false},"author":6,"featured_media":0,"parent":542,"menu_order":17,"comment_status":"closed","ping_status":"closed","template":"","meta":{"_acf_changed":false,"_exactmetrics_skip_tracking":false,"_exactmetrics_sitenote_active":false,"_exactmetrics_sitenote_note":"","_exactmetrics_sitenote_category":0,"footnotes":""},"class_list":["post-8275","page","type-page","status-publish","hentry"],"acf":[],"yoast_head":"<!-- This site is optimized with the Yoast SEO plugin v27.4 - https:\/\/yoast.com\/product\/yoast-seo-wordpress\/ -->\n<title>Kunst in Le Domaine - Notre dame de la route<\/title>\n<meta name=\"robots\" content=\"index, follow, max-snippet:-1, max-image-preview:large, max-video-preview:-1\" \/>\n<meta property=\"og:locale\" content=\"de_DE\" \/>\n<meta property=\"og:type\" content=\"article\" \/>\n<meta property=\"og:title\" content=\"Kunst in Le Domaine - Notre dame de la route\" \/>\n<meta property=\"og:description\" content=\"Mit Hilfe der K\u00fcnstlerin Andrea Dora Wolfsk\u00e4mpf hat sich die Domaine mit dynamischen, ausdrucksstarken und flie\u00dfenden Farben und Bewegungen geschm\u00fcckt. Durch diese Zusammenarbeit vollzieht die Domaine eine Wende in ihrer Identit\u00e4t. Die Domaine war schon immer ein Ort, an dem man sich erholen konnte, doch nun soll die Kunst dazu beitragen, die Inspiration zu finden. [&hellip;]\" \/>\n<meta property=\"og:url\" content=\"https:\/\/www.domaine-ndr.ch\/de\/domaine-ndr\/kunst-in-le-domaine\/\" \/>\n<meta property=\"og:site_name\" content=\"Notre dame de la route\" \/>\n<meta property=\"article:publisher\" content=\"https:\/\/www.facebook.com\/DomaineNDR\/\" \/>\n<meta property=\"article:modified_time\" content=\"2024-08-20T14:37:28+00:00\" \/>\n<meta property=\"og:image\" content=\"https:\/\/www.domaine-ndr.ch\/wp-content\/uploads\/DSC4008-1-770x545.jpg\" \/>\n\t<meta property=\"og:image:width\" content=\"770\" \/>\n\t<meta property=\"og:image:height\" content=\"545\" \/>\n\t<meta property=\"og:image:type\" content=\"image\/jpeg\" \/>\n<meta name=\"twitter:card\" content=\"summary_large_image\" \/>\n<meta name=\"twitter:label1\" content=\"Gesch\u00e4tzte Lesezeit\" \/>\n\t<meta name=\"twitter:data1\" content=\"2\u00a0Minuten\" \/>\n<!-- \/ Yoast SEO plugin. -->","yoast_head_json":{"title":"Kunst in Le Domaine - Notre dame de la route","robots":{"index":"index","follow":"follow","max-snippet":"max-snippet:-1","max-image-preview":"max-image-preview:large","max-video-preview":"max-video-preview:-1"},"og_locale":"de_DE","og_type":"article","og_title":"Kunst in Le Domaine - Notre dame de la route","og_description":"Mit Hilfe der K\u00fcnstlerin Andrea Dora Wolfsk\u00e4mpf hat sich die Domaine mit dynamischen, ausdrucksstarken und flie\u00dfenden Farben und Bewegungen geschm\u00fcckt. Durch diese Zusammenarbeit vollzieht die Domaine eine Wende in ihrer Identit\u00e4t. Die Domaine war schon immer ein Ort, an dem man sich erholen konnte, doch nun soll die Kunst dazu beitragen, die Inspiration zu finden. [&hellip;]","og_url":"https:\/\/www.domaine-ndr.ch\/de\/domaine-ndr\/kunst-in-le-domaine\/","og_site_name":"Notre dame de la route","article_publisher":"https:\/\/www.facebook.com\/DomaineNDR\/","article_modified_time":"2024-08-20T14:37:28+00:00","og_image":[{"width":770,"height":545,"url":"https:\/\/www.domaine-ndr.ch\/wp-content\/uploads\/DSC4008-1-770x545.jpg","type":"image\/jpeg"}],"twitter_card":"summary_large_image","twitter_misc":{"Gesch\u00e4tzte Lesezeit":"2\u00a0Minuten"},"schema":{"@context":"https:\/\/schema.org","@graph":[{"@type":"WebPage","@id":"https:\/\/www.domaine-ndr.ch\/de\/domaine-ndr\/kunst-in-le-domaine\/","url":"https:\/\/www.domaine-ndr.ch\/de\/domaine-ndr\/kunst-in-le-domaine\/","name":"Kunst in Le Domaine - Notre dame de la route","isPartOf":{"@id":"https:\/\/www.domaine-ndr.ch\/de\/#website"},"datePublished":"2024-08-13T12:29:56+00:00","dateModified":"2024-08-20T14:37:28+00:00","breadcrumb":{"@id":"https:\/\/www.domaine-ndr.ch\/de\/domaine-ndr\/kunst-in-le-domaine\/#breadcrumb"},"inLanguage":"de","potentialAction":[{"@type":"ReadAction","target":["https:\/\/www.domaine-ndr.ch\/de\/domaine-ndr\/kunst-in-le-domaine\/"]}]},{"@type":"BreadcrumbList","@id":"https:\/\/www.domaine-ndr.ch\/de\/domaine-ndr\/kunst-in-le-domaine\/#breadcrumb","itemListElement":[{"@type":"ListItem","position":1,"name":"Home","item":"https:\/\/www.domaine-ndr.ch\/de\/"},{"@type":"ListItem","position":2,"name":"Le Domaine","item":"https:\/\/www.domaine-ndr.ch\/de\/domaine-ndr\/"},{"@type":"ListItem","position":3,"name":"Kunst in Le Domaine"}]},{"@type":"WebSite","@id":"https:\/\/www.domaine-ndr.ch\/de\/#website","url":"https:\/\/www.domaine-ndr.ch\/de\/","name":"Notre dame de la route","description":"","potentialAction":[{"@type":"SearchAction","target":{"@type":"EntryPoint","urlTemplate":"https:\/\/www.domaine-ndr.ch\/de\/?s={search_term_string}"},"query-input":{"@type":"PropertyValueSpecification","valueRequired":true,"valueName":"search_term_string"}}],"inLanguage":"de"}]}},"_links":{"self":[{"href":"https:\/\/www.domaine-ndr.ch\/de\/wp-json\/wp\/v2\/pages\/8275","targetHints":{"allow":["GET"]}}],"collection":[{"href":"https:\/\/www.domaine-ndr.ch\/de\/wp-json\/wp\/v2\/pages"}],"about":[{"href":"https:\/\/www.domaine-ndr.ch\/de\/wp-json\/wp\/v2\/types\/page"}],"author":[{"embeddable":true,"href":"https:\/\/www.domaine-ndr.ch\/de\/wp-json\/wp\/v2\/users\/6"}],"replies":[{"embeddable":true,"href":"https:\/\/www.domaine-ndr.ch\/de\/wp-json\/wp\/v2\/comments?post=8275"}],"version-history":[{"count":3,"href":"https:\/\/www.domaine-ndr.ch\/de\/wp-json\/wp\/v2\/pages\/8275\/revisions"}],"predecessor-version":[{"id":8278,"href":"https:\/\/www.domaine-ndr.ch\/de\/wp-json\/wp\/v2\/pages\/8275\/revisions\/8278"}],"up":[{"embeddable":true,"href":"https:\/\/www.domaine-ndr.ch\/de\/wp-json\/wp\/v2\/pages\/542"}],"wp:attachment":[{"href":"https:\/\/www.domaine-ndr.ch\/de\/wp-json\/wp\/v2\/media?parent=8275"}],"curies":[{"name":"wp","href":"https:\/\/api.w.org\/{rel}","templated":true}]}}