{"id":8267,"date":"2024-08-13T13:59:15","date_gmt":"2024-08-13T11:59:15","guid":{"rendered":"https:\/\/www.domaine-ndr.ch\/?page_id=8267"},"modified":"2024-08-13T13:59:57","modified_gmt":"2024-08-13T11:59:57","slug":"wiedereingliederungsbetribe","status":"publish","type":"page","link":"https:\/\/www.domaine-ndr.ch\/de\/aussbildung-integration\/wiedereingliederungsbetribe\/","title":{"rendered":"Wiedereingliederungsbetribe"},"content":{"rendered":"<p>Mit seinen 2,8 Hektar bietet der Park der Domaine viele M\u00f6glichkeiten. Bei so viel Natur hat das CIS beschlossen, dort zwei Werkst\u00e4tten f\u00fcr Wiedereingliederung einzurichten.<\/p>\n<p>Durch diese Werkst\u00e4tten im Freien bieten wir unseren Mitarbeitern und Praktikanten die M\u00f6glichkeit, im Kontakt mit der Natur zu arbeiten und von ihren zahlreichen Vorteilen zu profitieren. Sie erm\u00f6glichen es uns au\u00dferdem, unsere Teams f\u00fcr nachhaltigere Produktions- und Konsummuster zu sensibilisieren.<\/p>\n<hr \/>\n<h3><strong>L&#8217;Atelier vert<\/strong><\/h3>\n<p>Das Atelier vert ist dem Sektor Produktion &amp; Dienstleistungen des CIS angegliedert und verwaltet den 2&#8217;800 m2 grossen Gem\u00fcsegarten sowie die Pflege des Parks der Domaine.<\/p>\n<p>Das Team besteht aus Personen mit angepassten Arbeitspl\u00e4tzen, die von einem Gruppenleiter betreut werden. Gemeinsam liegt es ihnen am Herzen, im Einklang mit der Natur qualitativ hochwertiges Obst und Gem\u00fcse zu produzieren, das sie mit Stolz auf den Tellern der Restaurants des CIS serviert sehen.<\/p>\n<p>Auch wenn der Beruf k\u00f6rperlich anstrengend bleibt, werden Werkzeuge, Maschinen und Techniken eingesetzt, die den Schwierigkeiten jedes Einzelnen angepasst sind. So wird die Arbeit so angepasst, dass jeder Mitarbeiter und jede Mitarbeiterin Freude daran hat, egal ob es darum geht, die Zufahrten zum Weingut vom Schnee zu befreien, die Erde f\u00fcr die Pflanzungen vorzubereiten oder die Produktion zu ernten.<\/p>\n<table style=\"border-collapse: collapse; width: 100%;\">\n<tbody>\n<tr>\n<td style=\"width: 25%;\"><img loading=\"lazy\" decoding=\"async\" class=\"alignleft size-full wp-image-7996\" src=\"https:\/\/www.domaine-ndr.ch\/wp-content\/uploads\/DB4_2699-2500x1500.jpg\" alt=\"\" width=\"2500\" height=\"1500\" \/><\/td>\n<td style=\"width: 25%;\"><img loading=\"lazy\" decoding=\"async\" class=\"alignleft size-full wp-image-7999\" src=\"https:\/\/www.domaine-ndr.ch\/wp-content\/uploads\/DB4_2818-2500x1500.jpg\" alt=\"\" width=\"2500\" height=\"1500\" \/><\/td>\n<td style=\"width: 25%;\"><img loading=\"lazy\" decoding=\"async\" class=\"alignleft size-full wp-image-8002\" src=\"https:\/\/www.domaine-ndr.ch\/wp-content\/uploads\/DB4_2952-2500x1500.jpg\" alt=\"\" width=\"2500\" height=\"1500\" \/><\/td>\n<td style=\"width: 25%;\"><img loading=\"lazy\" decoding=\"async\" class=\"alignleft size-full wp-image-8005\" src=\"https:\/\/www.domaine-ndr.ch\/wp-content\/uploads\/DB4_3054-2500x1500.jpg\" alt=\"\" width=\"2500\" height=\"1500\" \/><\/td>\n<\/tr>\n<\/tbody>\n<\/table>\n<hr \/>\n<h3><strong>L&#8217;Atelier Animalier<\/strong><\/h3>\n<p>Dieser Werkstatt ist eine Aktivit\u00e4t, die von Crescendo, unserem Rehabilitationszentrum, f\u00fcr Personen angeboten wird, die uns unter anderem von der IV-Stelle geschickt werden, mit dem Ziel, sich nach einem Unfall oder einer Krankheit wieder mit der Arbeitswelt zu konfrontieren.<\/p>\n<p>Dank der Tiere profitieren die Praktikanten von einem wohlwollenden Raum und einer nicht wertenden Zusammenarbeit, um wieder einen Arbeitsrhythmus zu finden, sich sanft ein berufliches Umfeld anzueignen, den Rahmen ihres Tages neu zu strukturieren, Selbstvertrauen aufzubauen und wieder Freude an beruflichen T\u00e4tigkeiten und Verantwortung zu gewinnen.<\/p>\n<p>Wenn die Praktikanten sich mit Freude um die Tiere k\u00fcmmern, k\u00f6nnen die Tiere sie hundertfach belohnen, indem sie ihnen ihr ganzes Vertrauen und ihre Zuneigung schenken. Eine nicht zu untersch\u00e4tzende Quelle des Wohlbefindens f\u00fcr Menschen, die schwierige Zeiten durchleben.<\/p>\n<table style=\"border-collapse: collapse; width: 100%;\">\n<tbody>\n<tr>\n<td style=\"width: 25%;\"><img loading=\"lazy\" decoding=\"async\" class=\"alignleft size-full wp-image-8014\" src=\"https:\/\/www.domaine-ndr.ch\/wp-content\/uploads\/DB4_3099-2500x1500.jpg\" alt=\"\" width=\"2500\" height=\"1500\" \/><\/td>\n<td style=\"width: 25%;\"><img loading=\"lazy\" decoding=\"async\" class=\"alignleft size-full wp-image-8017\" src=\"https:\/\/www.domaine-ndr.ch\/wp-content\/uploads\/Stagiaire_Atelier_animalier-2500x1500.jpg\" alt=\"\" width=\"2500\" height=\"1500\" \/><\/td>\n<td style=\"width: 25%;\"><img loading=\"lazy\" decoding=\"async\" class=\"alignleft size-full wp-image-8011\" src=\"https:\/\/www.domaine-ndr.ch\/wp-content\/uploads\/DB4_3014-2500x1500.jpg\" alt=\"\" width=\"2500\" height=\"1500\" \/><\/td>\n<td style=\"width: 25%;\"><img loading=\"lazy\" decoding=\"async\" class=\"alignleft size-full wp-image-8023\" src=\"https:\/\/www.domaine-ndr.ch\/wp-content\/uploads\/DB4_3230-2500x1500.jpg\" alt=\"\" width=\"2500\" height=\"1500\" \/><\/td>\n<\/tr>\n<\/tbody>\n<\/table>\n","protected":false},"excerpt":{"rendered":"<p>Mit seinen 2,8 Hektar bietet der Park der Domaine viele M\u00f6glichkeiten. Bei so viel Natur hat das CIS beschlossen, dort zwei Werkst\u00e4tten f\u00fcr Wiedereingliederung einzurichten. Durch diese Werkst\u00e4tten im Freien bieten wir unseren Mitarbeitern und Praktikanten die M\u00f6glichkeit, im Kontakt mit der Natur zu arbeiten und von ihren zahlreichen Vorteilen zu profitieren. Sie erm\u00f6glichen es [&hellip;]<\/p>\n","protected":false},"author":6,"featured_media":0,"parent":3942,"menu_order":0,"comment_status":"closed","ping_status":"closed","template":"","meta":{"_acf_changed":false,"_exactmetrics_skip_tracking":false,"_exactmetrics_sitenote_active":false,"_exactmetrics_sitenote_note":"","_exactmetrics_sitenote_category":0,"footnotes":""},"class_list":["post-8267","page","type-page","status-publish","hentry"],"acf":[],"yoast_head":"<!-- This site is optimized with the Yoast SEO plugin v27.5 - https:\/\/yoast.com\/product\/yoast-seo-wordpress\/ -->\n<title>Wiedereingliederungsbetribe - Notre dame de la route<\/title>\n<meta name=\"robots\" content=\"index, follow, max-snippet:-1, max-image-preview:large, max-video-preview:-1\" \/>\n<meta property=\"og:locale\" content=\"de_DE\" \/>\n<meta property=\"og:type\" content=\"article\" \/>\n<meta property=\"og:title\" content=\"Wiedereingliederungsbetribe - Notre dame de la route\" \/>\n<meta property=\"og:description\" content=\"Mit seinen 2,8 Hektar bietet der Park der Domaine viele M\u00f6glichkeiten. Bei so viel Natur hat das CIS beschlossen, dort zwei Werkst\u00e4tten f\u00fcr Wiedereingliederung einzurichten. Durch diese Werkst\u00e4tten im Freien bieten wir unseren Mitarbeitern und Praktikanten die M\u00f6glichkeit, im Kontakt mit der Natur zu arbeiten und von ihren zahlreichen Vorteilen zu profitieren. Sie erm\u00f6glichen es [&hellip;]\" \/>\n<meta property=\"og:url\" content=\"https:\/\/www.domaine-ndr.ch\/de\/aussbildung-integration\/wiedereingliederungsbetribe\/\" \/>\n<meta property=\"og:site_name\" content=\"Notre dame de la route\" \/>\n<meta property=\"article:publisher\" content=\"https:\/\/www.facebook.com\/DomaineNDR\/\" \/>\n<meta property=\"article:modified_time\" content=\"2024-08-13T11:59:57+00:00\" \/>\n<meta property=\"og:image\" content=\"https:\/\/www.domaine-ndr.ch\/wp-content\/uploads\/DB4_2699-2500x1500.jpg\" \/>\n<meta name=\"twitter:card\" content=\"summary_large_image\" \/>\n<meta name=\"twitter:label1\" content=\"Gesch\u00e4tzte Lesezeit\" \/>\n\t<meta name=\"twitter:data1\" content=\"4\u00a0Minuten\" \/>\n<!-- \/ Yoast SEO plugin. -->","yoast_head_json":{"title":"Wiedereingliederungsbetribe - Notre dame de la route","robots":{"index":"index","follow":"follow","max-snippet":"max-snippet:-1","max-image-preview":"max-image-preview:large","max-video-preview":"max-video-preview:-1"},"og_locale":"de_DE","og_type":"article","og_title":"Wiedereingliederungsbetribe - Notre dame de la route","og_description":"Mit seinen 2,8 Hektar bietet der Park der Domaine viele M\u00f6glichkeiten. Bei so viel Natur hat das CIS beschlossen, dort zwei Werkst\u00e4tten f\u00fcr Wiedereingliederung einzurichten. Durch diese Werkst\u00e4tten im Freien bieten wir unseren Mitarbeitern und Praktikanten die M\u00f6glichkeit, im Kontakt mit der Natur zu arbeiten und von ihren zahlreichen Vorteilen zu profitieren. Sie erm\u00f6glichen es [&hellip;]","og_url":"https:\/\/www.domaine-ndr.ch\/de\/aussbildung-integration\/wiedereingliederungsbetribe\/","og_site_name":"Notre dame de la route","article_publisher":"https:\/\/www.facebook.com\/DomaineNDR\/","article_modified_time":"2024-08-13T11:59:57+00:00","og_image":[{"url":"https:\/\/www.domaine-ndr.ch\/wp-content\/uploads\/DB4_2699-2500x1500.jpg","type":"","width":"","height":""}],"twitter_card":"summary_large_image","twitter_misc":{"Gesch\u00e4tzte Lesezeit":"4\u00a0Minuten"},"schema":{"@context":"https:\/\/schema.org","@graph":[{"@type":"WebPage","@id":"https:\/\/www.domaine-ndr.ch\/de\/aussbildung-integration\/wiedereingliederungsbetribe\/","url":"https:\/\/www.domaine-ndr.ch\/de\/aussbildung-integration\/wiedereingliederungsbetribe\/","name":"Wiedereingliederungsbetribe - Notre dame de la route","isPartOf":{"@id":"https:\/\/www.domaine-ndr.ch\/de\/#website"},"primaryImageOfPage":{"@id":"https:\/\/www.domaine-ndr.ch\/de\/aussbildung-integration\/wiedereingliederungsbetribe\/#primaryimage"},"image":{"@id":"https:\/\/www.domaine-ndr.ch\/de\/aussbildung-integration\/wiedereingliederungsbetribe\/#primaryimage"},"thumbnailUrl":"https:\/\/www.domaine-ndr.ch\/wp-content\/uploads\/DB4_2699-2500x1500.jpg","datePublished":"2024-08-13T11:59:15+00:00","dateModified":"2024-08-13T11:59:57+00:00","breadcrumb":{"@id":"https:\/\/www.domaine-ndr.ch\/de\/aussbildung-integration\/wiedereingliederungsbetribe\/#breadcrumb"},"inLanguage":"de","potentialAction":[{"@type":"ReadAction","target":["https:\/\/www.domaine-ndr.ch\/de\/aussbildung-integration\/wiedereingliederungsbetribe\/"]}]},{"@type":"ImageObject","inLanguage":"de","@id":"https:\/\/www.domaine-ndr.ch\/de\/aussbildung-integration\/wiedereingliederungsbetribe\/#primaryimage","url":"https:\/\/www.domaine-ndr.ch\/wp-content\/uploads\/DB4_2699-2500x1500.jpg","contentUrl":"https:\/\/www.domaine-ndr.ch\/wp-content\/uploads\/DB4_2699-2500x1500.jpg"},{"@type":"BreadcrumbList","@id":"https:\/\/www.domaine-ndr.ch\/de\/aussbildung-integration\/wiedereingliederungsbetribe\/#breadcrumb","itemListElement":[{"@type":"ListItem","position":1,"name":"Home","item":"https:\/\/www.domaine-ndr.ch\/de\/"},{"@type":"ListItem","position":2,"name":"Ausbildung &#038; Integration","item":"https:\/\/www.domaine-ndr.ch\/de\/aussbildung-integration\/"},{"@type":"ListItem","position":3,"name":"Wiedereingliederungsbetribe"}]},{"@type":"WebSite","@id":"https:\/\/www.domaine-ndr.ch\/de\/#website","url":"https:\/\/www.domaine-ndr.ch\/de\/","name":"Notre dame de la route","description":"","potentialAction":[{"@type":"SearchAction","target":{"@type":"EntryPoint","urlTemplate":"https:\/\/www.domaine-ndr.ch\/de\/?s={search_term_string}"},"query-input":{"@type":"PropertyValueSpecification","valueRequired":true,"valueName":"search_term_string"}}],"inLanguage":"de"}]}},"_links":{"self":[{"href":"https:\/\/www.domaine-ndr.ch\/de\/wp-json\/wp\/v2\/pages\/8267","targetHints":{"allow":["GET"]}}],"collection":[{"href":"https:\/\/www.domaine-ndr.ch\/de\/wp-json\/wp\/v2\/pages"}],"about":[{"href":"https:\/\/www.domaine-ndr.ch\/de\/wp-json\/wp\/v2\/types\/page"}],"author":[{"embeddable":true,"href":"https:\/\/www.domaine-ndr.ch\/de\/wp-json\/wp\/v2\/users\/6"}],"replies":[{"embeddable":true,"href":"https:\/\/www.domaine-ndr.ch\/de\/wp-json\/wp\/v2\/comments?post=8267"}],"version-history":[{"count":1,"href":"https:\/\/www.domaine-ndr.ch\/de\/wp-json\/wp\/v2\/pages\/8267\/revisions"}],"predecessor-version":[{"id":8268,"href":"https:\/\/www.domaine-ndr.ch\/de\/wp-json\/wp\/v2\/pages\/8267\/revisions\/8268"}],"up":[{"embeddable":true,"href":"https:\/\/www.domaine-ndr.ch\/de\/wp-json\/wp\/v2\/pages\/3942"}],"wp:attachment":[{"href":"https:\/\/www.domaine-ndr.ch\/de\/wp-json\/wp\/v2\/media?parent=8267"}],"curies":[{"name":"wp","href":"https:\/\/api.w.org\/{rel}","templated":true}]}}