{"id":8247,"date":"2024-08-12T16:03:54","date_gmt":"2024-08-12T14:03:54","guid":{"rendered":"https:\/\/www.domaine-ndr.ch\/?page_id=8247"},"modified":"2026-01-22T09:40:18","modified_gmt":"2026-01-22T08:40:18","slug":"all-inklusive-seminare","status":"publish","type":"page","link":"https:\/\/www.domaine-ndr.ch\/de\/seminare-meetings\/all-inklusive-seminare\/","title":{"rendered":"All-inklusive Seminare"},"content":{"rendered":"<h3>All-Inclusive-Seminarpauschale<\/h3>\n<p>Eine <strong>All-Inclusive-Formel<\/strong> f\u00fcr Gruppen <strong>ab 10 Personen<\/strong>.<\/p>\n<p>&nbsp;<\/p>\n<p><span class=\"couleur_eau\">Eine Reihe von p<strong>rofessionellen Dienstleistungen<\/strong> in einem <strong>einzigartigen<\/strong> Rahmen in Freiburg<\/span><\/p>\n<table class=\"seminaire-all-inclus\" style=\"width: 49.1006%;\">\n<tbody>\n<tr>\n<td class=\"title\" style=\"background-color: #a9d8eb; width: 96%; height: 80px; text-align: center; vertical-align: middle;\" colspan=\"4\"><strong>Inbegriffen<\/strong><\/td>\n<\/tr>\n<tr style=\"height: 104px;\">\n<td style=\"background-color: #a9d8eb; width: 24%; height: 104px; text-align: center; vertical-align: middle;\">e-screen<br \/>\nHighspeed-WiFi<\/td>\n<td style=\"background-color: #a9d8eb; width: 24%; height: 104px; text-align: center; vertical-align: middle;\">pinwand<br \/>\nflipchart<\/td>\n<td style=\"background-color: #a9d8eb; width: 24%; height: 104px; text-align: center; vertical-align: middle;\">Schreibwaren von<br \/>\nder Moderator<\/td>\n<td style=\"background-color: #a9d8eb; width: 24%; height: 104px; text-align: center; vertical-align: middle;\">Tee-\/Kaffeestation<br \/>\nMineralwasser<\/td>\n<\/tr>\n<\/tbody>\n<\/table>\n<table class=\"seminaire-all-prog\" style=\"border-collapse: collapse; width: 100%; height: 727px;\">\n<thead>\n<tr style=\"height: 164px;\">\n<td style=\"background-color: #ffffff; text-align: left; width: 99.9041%; height: 164px;\" colspan=\"5\"><img loading=\"lazy\" decoding=\"async\" class=\"size-full wp-image-8538 aligncenter\" src=\"https:\/\/www.domaine-ndr.ch\/wp-content\/uploads\/Sans-titre-1.png\" alt=\"\" width=\"932\" height=\"149\" \/><\/td>\n<\/tr>\n<tr style=\"background-color: #82bfd9;\">\n<td style=\"width: 32.5%; height: 96px; background-color: #b5daeb; text-align: center;\">\n<h3><strong>Vormittag<\/strong><\/h3>\n<p>08:00 &gt; 12:00<\/td>\n<td style=\"width: 1.25%%; background-color: #ffffff; text-align: center; height: 96px;\"><\/td>\n<td style=\"width: 32.5%; height: 96px; background-color: #b5daeb; text-align: center;\">\n<h3><strong>Ganztag<\/strong><\/h3>\n<p>08:00 &gt; 17:30<\/td>\n<td style=\"width: 1.25%; background-color: #ffffff; text-align: center; height: 96px;\"><\/td>\n<td style=\"width: 32.5%; height: 96px; background-color: #b5daeb; text-align: center;\">\n<h3><strong><span class=\"couleur_eau\">Nachmittag<\/span><\/strong><\/h3>\n<p>14:00 &gt; 17:00<\/td>\n<\/tr>\n<\/thead>\n<tbody>\n<tr style=\"height: 5px;\">\n<td style=\"width: 32.9175%; height: 18px;\"><\/td>\n<td style=\"width: 1.2476%; height: 18px;\"><\/td>\n<td style=\"width: 30.4223%; height: 18px;\"><\/td>\n<td style=\"width: 1.53551%; height: 18px;\"><\/td>\n<td style=\"width: 33.7812%; height: 18px;\"><\/td>\n<\/tr>\n<tr style=\"height: 24px;\">\n<td style=\"width: 64.5874%; height: 24px; background-color: #e9f3f7; text-align: center;\" colspan=\"3\"><strong>Geb\u00e4ckkorb<\/strong> &amp; frisches <strong>Obst<\/strong><\/td>\n<td style=\"width: 1.53551%; height: 24px;\"><\/td>\n<td style=\"width: 33.7812%; height: 24px;\"><\/td>\n<\/tr>\n<tr style=\"height: 5px;\">\n<td style=\"width: 32.9175%; height: 18px;\"><\/td>\n<td style=\"width: 1.2476%; height: 18px;\"><\/td>\n<td style=\"width: 30.4223%; height: 18px;\"><\/td>\n<td style=\"width: 1.53551%; height: 18px;\"><\/td>\n<td style=\"width: 33.7812%; height: 18px;\"><\/td>\n<\/tr>\n<tr style=\"height: 24px;\">\n<td style=\"width: 64.5874%; height: 24px; background-color: #e9f3f7; text-align: center;\" colspan=\"3\"><strong>S\u00fc\u00df-salzige Pause<\/strong> am Morgen<\/td>\n<td style=\"width: 1.53551%; height: 24px;\"><\/td>\n<td style=\"width: 33.7812%; height: 24px;\"><\/td>\n<\/tr>\n<tr style=\"height: 5px;\">\n<td style=\"width: 32.9175%; height: 24px;\"><\/td>\n<td style=\"width: 1.2476%; height: 24px;\"><\/td>\n<td style=\"width: 30.4223%; height: 24px;\"><\/td>\n<td style=\"width: 1.53551%; height: 24px;\"><\/td>\n<td style=\"width: 33.7812%; height: 24px;\"><\/td>\n<\/tr>\n<tr style=\"height: 24px;\">\n<td style=\"width: 99.9041%; height: 24px; background-color: #e9f3f7; text-align: center;\" colspan=\"5\"><strong>3-G\u00e4nge-Men\u00fc<\/strong> (mittags oder abends) im Restaurant <strong>Le Jardin<\/strong> mit Mineralwasser und Kaffee<\/td>\n<\/tr>\n<tr style=\"height: 5px;\">\n<td style=\"width: 32.9175%; height: 24px;\"><\/td>\n<td style=\"width: 1.2476%; height: 24px;\"><\/td>\n<td style=\"width: 30.4223%; height: 24px;\"><\/td>\n<td style=\"width: 1.53551%; height: 24px;\"><\/td>\n<td style=\"width: 33.7812%; height: 24px;\"><\/td>\n<\/tr>\n<tr style=\"height: 24px;\">\n<td style=\"width: 32.9175%; height: 24px;\"><\/td>\n<td style=\"width: 1.2476%; height: 24px;\"><\/td>\n<td style=\"height: 24px; background-color: #e9f3f7; text-align: center; width: 65.739%;\" colspan=\"3\"><strong>S\u00fc\u00dfer Nachmittagspause<\/strong><\/td>\n<\/tr>\n<tr style=\"height: 153px;\">\n<td style=\"width: 32.9175%; height: 153px;\">\n<h3 style=\"text-align: center;\"><strong>+<\/strong><\/h3>\n<p style=\"text-align: center;\">Raumvermietung<br \/>\nTee-\/Kaffeestation<br \/>\nMineralwasser<\/p>\n<\/td>\n<td style=\"width: 1.2476%; height: 153px;\"><\/td>\n<td style=\"text-align: center; width: 30.4223%; background-color: #ffffff; height: 153px;\">\n<h3 style=\"text-align: center;\"><strong>+<\/strong><\/h3>\n<p style=\"text-align: center;\">Raumvermietung<br \/>\nTee-\/Kaffeestation<br \/>\nMineralwasser<\/p>\n<\/td>\n<td style=\"text-align: center; width: 1.53551%; background-color: #ffffff; height: 153px;\"><strong>\u00a0<\/strong><\/td>\n<td style=\"text-align: center; width: 33.7812%; background-color: #ffffff; height: 153px;\">\n<h3 style=\"text-align: center;\"><strong>+<\/strong><\/h3>\n<p style=\"text-align: center;\">Raumvermietung<br \/>\nTee-\/Kaffeestation<br \/>\nMineralwasser<\/p>\n<\/td>\n<\/tr>\n<tr style=\"height: 24px;\">\n<td style=\"width: 32.9175%; background-color: #e6f4f7; text-align: center; height: 24px;\"><strong>74.00<\/strong> \/ Person<\/td>\n<td style=\"width: 1.2476%; height: 24px;\"><\/td>\n<td style=\"width: 30.4223%; background-color: #e6f4f7; text-align: center; height: 24px;\"><strong>90.00<\/strong> \/ Person<\/td>\n<td style=\"text-align: center; width: 1.53551%; background-color: #ffffff; height: 24px;\"><strong>\u00a0<\/strong><\/td>\n<td style=\"width: 33.7812%; background-color: #e6f4f7; text-align: center; height: 24px;\"><strong>70.00 <\/strong>\/ Person<\/td>\n<\/tr>\n<\/tbody>\n<\/table>\n<p>&nbsp;<\/p>\n<p>Le Domaine beh\u00e4lt sich das Recht vor, den f\u00fcr Ihre Gruppe am besten geeigneter Raum auszuw\u00e4hlen.<\/p>\n<h6>Alle Preise verstehen sich in CHF inkl. MwSt.<\/h6>\n<p><strong><a href=\"https:\/\/www.domaine-ndr.ch\/wp-content\/uploads\/2026_Seminare-und-Meetings.pdf\" target=\"_blank\" rel=\"noopener\">Unsere All-Inclusive-Pauschalen in PDF<\/a><\/strong><\/p>\n<p>&nbsp;<\/p>\n","protected":false},"excerpt":{"rendered":"<p>All-Inclusive-Seminarpauschale Eine All-Inclusive-Formel f\u00fcr Gruppen ab 10 Personen. &nbsp; Eine Reihe von professionellen Dienstleistungen in einem einzigartigen Rahmen in Freiburg Inbegriffen e-screen Highspeed-WiFi pinwand flipchart Schreibwaren von der Moderator Tee-\/Kaffeestation Mineralwasser Vormittag 08:00 &gt; 12:00 Ganztag 08:00 &gt; 17:30 Nachmittag 14:00 &gt; 17:00 Geb\u00e4ckkorb &amp; frisches Obst S\u00fc\u00df-salzige Pause am Morgen 3-G\u00e4nge-Men\u00fc (mittags oder abends) [&hellip;]<\/p>\n","protected":false},"author":6,"featured_media":0,"parent":537,"menu_order":3,"comment_status":"closed","ping_status":"closed","template":"page-full-width-offset.php","meta":{"_acf_changed":false,"_exactmetrics_skip_tracking":false,"_exactmetrics_sitenote_active":false,"_exactmetrics_sitenote_note":"","_exactmetrics_sitenote_category":0,"footnotes":""},"class_list":["post-8247","page","type-page","status-publish","hentry"],"acf":[],"yoast_head":"<!-- This site is optimized with the Yoast SEO plugin v27.4 - https:\/\/yoast.com\/product\/yoast-seo-wordpress\/ -->\n<title>All-inklusive Seminare - Notre dame de la route<\/title>\n<meta name=\"robots\" content=\"index, follow, max-snippet:-1, max-image-preview:large, max-video-preview:-1\" \/>\n<meta property=\"og:locale\" content=\"de_DE\" \/>\n<meta property=\"og:type\" content=\"article\" \/>\n<meta property=\"og:title\" content=\"All-inklusive Seminare - Notre dame de la route\" \/>\n<meta property=\"og:description\" content=\"All-Inclusive-Seminarpauschale Eine All-Inclusive-Formel f\u00fcr Gruppen ab 10 Personen. &nbsp; Eine Reihe von professionellen Dienstleistungen in einem einzigartigen Rahmen in Freiburg Inbegriffen e-screen Highspeed-WiFi pinwand flipchart Schreibwaren von der Moderator Tee-\/Kaffeestation Mineralwasser Vormittag 08:00 &gt; 12:00 Ganztag 08:00 &gt; 17:30 Nachmittag 14:00 &gt; 17:00 Geb\u00e4ckkorb &amp; frisches Obst S\u00fc\u00df-salzige Pause am Morgen 3-G\u00e4nge-Men\u00fc (mittags oder abends) [&hellip;]\" \/>\n<meta property=\"og:url\" content=\"https:\/\/www.domaine-ndr.ch\/de\/seminare-meetings\/all-inklusive-seminare\/\" \/>\n<meta property=\"og:site_name\" content=\"Notre dame de la route\" \/>\n<meta property=\"article:publisher\" content=\"https:\/\/www.facebook.com\/DomaineNDR\/\" \/>\n<meta property=\"article:modified_time\" content=\"2026-01-22T08:40:18+00:00\" \/>\n<meta property=\"og:image\" content=\"https:\/\/www.domaine-ndr.ch\/wp-content\/uploads\/DSC4008-1-770x545.jpg\" \/>\n\t<meta property=\"og:image:width\" content=\"770\" \/>\n\t<meta property=\"og:image:height\" content=\"545\" \/>\n\t<meta property=\"og:image:type\" content=\"image\/jpeg\" \/>\n<meta name=\"twitter:card\" content=\"summary_large_image\" \/>\n<meta name=\"twitter:label1\" content=\"Gesch\u00e4tzte Lesezeit\" \/>\n\t<meta name=\"twitter:data1\" content=\"1\u00a0Minute\" \/>\n<!-- \/ Yoast SEO plugin. -->","yoast_head_json":{"title":"All-inklusive Seminare - Notre dame de la route","robots":{"index":"index","follow":"follow","max-snippet":"max-snippet:-1","max-image-preview":"max-image-preview:large","max-video-preview":"max-video-preview:-1"},"og_locale":"de_DE","og_type":"article","og_title":"All-inklusive Seminare - Notre dame de la route","og_description":"All-Inclusive-Seminarpauschale Eine All-Inclusive-Formel f\u00fcr Gruppen ab 10 Personen. &nbsp; Eine Reihe von professionellen Dienstleistungen in einem einzigartigen Rahmen in Freiburg Inbegriffen e-screen Highspeed-WiFi pinwand flipchart Schreibwaren von der Moderator Tee-\/Kaffeestation Mineralwasser Vormittag 08:00 &gt; 12:00 Ganztag 08:00 &gt; 17:30 Nachmittag 14:00 &gt; 17:00 Geb\u00e4ckkorb &amp; frisches Obst S\u00fc\u00df-salzige Pause am Morgen 3-G\u00e4nge-Men\u00fc (mittags oder abends) [&hellip;]","og_url":"https:\/\/www.domaine-ndr.ch\/de\/seminare-meetings\/all-inklusive-seminare\/","og_site_name":"Notre dame de la route","article_publisher":"https:\/\/www.facebook.com\/DomaineNDR\/","article_modified_time":"2026-01-22T08:40:18+00:00","og_image":[{"width":770,"height":545,"url":"https:\/\/www.domaine-ndr.ch\/wp-content\/uploads\/DSC4008-1-770x545.jpg","type":"image\/jpeg"}],"twitter_card":"summary_large_image","twitter_misc":{"Gesch\u00e4tzte Lesezeit":"1\u00a0Minute"},"schema":{"@context":"https:\/\/schema.org","@graph":[{"@type":"WebPage","@id":"https:\/\/www.domaine-ndr.ch\/de\/seminare-meetings\/all-inklusive-seminare\/","url":"https:\/\/www.domaine-ndr.ch\/de\/seminare-meetings\/all-inklusive-seminare\/","name":"All-inklusive Seminare - Notre dame de la route","isPartOf":{"@id":"https:\/\/www.domaine-ndr.ch\/de\/#website"},"primaryImageOfPage":{"@id":"https:\/\/www.domaine-ndr.ch\/de\/seminare-meetings\/all-inklusive-seminare\/#primaryimage"},"image":{"@id":"https:\/\/www.domaine-ndr.ch\/de\/seminare-meetings\/all-inklusive-seminare\/#primaryimage"},"thumbnailUrl":"https:\/\/www.domaine-ndr.ch\/wp-content\/uploads\/Sans-titre-1.png","datePublished":"2024-08-12T14:03:54+00:00","dateModified":"2026-01-22T08:40:18+00:00","breadcrumb":{"@id":"https:\/\/www.domaine-ndr.ch\/de\/seminare-meetings\/all-inklusive-seminare\/#breadcrumb"},"inLanguage":"de","potentialAction":[{"@type":"ReadAction","target":["https:\/\/www.domaine-ndr.ch\/de\/seminare-meetings\/all-inklusive-seminare\/"]}]},{"@type":"ImageObject","inLanguage":"de","@id":"https:\/\/www.domaine-ndr.ch\/de\/seminare-meetings\/all-inklusive-seminare\/#primaryimage","url":"https:\/\/www.domaine-ndr.ch\/wp-content\/uploads\/Sans-titre-1.png","contentUrl":"https:\/\/www.domaine-ndr.ch\/wp-content\/uploads\/Sans-titre-1.png"},{"@type":"BreadcrumbList","@id":"https:\/\/www.domaine-ndr.ch\/de\/seminare-meetings\/all-inklusive-seminare\/#breadcrumb","itemListElement":[{"@type":"ListItem","position":1,"name":"Home","item":"https:\/\/www.domaine-ndr.ch\/de\/"},{"@type":"ListItem","position":2,"name":"Seminare &#8211; Meetings","item":"https:\/\/www.domaine-ndr.ch\/de\/seminare-meetings\/"},{"@type":"ListItem","position":3,"name":"All-inklusive Seminare"}]},{"@type":"WebSite","@id":"https:\/\/www.domaine-ndr.ch\/de\/#website","url":"https:\/\/www.domaine-ndr.ch\/de\/","name":"Notre dame de la route","description":"","potentialAction":[{"@type":"SearchAction","target":{"@type":"EntryPoint","urlTemplate":"https:\/\/www.domaine-ndr.ch\/de\/?s={search_term_string}"},"query-input":{"@type":"PropertyValueSpecification","valueRequired":true,"valueName":"search_term_string"}}],"inLanguage":"de"}]}},"_links":{"self":[{"href":"https:\/\/www.domaine-ndr.ch\/de\/wp-json\/wp\/v2\/pages\/8247","targetHints":{"allow":["GET"]}}],"collection":[{"href":"https:\/\/www.domaine-ndr.ch\/de\/wp-json\/wp\/v2\/pages"}],"about":[{"href":"https:\/\/www.domaine-ndr.ch\/de\/wp-json\/wp\/v2\/types\/page"}],"author":[{"embeddable":true,"href":"https:\/\/www.domaine-ndr.ch\/de\/wp-json\/wp\/v2\/users\/6"}],"replies":[{"embeddable":true,"href":"https:\/\/www.domaine-ndr.ch\/de\/wp-json\/wp\/v2\/comments?post=8247"}],"version-history":[{"count":7,"href":"https:\/\/www.domaine-ndr.ch\/de\/wp-json\/wp\/v2\/pages\/8247\/revisions"}],"predecessor-version":[{"id":10077,"href":"https:\/\/www.domaine-ndr.ch\/de\/wp-json\/wp\/v2\/pages\/8247\/revisions\/10077"}],"up":[{"embeddable":true,"href":"https:\/\/www.domaine-ndr.ch\/de\/wp-json\/wp\/v2\/pages\/537"}],"wp:attachment":[{"href":"https:\/\/www.domaine-ndr.ch\/de\/wp-json\/wp\/v2\/media?parent=8247"}],"curies":[{"name":"wp","href":"https:\/\/api.w.org\/{rel}","templated":true}]}}