{"id":7676,"date":"2024-01-29T09:46:59","date_gmt":"2024-01-29T08:46:59","guid":{"rendered":"https:\/\/www.domaine-ndr.ch\/?page_id=7676"},"modified":"2026-01-28T12:57:42","modified_gmt":"2026-01-28T11:57:42","slug":"familienzimmer","status":"publish","type":"page","link":"https:\/\/www.domaine-ndr.ch\/de\/beherbergung\/familienzimmer\/","title":{"rendered":"Familienzimmer"},"content":{"rendered":"<p>&nbsp;<\/p>\n<div class=\"cta-button\">\n<p style=\"text-align: left;\"><span style=\"text-align: center;\"><a href=\"https:\/\/www.domaine-ndr.ch\/de\/reservierung\/\" target=\"_blank\" rel=\"noopener\"><strong>RESERVIERUNG<\/strong><\/a><\/span><\/p>\n<\/div>\n<p>&nbsp;<\/p>\n<p><span class=\"couleur_metal\"><strong>PREISE<\/strong> * : ab 160 CHF*<\/span><\/p>\n<p class=\"Textbody\">Unsere Vierbettzimmer sind ideal f\u00fcr Familien.<\/p>\n<p><strong><span class=\"StrongEmphasis\"><span lang=\"DE-CH\">Bett mit zwei Matratzen <\/span><\/span><\/strong> (2x 90\u00d7210)\u00a0<span lang=\"DE-CH\">f\u00fcr den Komfort<\/span><br \/>\n<strong><span class=\"StrongEmphasis\"><span lang=\"DE-CH\">Etagenbett <\/span><\/span><\/strong><span class=\"StrongEmphasis\"><span lang=\"DE-CH\">(2x 90\u00d7210), in einem Alkoven f\u00fcr die Kinder<\/span><\/span><em><strong><span class=\"StrongEmphasis\"><span lang=\"DE-CH\"><br \/>\nWohlf\u00fchl-<\/span><\/span><\/strong><\/em><strong><span class=\"StrongEmphasis\"><span lang=\"DE-CH\">Matratze<\/span><\/span><\/strong><em>\u00a0<span lang=\"DE-CH\">f\u00fcr einen erholsamen Schlaf<br \/>\n<\/span><\/em><strong><span class=\"StrongEmphasis\"><span lang=\"DE-CH\">Privates Bad\u00a0<\/span><\/span><\/strong><span lang=\"DE-CH\">f\u00fcr Komfort und Intimit\u00e4t<br \/>\n<\/span><strong><span class=\"StrongEmphasis\"><span lang=\"DE-CH\">M\u00f6bel aus nat\u00fcrlichen Materialien<\/span><\/span><\/strong>** <span lang=\"DE-CH\">f\u00fcr Ihr Wohlbefinden und aus Liebe zur Natur<\/span><br \/>\n<b><span lang=\"DE-CH\">Kein Fernsehen<\/span>, <\/b><span lang=\"DE-CH\">damit die umgebenden Energien Sie entspannen.<br \/>\n<\/span><strong><span class=\"StrongEmphasis\"><span lang=\"DE-CH\">Blick auf die Voralpen<\/span><\/span><\/strong>\u00a0<span lang=\"DE-CH\">zur Kontemplation <\/span><br \/>\n<strong><span class=\"StrongEmphasis\"><span lang=\"DE-CH\">Zugang zur Dachterrasse<\/span><\/span><\/strong>,\u00a0<span lang=\"DE-CH\">damit Sie die Landschaft bewundern<\/span><\/p>\n<p>Das Fr\u00fchst\u00fcck wird zus\u00e4tzlich zum Zimmerpreis angeboten.<\/p>\n<table style=\"border-collapse: collapse; width: 49.6349%; height: 96px;\">\n<tbody>\n<tr style=\"height: 24px;\">\n<td style=\"width: 22.929%; height: 24px;\">Erwachsene<\/td>\n<td style=\"width: 19.2232%; height: 24px;\">CHF 16.00<\/td>\n<\/tr>\n<tr style=\"height: 24px;\">\n<td style=\"width: 22.929%; height: 24px;\">Kind von 0 bis 4 Jahren<\/td>\n<td style=\"width: 19.2232%; height: 24px;\">Kostenlos<\/td>\n<\/tr>\n<tr style=\"height: 24px;\">\n<td style=\"width: 22.929%; height: 24px;\">Kind von 5 bis 15 Jahren<\/td>\n<td style=\"width: 19.2232%; height: 24px;\">CHF 8.00<\/td>\n<\/tr>\n<tr style=\"height: 24px;\">\n<td style=\"width: 22.929%; height: 24px;\">Kind ab 16 Jahren und \u00e4lter<\/td>\n<td style=\"width: 19.2232%; height: 24px;\">CHF 16.00<\/td>\n<\/tr>\n<\/tbody>\n<\/table>\n<p>\u00d6ffnungszeiten f\u00fcr das Fr\u00fchst\u00fcck<br \/>\nMontag bis Freitag: 6:30 bis 9:30 Uhr<br \/>\nSamstag und Sonntag: 6:30 bis 10:00 Uhr<\/p>\n<p class=\"Textbody\"><i><span lang=\"DE-CH\">Wifi-Anschluss gratis in allen Zimmern<br \/>\n<\/span><\/i><i><span lang=\"DE-CH\">Kurtaxe zus\u00e4tzlich:3.00 CHF pro Person \/ Nacht<\/span><\/i><\/p>\n<h6>* Je nach Einzel- oder Doppelbelegung werden Termine, Verf\u00fcgbarkeiten und allgemeine Verkaufsbedingungen gew\u00e4hlt<br \/>\n** <span lang=\"DE-CH\">In unserer <span class=\"StrongEmphasis\">Werkstatt<\/span>aus nat\u00fcrlichen Materialien ohne Giftstoffe hergestellt, f\u00fcr Ihr Wohlbefinden und mit R\u00fccksicht auf die Umwelt.\u00a0<\/span><span lang=\"DE-CH\">Unsere <\/span><span class=\"StrongEmphasis\"><span lang=\"DE-CH\">Werkstatt\u00a0<\/span><\/span><span lang=\"DE-CH\">besch\u00e4ftigt Personen, die wieder in den Arbeitsmarkt integriert werden sollen.<\/span><\/h6>\n","protected":false},"excerpt":{"rendered":"<p>&nbsp; RESERVIERUNG &nbsp; PREISE * : ab 160 CHF* Unsere Vierbettzimmer sind ideal f\u00fcr Familien. Bett mit zwei Matratzen (2x 90\u00d7210)\u00a0f\u00fcr den Komfort Etagenbett (2x 90\u00d7210), in einem Alkoven f\u00fcr die Kinder Wohlf\u00fchl-Matratze\u00a0f\u00fcr einen erholsamen Schlaf Privates Bad\u00a0f\u00fcr Komfort und Intimit\u00e4t M\u00f6bel aus nat\u00fcrlichen Materialien** f\u00fcr Ihr Wohlbefinden und aus Liebe zur Natur Kein Fernsehen, [&hellip;]<\/p>\n","protected":false},"author":6,"featured_media":0,"parent":539,"menu_order":3,"comment_status":"closed","ping_status":"closed","template":"template-chambre.php","meta":{"_acf_changed":false,"_exactmetrics_skip_tracking":false,"_exactmetrics_sitenote_active":false,"_exactmetrics_sitenote_note":"","_exactmetrics_sitenote_category":0,"footnotes":""},"class_list":["post-7676","page","type-page","status-publish","hentry"],"acf":[],"yoast_head":"<!-- This site is optimized with the Yoast SEO plugin v27.4 - https:\/\/yoast.com\/product\/yoast-seo-wordpress\/ -->\n<title>Familienzimmer - Domaine NDR<\/title>\n<meta name=\"description\" content=\"Familienzimmer - Ideal f\u00fcr eine vierk\u00f6pfige Familie - Domaine Notre-Dame de la Route\" \/>\n<meta name=\"robots\" content=\"index, follow, max-snippet:-1, max-image-preview:large, max-video-preview:-1\" \/>\n<meta property=\"og:locale\" content=\"de_DE\" \/>\n<meta property=\"og:type\" content=\"article\" \/>\n<meta property=\"og:title\" content=\"Familienzimmer - Domaine NDR\" \/>\n<meta property=\"og:description\" content=\"Familienzimmer - Ideal f\u00fcr eine vierk\u00f6pfige Familie - Domaine Notre-Dame de la Route\" \/>\n<meta property=\"og:url\" content=\"https:\/\/www.domaine-ndr.ch\/de\/beherbergung\/familienzimmer\/\" \/>\n<meta property=\"og:site_name\" content=\"Notre dame de la route\" \/>\n<meta property=\"article:publisher\" content=\"https:\/\/www.facebook.com\/DomaineNDR\/\" \/>\n<meta property=\"article:modified_time\" content=\"2026-01-28T11:57:42+00:00\" \/>\n<meta property=\"og:image\" content=\"https:\/\/www.domaine-ndr.ch\/wp-content\/uploads\/DSC4008-1-770x545.jpg\" \/>\n\t<meta property=\"og:image:width\" content=\"770\" \/>\n\t<meta property=\"og:image:height\" content=\"545\" \/>\n\t<meta property=\"og:image:type\" content=\"image\/jpeg\" \/>\n<meta name=\"twitter:card\" content=\"summary_large_image\" \/>\n<meta name=\"twitter:label1\" content=\"Gesch\u00e4tzte Lesezeit\" \/>\n\t<meta name=\"twitter:data1\" content=\"1\u00a0Minute\" \/>\n<!-- \/ Yoast SEO plugin. -->","yoast_head_json":{"title":"Familienzimmer - Domaine NDR","description":"Familienzimmer - Ideal f\u00fcr eine vierk\u00f6pfige Familie - Domaine Notre-Dame de la Route","robots":{"index":"index","follow":"follow","max-snippet":"max-snippet:-1","max-image-preview":"max-image-preview:large","max-video-preview":"max-video-preview:-1"},"og_locale":"de_DE","og_type":"article","og_title":"Familienzimmer - Domaine NDR","og_description":"Familienzimmer - Ideal f\u00fcr eine vierk\u00f6pfige Familie - Domaine Notre-Dame de la Route","og_url":"https:\/\/www.domaine-ndr.ch\/de\/beherbergung\/familienzimmer\/","og_site_name":"Notre dame de la route","article_publisher":"https:\/\/www.facebook.com\/DomaineNDR\/","article_modified_time":"2026-01-28T11:57:42+00:00","og_image":[{"width":770,"height":545,"url":"https:\/\/www.domaine-ndr.ch\/wp-content\/uploads\/DSC4008-1-770x545.jpg","type":"image\/jpeg"}],"twitter_card":"summary_large_image","twitter_misc":{"Gesch\u00e4tzte Lesezeit":"1\u00a0Minute"},"schema":{"@context":"https:\/\/schema.org","@graph":[{"@type":"WebPage","@id":"https:\/\/www.domaine-ndr.ch\/de\/beherbergung\/familienzimmer\/","url":"https:\/\/www.domaine-ndr.ch\/de\/beherbergung\/familienzimmer\/","name":"Familienzimmer - Domaine NDR","isPartOf":{"@id":"https:\/\/www.domaine-ndr.ch\/de\/#website"},"datePublished":"2024-01-29T08:46:59+00:00","dateModified":"2026-01-28T11:57:42+00:00","description":"Familienzimmer - Ideal f\u00fcr eine vierk\u00f6pfige Familie - Domaine Notre-Dame de la Route","breadcrumb":{"@id":"https:\/\/www.domaine-ndr.ch\/de\/beherbergung\/familienzimmer\/#breadcrumb"},"inLanguage":"de","potentialAction":[{"@type":"ReadAction","target":["https:\/\/www.domaine-ndr.ch\/de\/beherbergung\/familienzimmer\/"]}]},{"@type":"BreadcrumbList","@id":"https:\/\/www.domaine-ndr.ch\/de\/beherbergung\/familienzimmer\/#breadcrumb","itemListElement":[{"@type":"ListItem","position":1,"name":"Home","item":"https:\/\/www.domaine-ndr.ch\/de\/"},{"@type":"ListItem","position":2,"name":"Beherbergung","item":"https:\/\/www.domaine-ndr.ch\/de\/beherbergung\/"},{"@type":"ListItem","position":3,"name":"Familienzimmer"}]},{"@type":"WebSite","@id":"https:\/\/www.domaine-ndr.ch\/de\/#website","url":"https:\/\/www.domaine-ndr.ch\/de\/","name":"Notre dame de la route","description":"","potentialAction":[{"@type":"SearchAction","target":{"@type":"EntryPoint","urlTemplate":"https:\/\/www.domaine-ndr.ch\/de\/?s={search_term_string}"},"query-input":{"@type":"PropertyValueSpecification","valueRequired":true,"valueName":"search_term_string"}}],"inLanguage":"de"}]}},"_links":{"self":[{"href":"https:\/\/www.domaine-ndr.ch\/de\/wp-json\/wp\/v2\/pages\/7676","targetHints":{"allow":["GET"]}}],"collection":[{"href":"https:\/\/www.domaine-ndr.ch\/de\/wp-json\/wp\/v2\/pages"}],"about":[{"href":"https:\/\/www.domaine-ndr.ch\/de\/wp-json\/wp\/v2\/types\/page"}],"author":[{"embeddable":true,"href":"https:\/\/www.domaine-ndr.ch\/de\/wp-json\/wp\/v2\/users\/6"}],"replies":[{"embeddable":true,"href":"https:\/\/www.domaine-ndr.ch\/de\/wp-json\/wp\/v2\/comments?post=7676"}],"version-history":[{"count":12,"href":"https:\/\/www.domaine-ndr.ch\/de\/wp-json\/wp\/v2\/pages\/7676\/revisions"}],"predecessor-version":[{"id":10110,"href":"https:\/\/www.domaine-ndr.ch\/de\/wp-json\/wp\/v2\/pages\/7676\/revisions\/10110"}],"up":[{"embeddable":true,"href":"https:\/\/www.domaine-ndr.ch\/de\/wp-json\/wp\/v2\/pages\/539"}],"wp:attachment":[{"href":"https:\/\/www.domaine-ndr.ch\/de\/wp-json\/wp\/v2\/media?parent=7676"}],"curies":[{"name":"wp","href":"https:\/\/api.w.org\/{rel}","templated":true}]}}