{"id":542,"date":"2016-07-28T14:31:59","date_gmt":"2016-07-28T12:31:59","guid":{"rendered":"http:\/\/www.domaine-ndr.ch\/de\/domaine\/"},"modified":"2024-10-17T13:01:14","modified_gmt":"2024-10-17T11:01:14","slug":"domaine-ndr","status":"publish","type":"page","link":"https:\/\/www.domaine-ndr.ch\/de\/domaine-ndr\/","title":{"rendered":"Le Domaine"},"content":{"rendered":"<p><span lang=\"DE-CH\">Entdecken Sie Le Domaine Notre-Dame de la Route mit ihren wohltuenden Energien.\u00a0 Von den <\/span><a href=\"https:\/\/www.domaine-ndr.ch\/de\/beherbergung\/\" target=\"_blank\" rel=\"noopener noreferrer\">Zimmern<\/a>\u00a0bis zum\u00a0<a href=\"https:\/\/www.domaine-ndr.ch\/de\/park-aussenanlagen\/\" target=\"_blank\" rel=\"noopener noreferrer\">Garten<\/a>\u00a0wie auch das <a href=\"https:\/\/www.domaine-ndr.ch\/restaurant-jardin\/\" target=\"_blank\" rel=\"noopener noreferrer\">Restaurant<\/a>,\u00a0<span lang=\"DE-CH\">unser ganzes Umfeld garantiert Ihnen einen erholsamen und anregenden Aufenthalt.<\/span><\/p>\n<p>Als Oase der Ruhe vor den Toren der <a href=\"https:\/\/fribourg.ch\/de\/freiburg\/\" target=\"_blank\" rel=\"noopener\">Stadt Freiburg<\/a> mit Panoramablick auf die Voralpen ist die Domaine ein idealer Ort f\u00fcr Ihre <a href=\"https:\/\/www.domaine-ndr.ch\/de\/seminare-meetings\/\" target=\"_blank\" rel=\"noopener\">Seminare<\/a>, Schulungen, Gruppen- oder Einzelaufenthalte. Hier finden Sie Gelassenheit, Verankerung und Inspiration.<\/p>\n<p>Die Domaine ist ein beliebter Treffpunkt und Spaziergang f\u00fcr die Bewohner der Region. Sie soll auch ein Ort des Austauschs und des Ausdrucks sein, indem sie K\u00fcnstler und ihre Werke in einer privilegierten Umgebung ehrt, in der die Natur die Herrin des Ortes bleibt. Vom Gem\u00fcsegarten \u00fcber die K\u00fcche bis hin zum Meditationslabyrinth ist die umliegende Natur eine Quelle der Inspiration, des Wohlbefindens und der Reflexion.<\/p>\n<p>Als soziales Projekt des CIS Freiburg, das auf die berufliche Wiedereingliederung von Menschen in schwierigen Situationen spezialisiert ist, basieren die Aktivit\u00e4ten des Domaine auf einer Wertecharta, die darauf abzielt, Menschen durch Ausbildung und Kompetenzentwicklung aufzuwerten.<\/p>\n<p>Dar\u00fcber hinaus hat das CIS auf der Domaine 2 Wiedereingliederungswerkst\u00e4tten er\u00f6ffnet:<\/p>\n<ul>\n<li>Das <a href=\"https:\/\/www.domaine-ndr.ch\/de\/aussbildung-integration\/wiedereingliederungsbetribe\/\" target=\"_blank\" rel=\"noopener\">Atelier Vert<\/a>, das Gem\u00fcse, Obst und Blumen produziert, die Sie auf den Tellern und Tischen unserer Restaurants finden k\u00f6nnen.<\/li>\n<li>Das <a href=\"https:\/\/www.domaine-ndr.ch\/de\/aussbildung-integration\/wiedereingliederungsbetribe\/\" target=\"_blank\" rel=\"noopener\">Atelier Animalier<\/a>, das auf die Rehabilitation von Personen abzielt, die in ihrem beruflichen Werdegang auf Schwierigkeiten gesto\u00dfen sind.<\/li>\n<\/ul>\n<p>&nbsp;<\/p>\n<p>&nbsp;<\/p>\n","protected":false},"excerpt":{"rendered":"<p>Entdecken Sie Le Domaine Notre-Dame de la Route mit ihren wohltuenden Energien.\u00a0 Von den Zimmern\u00a0bis zum\u00a0Garten\u00a0wie auch das Restaurant,\u00a0unser ganzes Umfeld garantiert Ihnen einen erholsamen und anregenden Aufenthalt. Als Oase der Ruhe vor den Toren der Stadt Freiburg mit Panoramablick auf die Voralpen ist die Domaine ein idealer Ort f\u00fcr Ihre Seminare, Schulungen, Gruppen- oder [&hellip;]<\/p>\n","protected":false},"author":1,"featured_media":0,"parent":0,"menu_order":33,"comment_status":"closed","ping_status":"closed","template":"template-hebergement.php","meta":{"_acf_changed":false,"_exactmetrics_skip_tracking":false,"_exactmetrics_sitenote_active":false,"_exactmetrics_sitenote_note":"","_exactmetrics_sitenote_category":0,"footnotes":""},"class_list":["post-542","page","type-page","status-publish","hentry"],"acf":[],"yoast_head":"<!-- This site is optimized with the Yoast SEO plugin v27.4 - https:\/\/yoast.com\/product\/yoast-seo-wordpress\/ -->\n<title>Domaine NDR | Soziales Projekt und wohltuende Energien<\/title>\n<meta name=\"description\" content=\"Als soziales Projekt am Stadtrand von Freiburg ist Le Domaine ein inspirierender Ort, ideal f\u00fcr Ihre Seminare oder Ihren Aufenthalt in der Region.\" \/>\n<meta name=\"robots\" content=\"index, follow, max-snippet:-1, max-image-preview:large, max-video-preview:-1\" \/>\n<meta property=\"og:locale\" content=\"de_DE\" \/>\n<meta property=\"og:type\" content=\"article\" \/>\n<meta property=\"og:title\" content=\"Domaine NDR | Soziales Projekt und wohltuende Energien\" \/>\n<meta property=\"og:description\" content=\"Als soziales Projekt am Stadtrand von Freiburg ist Le Domaine ein inspirierender Ort, ideal f\u00fcr Ihre Seminare oder Ihren Aufenthalt in der Region.\" \/>\n<meta property=\"og:url\" content=\"https:\/\/www.domaine-ndr.ch\/de\/domaine-ndr\/\" \/>\n<meta property=\"og:site_name\" content=\"Notre dame de la route\" \/>\n<meta property=\"article:publisher\" content=\"https:\/\/www.facebook.com\/DomaineNDR\/\" \/>\n<meta property=\"article:modified_time\" content=\"2024-10-17T11:01:14+00:00\" \/>\n<meta property=\"og:image\" content=\"https:\/\/www.domaine-ndr.ch\/wp-content\/uploads\/DSC4008-1-770x545.jpg\" \/>\n\t<meta property=\"og:image:width\" content=\"770\" \/>\n\t<meta property=\"og:image:height\" content=\"545\" \/>\n\t<meta property=\"og:image:type\" content=\"image\/jpeg\" \/>\n<meta name=\"twitter:card\" content=\"summary_large_image\" \/>\n<meta name=\"twitter:label1\" content=\"Gesch\u00e4tzte Lesezeit\" \/>\n\t<meta name=\"twitter:data1\" content=\"2\u00a0Minuten\" \/>\n<!-- \/ Yoast SEO plugin. -->","yoast_head_json":{"title":"Domaine NDR | Soziales Projekt und wohltuende Energien","description":"Als soziales Projekt am Stadtrand von Freiburg ist Le Domaine ein inspirierender Ort, ideal f\u00fcr Ihre Seminare oder Ihren Aufenthalt in der Region.","robots":{"index":"index","follow":"follow","max-snippet":"max-snippet:-1","max-image-preview":"max-image-preview:large","max-video-preview":"max-video-preview:-1"},"og_locale":"de_DE","og_type":"article","og_title":"Domaine NDR | Soziales Projekt und wohltuende Energien","og_description":"Als soziales Projekt am Stadtrand von Freiburg ist Le Domaine ein inspirierender Ort, ideal f\u00fcr Ihre Seminare oder Ihren Aufenthalt in der Region.","og_url":"https:\/\/www.domaine-ndr.ch\/de\/domaine-ndr\/","og_site_name":"Notre dame de la route","article_publisher":"https:\/\/www.facebook.com\/DomaineNDR\/","article_modified_time":"2024-10-17T11:01:14+00:00","og_image":[{"width":770,"height":545,"url":"https:\/\/www.domaine-ndr.ch\/wp-content\/uploads\/DSC4008-1-770x545.jpg","type":"image\/jpeg"}],"twitter_card":"summary_large_image","twitter_misc":{"Gesch\u00e4tzte Lesezeit":"2\u00a0Minuten"},"schema":{"@context":"https:\/\/schema.org","@graph":[{"@type":"WebPage","@id":"https:\/\/www.domaine-ndr.ch\/de\/domaine-ndr\/","url":"https:\/\/www.domaine-ndr.ch\/de\/domaine-ndr\/","name":"Domaine NDR | Soziales Projekt und wohltuende Energien","isPartOf":{"@id":"https:\/\/www.domaine-ndr.ch\/de\/#website"},"datePublished":"2016-07-28T12:31:59+00:00","dateModified":"2024-10-17T11:01:14+00:00","description":"Als soziales Projekt am Stadtrand von Freiburg ist Le Domaine ein inspirierender Ort, ideal f\u00fcr Ihre Seminare oder Ihren Aufenthalt in der Region.","breadcrumb":{"@id":"https:\/\/www.domaine-ndr.ch\/de\/domaine-ndr\/#breadcrumb"},"inLanguage":"de","potentialAction":[{"@type":"ReadAction","target":["https:\/\/www.domaine-ndr.ch\/de\/domaine-ndr\/"]}]},{"@type":"BreadcrumbList","@id":"https:\/\/www.domaine-ndr.ch\/de\/domaine-ndr\/#breadcrumb","itemListElement":[{"@type":"ListItem","position":1,"name":"Home","item":"https:\/\/www.domaine-ndr.ch\/de\/"},{"@type":"ListItem","position":2,"name":"Le Domaine"}]},{"@type":"WebSite","@id":"https:\/\/www.domaine-ndr.ch\/de\/#website","url":"https:\/\/www.domaine-ndr.ch\/de\/","name":"Notre dame de la route","description":"","potentialAction":[{"@type":"SearchAction","target":{"@type":"EntryPoint","urlTemplate":"https:\/\/www.domaine-ndr.ch\/de\/?s={search_term_string}"},"query-input":{"@type":"PropertyValueSpecification","valueRequired":true,"valueName":"search_term_string"}}],"inLanguage":"de"}]}},"_links":{"self":[{"href":"https:\/\/www.domaine-ndr.ch\/de\/wp-json\/wp\/v2\/pages\/542","targetHints":{"allow":["GET"]}}],"collection":[{"href":"https:\/\/www.domaine-ndr.ch\/de\/wp-json\/wp\/v2\/pages"}],"about":[{"href":"https:\/\/www.domaine-ndr.ch\/de\/wp-json\/wp\/v2\/types\/page"}],"author":[{"embeddable":true,"href":"https:\/\/www.domaine-ndr.ch\/de\/wp-json\/wp\/v2\/users\/1"}],"replies":[{"embeddable":true,"href":"https:\/\/www.domaine-ndr.ch\/de\/wp-json\/wp\/v2\/comments?post=542"}],"version-history":[{"count":13,"href":"https:\/\/www.domaine-ndr.ch\/de\/wp-json\/wp\/v2\/pages\/542\/revisions"}],"predecessor-version":[{"id":8781,"href":"https:\/\/www.domaine-ndr.ch\/de\/wp-json\/wp\/v2\/pages\/542\/revisions\/8781"}],"wp:attachment":[{"href":"https:\/\/www.domaine-ndr.ch\/de\/wp-json\/wp\/v2\/media?parent=542"}],"curies":[{"name":"wp","href":"https:\/\/api.w.org\/{rel}","templated":true}]}}