{"id":539,"date":"2016-07-28T14:32:12","date_gmt":"2016-07-28T12:32:12","guid":{"rendered":"http:\/\/www.domaine-ndr.ch\/de\/hebergement\/"},"modified":"2026-01-28T12:58:12","modified_gmt":"2026-01-28T11:58:12","slug":"beherbergung","status":"publish","type":"page","link":"https:\/\/www.domaine-ndr.ch\/de\/beherbergung\/","title":{"rendered":"Beherbergung"},"content":{"rendered":"<h4>Nur das Wichtigste f\u00fcr einen erholsamen Schlaf.<\/h4>\n<p>Jedes Zimmer ist harmonisch und schlicht eingerichtet. Die Energien, die darin flie\u00dfen, tragen zu Ihrer Erholung bei. Hier bieten wir Ihnen eine Beherbergung ohne \u00dcberfl\u00fcssiges, ideal f\u00fcr den Empfang von Gruppen. Auch wenn wir uns f\u00fcr Zimmer ohne Fernseher entschieden haben, k\u00f6nnen Sie dank des kostenlosen WLAN-Anschlusses Ihre pers\u00f6nliche Ausr\u00fcstung voll nutzen. Oder nutzen Sie die Gelegenheit, um einfach abzuschalten und die einfachen Freuden eines Spaziergangs im Park wiederzufinden.<\/p>\n<p>Wir haben, soweit m\u00f6glich, das vorhandene Mobiliar \u00fcbernommen. Die M\u00f6bel wurden von unserer Holzwerkstatt renoviert, die Menschen besch\u00e4ftigt, die sich in der Evaluation befinden, um wieder in den Arbeitsmarkt integriert zu werden. Die neuen M\u00f6bel wurden von einem lokalen Handwerker nach Ma\u00df angefertigt. Die gew\u00e4hlten Materialien sind umweltfreundlich und sorgen f\u00fcr eine gesunde Atmosph\u00e4re in den Zimmern.<\/p>\n<p>&nbsp;<\/p>\n<p>\u00d6ffnungszeiten f\u00fcr die Beherbergung<\/p>\n<table style=\"width: 100%; border-collapse: collapse;\">\n<tbody>\n<tr>\n<td style=\"width: 33.33%;\"><em><span lang=\"DE-CH\">Empfang<\/span><\/em><\/td>\n<td style=\"width: 33.33%;\"><em>Check in<\/em><\/td>\n<td style=\"width: 33.33%;\"><em>Check out<\/em><\/td>\n<\/tr>\n<tr>\n<td style=\"width: 33.33%;\">\n<ul>\n<li><span lang=\"DE-CH\">Montags bis Freitags<br \/>\n<\/span><span lang=\"DE-CH\">6h00-22h00<\/span><\/li>\n<li>Samstags &#8211; Sonntags<br \/>\n6h30-22h00<\/li>\n<\/ul>\n<\/td>\n<td style=\"width: 33.33%;\">\n<ul>\n<li>\n<p class=\"Textbody\"><span lang=\"DE-CH\">ab 14h00<\/span><\/p>\n<\/li>\n<\/ul>\n<\/td>\n<td style=\"width: 33.33%;\">\n<ul>\n<li>\n<p class=\"Textbody\"><span lang=\"DE-CH\">bis 11h00<\/span><\/p>\n<\/li>\n<\/ul>\n<\/td>\n<\/tr>\n<\/tbody>\n<\/table>\n<p>Au\u00dferhalb dieser Zeiten ist das Weingut weiterhin per Self-Check-in zug\u00e4nglich.<\/p>\n<p><span lang=\"DE\">Einige unserer Zimmer sind f\u00fcr Personen mit eingeschr\u00e4nkter Mobilit\u00e4t zug\u00e4nglich. <\/span>Auf Anfrage, besteht die M\u00f6glichkeit ein Pflegebett einzurichten.<\/p>\n<p>Das Fr\u00fchst\u00fcck wird zus\u00e4tzlich zum Zimmerpreis angeboten.<\/p>\n<table style=\"border-collapse: collapse; width: 49.6349%; height: 96px;\">\n<tbody>\n<tr style=\"height: 24px;\">\n<td style=\"width: 22.929%; height: 24px;\">Erwachsene<\/td>\n<td style=\"width: 19.2232%; height: 24px;\">CHF 16.00<\/td>\n<\/tr>\n<tr style=\"height: 24px;\">\n<td style=\"width: 22.929%; height: 24px;\">Kind von 0 bis 4 Jahren<\/td>\n<td style=\"width: 19.2232%; height: 24px;\">Kostenlos<\/td>\n<\/tr>\n<tr style=\"height: 24px;\">\n<td style=\"width: 22.929%; height: 24px;\">Kind von 5 bis 15 Jahren<\/td>\n<td style=\"width: 19.2232%; height: 24px;\">CHF 8.00<\/td>\n<\/tr>\n<tr style=\"height: 24px;\">\n<td style=\"width: 22.929%; height: 24px;\">Kind ab 16 Jahren und \u00e4lter<\/td>\n<td style=\"width: 19.2232%; height: 24px;\">CHF 16.00<\/td>\n<\/tr>\n<\/tbody>\n<\/table>\n<p>\u00d6ffnungszeiten f\u00fcr das Fr\u00fchst\u00fcck<br \/>\nMontag bis Freitag: 6:30 bis 9:30 Uhr<br \/>\nSamstag und Sonntag: 6:30 bis 10:00 Uhr<\/p>\n","protected":false},"excerpt":{"rendered":"<p>Nur das Wichtigste f\u00fcr einen erholsamen Schlaf. Jedes Zimmer ist harmonisch und schlicht eingerichtet. Die Energien, die darin flie\u00dfen, tragen zu Ihrer Erholung bei. Hier bieten wir Ihnen eine Beherbergung ohne \u00dcberfl\u00fcssiges, ideal f\u00fcr den Empfang von Gruppen. Auch wenn wir uns f\u00fcr Zimmer ohne Fernseher entschieden haben, k\u00f6nnen Sie dank des kostenlosen WLAN-Anschlusses Ihre [&hellip;]<\/p>\n","protected":false},"author":1,"featured_media":0,"parent":0,"menu_order":22,"comment_status":"closed","ping_status":"closed","template":"template-hebergement.php","meta":{"_acf_changed":false,"_exactmetrics_skip_tracking":false,"_exactmetrics_sitenote_active":false,"_exactmetrics_sitenote_note":"","_exactmetrics_sitenote_category":0,"footnotes":""},"class_list":["post-539","page","type-page","status-publish","hentry"],"acf":[],"yoast_head":"<!-- This site is optimized with the Yoast SEO plugin v27.5 - https:\/\/yoast.com\/product\/yoast-seo-wordpress\/ -->\n<title>Beherbergung | Das Wesentliche f\u00fcr eine erholsame Erholung<\/title>\n<meta name=\"description\" content=\"Die Kraft der Harmonie, eine Unterkunft, die Ihren Bed\u00fcrfnissen entspricht. 44 Zimmer nach den Prinzipien des westlichen Feng-Shui entworfen.\" \/>\n<meta name=\"robots\" content=\"index, follow, max-snippet:-1, max-image-preview:large, max-video-preview:-1\" \/>\n<meta property=\"og:locale\" content=\"de_DE\" \/>\n<meta property=\"og:type\" content=\"article\" \/>\n<meta property=\"og:title\" content=\"Beherbergung | Das Wesentliche f\u00fcr eine erholsame Erholung\" \/>\n<meta property=\"og:description\" content=\"Die Kraft der Harmonie, eine Unterkunft, die Ihren Bed\u00fcrfnissen entspricht. 44 Zimmer nach den Prinzipien des westlichen Feng-Shui entworfen.\" \/>\n<meta property=\"og:url\" content=\"https:\/\/www.domaine-ndr.ch\/de\/beherbergung\/\" \/>\n<meta property=\"og:site_name\" content=\"Notre dame de la route\" \/>\n<meta property=\"article:publisher\" content=\"https:\/\/www.facebook.com\/DomaineNDR\/\" \/>\n<meta property=\"article:modified_time\" content=\"2026-01-28T11:58:12+00:00\" \/>\n<meta property=\"og:image\" content=\"https:\/\/www.domaine-ndr.ch\/wp-content\/uploads\/DSC4008-1-770x545.jpg\" \/>\n\t<meta property=\"og:image:width\" content=\"770\" \/>\n\t<meta property=\"og:image:height\" content=\"545\" \/>\n\t<meta property=\"og:image:type\" content=\"image\/jpeg\" \/>\n<meta name=\"twitter:card\" content=\"summary_large_image\" \/>\n<meta name=\"twitter:label1\" content=\"Gesch\u00e4tzte Lesezeit\" \/>\n\t<meta name=\"twitter:data1\" content=\"2\u00a0Minuten\" \/>\n<!-- \/ Yoast SEO plugin. -->","yoast_head_json":{"title":"Beherbergung | Das Wesentliche f\u00fcr eine erholsame Erholung","description":"Die Kraft der Harmonie, eine Unterkunft, die Ihren Bed\u00fcrfnissen entspricht. 44 Zimmer nach den Prinzipien des westlichen Feng-Shui entworfen.","robots":{"index":"index","follow":"follow","max-snippet":"max-snippet:-1","max-image-preview":"max-image-preview:large","max-video-preview":"max-video-preview:-1"},"og_locale":"de_DE","og_type":"article","og_title":"Beherbergung | Das Wesentliche f\u00fcr eine erholsame Erholung","og_description":"Die Kraft der Harmonie, eine Unterkunft, die Ihren Bed\u00fcrfnissen entspricht. 44 Zimmer nach den Prinzipien des westlichen Feng-Shui entworfen.","og_url":"https:\/\/www.domaine-ndr.ch\/de\/beherbergung\/","og_site_name":"Notre dame de la route","article_publisher":"https:\/\/www.facebook.com\/DomaineNDR\/","article_modified_time":"2026-01-28T11:58:12+00:00","og_image":[{"width":770,"height":545,"url":"https:\/\/www.domaine-ndr.ch\/wp-content\/uploads\/DSC4008-1-770x545.jpg","type":"image\/jpeg"}],"twitter_card":"summary_large_image","twitter_misc":{"Gesch\u00e4tzte Lesezeit":"2\u00a0Minuten"},"schema":{"@context":"https:\/\/schema.org","@graph":[{"@type":"WebPage","@id":"https:\/\/www.domaine-ndr.ch\/de\/beherbergung\/","url":"https:\/\/www.domaine-ndr.ch\/de\/beherbergung\/","name":"Beherbergung | Das Wesentliche f\u00fcr eine erholsame Erholung","isPartOf":{"@id":"https:\/\/www.domaine-ndr.ch\/de\/#website"},"datePublished":"2016-07-28T12:32:12+00:00","dateModified":"2026-01-28T11:58:12+00:00","description":"Die Kraft der Harmonie, eine Unterkunft, die Ihren Bed\u00fcrfnissen entspricht. 44 Zimmer nach den Prinzipien des westlichen Feng-Shui entworfen.","breadcrumb":{"@id":"https:\/\/www.domaine-ndr.ch\/de\/beherbergung\/#breadcrumb"},"inLanguage":"de","potentialAction":[{"@type":"ReadAction","target":["https:\/\/www.domaine-ndr.ch\/de\/beherbergung\/"]}]},{"@type":"BreadcrumbList","@id":"https:\/\/www.domaine-ndr.ch\/de\/beherbergung\/#breadcrumb","itemListElement":[{"@type":"ListItem","position":1,"name":"Home","item":"https:\/\/www.domaine-ndr.ch\/de\/"},{"@type":"ListItem","position":2,"name":"Beherbergung"}]},{"@type":"WebSite","@id":"https:\/\/www.domaine-ndr.ch\/de\/#website","url":"https:\/\/www.domaine-ndr.ch\/de\/","name":"Notre dame de la route","description":"","potentialAction":[{"@type":"SearchAction","target":{"@type":"EntryPoint","urlTemplate":"https:\/\/www.domaine-ndr.ch\/de\/?s={search_term_string}"},"query-input":{"@type":"PropertyValueSpecification","valueRequired":true,"valueName":"search_term_string"}}],"inLanguage":"de"}]}},"_links":{"self":[{"href":"https:\/\/www.domaine-ndr.ch\/de\/wp-json\/wp\/v2\/pages\/539","targetHints":{"allow":["GET"]}}],"collection":[{"href":"https:\/\/www.domaine-ndr.ch\/de\/wp-json\/wp\/v2\/pages"}],"about":[{"href":"https:\/\/www.domaine-ndr.ch\/de\/wp-json\/wp\/v2\/types\/page"}],"author":[{"embeddable":true,"href":"https:\/\/www.domaine-ndr.ch\/de\/wp-json\/wp\/v2\/users\/1"}],"replies":[{"embeddable":true,"href":"https:\/\/www.domaine-ndr.ch\/de\/wp-json\/wp\/v2\/comments?post=539"}],"version-history":[{"count":31,"href":"https:\/\/www.domaine-ndr.ch\/de\/wp-json\/wp\/v2\/pages\/539\/revisions"}],"predecessor-version":[{"id":10111,"href":"https:\/\/www.domaine-ndr.ch\/de\/wp-json\/wp\/v2\/pages\/539\/revisions\/10111"}],"wp:attachment":[{"href":"https:\/\/www.domaine-ndr.ch\/de\/wp-json\/wp\/v2\/media?parent=539"}],"curies":[{"name":"wp","href":"https:\/\/api.w.org\/{rel}","templated":true}]}}