{"id":537,"date":"2016-07-28T14:32:23","date_gmt":"2016-07-28T12:32:23","guid":{"rendered":"http:\/\/www.domaine-ndr.ch\/de\/seminaires\/"},"modified":"2024-09-19T09:18:19","modified_gmt":"2024-09-19T07:18:19","slug":"seminare-meetings","status":"publish","type":"page","link":"https:\/\/www.domaine-ndr.ch\/de\/seminare-meetings\/","title":{"rendered":"Seminare &#8211; Meetings"},"content":{"rendered":"<h3><i><span lang=\"DE-CH\">Jede Gruppe hat ihre eigene Dynamik.<br \/>\n<\/span><\/i><i><span lang=\"DE-CH\">Jedes Treffen hat ein eigenes Ziel.<br \/>\n<\/span><\/i><i><span lang=\"DE-CH\">Jede Person hat ihre eigene Energie.<\/span><\/i><\/h3>\n<p class=\"Standard1\"><span lang=\"DE-CH\">M\u00f6chten Sie einen Raum in der Gegend von Freiburg mieten\u00a0?<\/span> <span lang=\"DE-CH\">Alle unsere R\u00e4ume k\u00f6nnen an Ihre Bed\u00fcrfnisse angepasst werden, damit Sie Ihre Ziele in aller Ruhe und durch Zusammenarbeit erreichen k\u00f6nnen.<\/span><\/p>\n<p>Unser Team steht Ihnen zur Verf\u00fcgung, um Ihre Sitzungen, Seminare, Schulungen und Veranstaltungen unter den besten Bedingungen zu organisieren.<\/p>\n<h4>Anfahrt und Parkpl\u00e4tze<\/h4>\n<p>Wir verf\u00fcgen \u00fcber einen f\u00fcr die \u00d6ffentlichkeit kostenlos zug\u00e4nglichen Parkplatz mit einer begrenzten Anzahl an Stellpl\u00e4tzen. Wir bitten Sie, die \u00f6ffentlichen Verkehrsmittel zu benutzen oder Ihr Fahrzeug in Nuithonie zu parken. Bitte beachten Sie unseren Plan f\u00fcr den Zugang zur Domaine. Dort finden Sie Vorschl\u00e4ge f\u00fcr das Parken Ihres Fahrzeugs.<\/p>\n","protected":false},"excerpt":{"rendered":"<p>Jede Gruppe hat ihre eigene Dynamik. Jedes Treffen hat ein eigenes Ziel. Jede Person hat ihre eigene Energie. M\u00f6chten Sie einen Raum in der Gegend von Freiburg mieten\u00a0? Alle unsere R\u00e4ume k\u00f6nnen an Ihre Bed\u00fcrfnisse angepasst werden, damit Sie Ihre Ziele in aller Ruhe und durch Zusammenarbeit erreichen k\u00f6nnen. Unser Team steht Ihnen zur Verf\u00fcgung, [&hellip;]<\/p>\n","protected":false},"author":1,"featured_media":0,"parent":0,"menu_order":23,"comment_status":"closed","ping_status":"closed","template":"template-hebergement.php","meta":{"_acf_changed":false,"_exactmetrics_skip_tracking":false,"_exactmetrics_sitenote_active":false,"_exactmetrics_sitenote_note":"","_exactmetrics_sitenote_category":0,"footnotes":""},"class_list":["post-537","page","type-page","status-publish","hentry"],"acf":[],"yoast_head":"<!-- This site is optimized with the Yoast SEO plugin v27.6 - https:\/\/yoast.com\/product\/yoast-seo-wordpress\/ -->\n<title>Seminarr\u00e4ume zu vermieten in Freiburg | Bis zu 150 Pers. | Domaine NDR<\/title>\n<meta name=\"description\" content=\"M\u00f6chten Sie ein Raum f\u00fcr ein Seminar oder eine private Veranstaltung mieten? Unsere 8 ausgestatteten und flexiblen Zimmer bieten Platz f\u00fcr bis zu 150 Pers.\" \/>\n<meta name=\"robots\" content=\"index, follow, max-snippet:-1, max-image-preview:large, max-video-preview:-1\" \/>\n<meta property=\"og:locale\" content=\"de_DE\" \/>\n<meta property=\"og:type\" content=\"article\" \/>\n<meta property=\"og:title\" content=\"Seminarr\u00e4ume zu vermieten in Freiburg | Bis zu 150 Pers. | Domaine NDR\" \/>\n<meta property=\"og:description\" content=\"M\u00f6chten Sie ein Raum f\u00fcr ein Seminar oder eine private Veranstaltung mieten? Unsere 8 ausgestatteten und flexiblen Zimmer bieten Platz f\u00fcr bis zu 150 Pers.\" \/>\n<meta property=\"og:url\" content=\"https:\/\/www.domaine-ndr.ch\/de\/seminare-meetings\/\" \/>\n<meta property=\"og:site_name\" content=\"Notre dame de la route\" \/>\n<meta property=\"article:publisher\" content=\"https:\/\/www.facebook.com\/DomaineNDR\/\" \/>\n<meta property=\"article:modified_time\" content=\"2024-09-19T07:18:19+00:00\" \/>\n<meta property=\"og:image\" content=\"https:\/\/www.domaine-ndr.ch\/wp-content\/uploads\/DSC4008-1-770x545.jpg\" \/>\n\t<meta property=\"og:image:width\" content=\"770\" \/>\n\t<meta property=\"og:image:height\" content=\"545\" \/>\n\t<meta property=\"og:image:type\" content=\"image\/jpeg\" \/>\n<meta name=\"twitter:card\" content=\"summary_large_image\" \/>\n<meta name=\"twitter:label1\" content=\"Gesch\u00e4tzte Lesezeit\" \/>\n\t<meta name=\"twitter:data1\" content=\"1\u00a0Minute\" \/>\n<!-- \/ Yoast SEO plugin. -->","yoast_head_json":{"title":"Seminarr\u00e4ume zu vermieten in Freiburg | Bis zu 150 Pers. | Domaine NDR","description":"M\u00f6chten Sie ein Raum f\u00fcr ein Seminar oder eine private Veranstaltung mieten? Unsere 8 ausgestatteten und flexiblen Zimmer bieten Platz f\u00fcr bis zu 150 Pers.","robots":{"index":"index","follow":"follow","max-snippet":"max-snippet:-1","max-image-preview":"max-image-preview:large","max-video-preview":"max-video-preview:-1"},"og_locale":"de_DE","og_type":"article","og_title":"Seminarr\u00e4ume zu vermieten in Freiburg | Bis zu 150 Pers. | Domaine NDR","og_description":"M\u00f6chten Sie ein Raum f\u00fcr ein Seminar oder eine private Veranstaltung mieten? Unsere 8 ausgestatteten und flexiblen Zimmer bieten Platz f\u00fcr bis zu 150 Pers.","og_url":"https:\/\/www.domaine-ndr.ch\/de\/seminare-meetings\/","og_site_name":"Notre dame de la route","article_publisher":"https:\/\/www.facebook.com\/DomaineNDR\/","article_modified_time":"2024-09-19T07:18:19+00:00","og_image":[{"width":770,"height":545,"url":"https:\/\/www.domaine-ndr.ch\/wp-content\/uploads\/DSC4008-1-770x545.jpg","type":"image\/jpeg"}],"twitter_card":"summary_large_image","twitter_misc":{"Gesch\u00e4tzte Lesezeit":"1\u00a0Minute"},"schema":{"@context":"https:\/\/schema.org","@graph":[{"@type":"WebPage","@id":"https:\/\/www.domaine-ndr.ch\/de\/seminare-meetings\/","url":"https:\/\/www.domaine-ndr.ch\/de\/seminare-meetings\/","name":"Seminarr\u00e4ume zu vermieten in Freiburg | Bis zu 150 Pers. | Domaine NDR","isPartOf":{"@id":"https:\/\/www.domaine-ndr.ch\/de\/#website"},"datePublished":"2016-07-28T12:32:23+00:00","dateModified":"2024-09-19T07:18:19+00:00","description":"M\u00f6chten Sie ein Raum f\u00fcr ein Seminar oder eine private Veranstaltung mieten? Unsere 8 ausgestatteten und flexiblen Zimmer bieten Platz f\u00fcr bis zu 150 Pers.","breadcrumb":{"@id":"https:\/\/www.domaine-ndr.ch\/de\/seminare-meetings\/#breadcrumb"},"inLanguage":"de","potentialAction":[{"@type":"ReadAction","target":["https:\/\/www.domaine-ndr.ch\/de\/seminare-meetings\/"]}]},{"@type":"BreadcrumbList","@id":"https:\/\/www.domaine-ndr.ch\/de\/seminare-meetings\/#breadcrumb","itemListElement":[{"@type":"ListItem","position":1,"name":"Home","item":"https:\/\/www.domaine-ndr.ch\/de\/"},{"@type":"ListItem","position":2,"name":"Seminare &#8211; Meetings"}]},{"@type":"WebSite","@id":"https:\/\/www.domaine-ndr.ch\/de\/#website","url":"https:\/\/www.domaine-ndr.ch\/de\/","name":"Notre dame de la route","description":"","potentialAction":[{"@type":"SearchAction","target":{"@type":"EntryPoint","urlTemplate":"https:\/\/www.domaine-ndr.ch\/de\/?s={search_term_string}"},"query-input":{"@type":"PropertyValueSpecification","valueRequired":true,"valueName":"search_term_string"}}],"inLanguage":"de"}]}},"_links":{"self":[{"href":"https:\/\/www.domaine-ndr.ch\/de\/wp-json\/wp\/v2\/pages\/537","targetHints":{"allow":["GET"]}}],"collection":[{"href":"https:\/\/www.domaine-ndr.ch\/de\/wp-json\/wp\/v2\/pages"}],"about":[{"href":"https:\/\/www.domaine-ndr.ch\/de\/wp-json\/wp\/v2\/types\/page"}],"author":[{"embeddable":true,"href":"https:\/\/www.domaine-ndr.ch\/de\/wp-json\/wp\/v2\/users\/1"}],"replies":[{"embeddable":true,"href":"https:\/\/www.domaine-ndr.ch\/de\/wp-json\/wp\/v2\/comments?post=537"}],"version-history":[{"count":17,"href":"https:\/\/www.domaine-ndr.ch\/de\/wp-json\/wp\/v2\/pages\/537\/revisions"}],"predecessor-version":[{"id":8525,"href":"https:\/\/www.domaine-ndr.ch\/de\/wp-json\/wp\/v2\/pages\/537\/revisions\/8525"}],"wp:attachment":[{"href":"https:\/\/www.domaine-ndr.ch\/de\/wp-json\/wp\/v2\/media?parent=537"}],"curies":[{"name":"wp","href":"https:\/\/api.w.org\/{rel}","templated":true}]}}