{"id":509,"date":"2016-07-28T15:30:54","date_gmt":"2016-07-28T13:30:54","guid":{"rendered":"http:\/\/www.domaine-ndr.ch\/de\/salles\/"},"modified":"2025-01-09T16:03:29","modified_gmt":"2025-01-09T15:03:29","slug":"seminar-raeume","status":"publish","type":"page","link":"https:\/\/www.domaine-ndr.ch\/de\/seminare-meetings\/seminar-raeume\/","title":{"rendered":"Seminar-R\u00e4ume"},"content":{"rendered":"<h3 style=\"text-align: left;\"><i><span lang=\"DE-CH\">Unsere 8 Seminar-R\u00e4ume sind alle komplett ausgestattet und modulierbar und haben\u00a0<\/span><\/i><em>Platz f\u00fcr bis zu 120 Personen.<\/em><\/h3>\n<p><strong>Pedro Arrupe<br \/>\n<\/strong><span lang=\"DE-CH\">Dieser kleine Raum befindet sich im Erdgeschoss, ist nach S\u00fcd-Westen orientiert und eignet\u00a0<\/span><span lang=\"DE-CH\">sich bestens f\u00fcr Seminare f\u00fcr Meditation oder kleinere Veranstaltungen, gefolgt von einer\u00a0<\/span><span lang=\"DE-CH\">ruhigen Mahlzeit.<\/span><\/p>\n<table style=\"height: 240px; width: 100%; border-collapse: collapse; border-style: dashed; border-color: #e6dabe;\">\n<tbody>\n<tr>\n<td style=\"width: 50%;\" colspan=\"2\"><img loading=\"lazy\" decoding=\"async\" class=\"aligncenter size-large wp-image-8552\" src=\"https:\/\/www.domaine-ndr.ch\/wp-content\/uploads\/DOMAINE-NOTRE-DAME-AOUT-2024-IGOR-LASKI-WEB-HD-sRVB-53-770x545.jpg\" alt=\"\" width=\"770\" height=\"545\" \/><span lang=\"DE-CH\"><br \/>\n<\/span><\/td>\n<\/tr>\n<tr style=\"height: 24px;\">\n<td style=\"width: 50%; height: 24px;\"><strong><span lang=\"DE-CH\">\u00a0Raumgr\u00f6sse<\/span><\/strong><\/td>\n<td style=\"width: 50%; height: 24px;\">32m<sup>2<\/sup><\/td>\n<\/tr>\n<tr style=\"height: 24px;\">\n<td style=\"width: 50%; height: 24px;\"><strong><span lang=\"DE-CH\">\u00a0Lage<\/span><\/strong><\/td>\n<td style=\"width: 50%; height: 24px;\"><span lang=\"DE-CH\">im unteren Erdgeschoss<\/span><\/td>\n<\/tr>\n<tr>\n<td style=\"width: 50%;\"><strong><span lang=\"DE-CH\">\u00a0Kapazit\u00e4t<\/span><\/strong><\/td>\n<td style=\"width: 50%;\"><span lang=\"DE-CH\">2 bis 8 Leute<\/span><\/td>\n<\/tr>\n<\/tbody>\n<\/table>\n<p>&nbsp;<\/p>\n<p><strong>Domenico Zipoli<\/strong><\/p>\n<p class=\"Standard1\"><span lang=\"DE-CH\">Dieser wunderbare Seminar-Raum liegt im Hofinneren des oberen Erdgeschosses und ist\u00a0<\/span><span lang=\"DE-CH\">bestens f\u00fcr klassische Veranstaltungen und Seminare geeignet.\u00a0\u00a0<\/span><\/p>\n<table style=\"height: 635px; width: 100%; border-collapse: collapse; border-color: #e6dabe; border-style: dashed;\">\n<tbody>\n<tr style=\"height: 569px;\">\n<td style=\"width: 50%; height: 569px;\" colspan=\"2\"><img loading=\"lazy\" decoding=\"async\" class=\"aligncenter size-large wp-image-8501\" src=\"https:\/\/www.domaine-ndr.ch\/wp-content\/uploads\/DOMAINE-NOTRE-DAME-AOUT-2024-IGOR-LASKI-FULL-HD-sRVB-24-1-770x545.jpg\" alt=\"\" width=\"770\" height=\"545\" \/><span lang=\"DE-CH\"><br \/>\n<\/span><\/td>\n<\/tr>\n<tr style=\"height: 26px;\">\n<td style=\"width: 50%; height: 26px;\"><strong><span lang=\"DE-CH\">\u00a0Raumgr\u00f6sse<\/span><\/strong><\/td>\n<td style=\"width: 50%; height: 26px;\">40m<sup>2<\/sup><\/td>\n<\/tr>\n<tr style=\"height: 24px;\">\n<td style=\"width: 50%; height: 24px;\"><strong>\u00a0<span lang=\"DE-CH\">Lage<\/span><\/strong><\/td>\n<td style=\"width: 50%; height: 24px;\"><span lang=\"DE-CH\">im oberen Erdgeschoss<\/span><\/td>\n<\/tr>\n<tr style=\"height: 16px;\">\n<td style=\"width: 50%; height: 16px;\"><strong>\u00a0Kapazit\u00e4t<\/strong><\/td>\n<td style=\"width: 50%; height: 16px;\"><span lang=\"DE-CH\">2 bis 14 Leute<\/span><\/td>\n<\/tr>\n<\/tbody>\n<\/table>\n<p>&nbsp;<\/p>\n<p><strong>Matteo Ricci<\/strong><br \/>\n<span lang=\"DE-CH\">Der kleine Raum <i>Ricci\u00a0 <\/i>befindet sich im oberen Erdgeschoss, ist ideal f\u00fcr Seminare und Veranstaltungen in einer famili\u00e4ren Atmosph\u00e4re.<br \/>\n<\/span><\/p>\n<table style=\"width: 100%; border-collapse: collapse; border-color: #e6dabe; border-style: dashed; height: 629px;\">\n<tbody>\n<tr style=\"height: 569px;\">\n<td style=\"width: 50%; height: 569px;\" colspan=\"2\"><img loading=\"lazy\" decoding=\"async\" class=\"aligncenter size-large wp-image-8495\" src=\"https:\/\/www.domaine-ndr.ch\/wp-content\/uploads\/DOMAINE-NOTRE-DAME-AOUT-2024-IGOR-LASKI-FULL-HD-sRVB-18-770x545.jpg\" alt=\"\" width=\"770\" height=\"545\" \/><span lang=\"DE-CH\"><br \/>\n<\/span><\/td>\n<\/tr>\n<tr style=\"height: 26px;\">\n<td style=\"width: 50%; height: 26px;\"><strong><span lang=\"DE-CH\">\u00a0Raumgr\u00f6sse<\/span><\/strong><\/td>\n<td style=\"width: 50%; height: 26px;\">22m<sup>2<\/sup><\/td>\n<\/tr>\n<tr style=\"height: 24px;\">\n<td style=\"width: 50%; height: 24px;\"><strong>\u00a0<span lang=\"DE-CH\">Lage<\/span><\/strong><\/td>\n<td style=\"width: 50%; height: 24px;\"><span lang=\"DE-CH\">oberes Erdgeschoss<br \/>\n<\/span><\/td>\n<\/tr>\n<tr style=\"height: 10px;\">\n<td style=\"width: 50%; height: 10px;\"><strong>\u00a0Kapazit\u00e4t<\/strong><\/td>\n<td style=\"width: 50%; height: 10px;\"><span lang=\"DE-CH\">2 bis 4 Leute<\/span><\/td>\n<\/tr>\n<\/tbody>\n<\/table>\n<p>&nbsp;<\/p>\n<p><strong>Le Partage<\/strong><br \/>\nDieser gro\u00dfe Raum war fr\u00fcher das Refektorium des Ortes. Heute kann er zwar immer noch Gruppen zum Essen empfangen, dient aber haupts\u00e4chlich als Seminarraum. Mit seinem atemberaubenden Blick auf den Garten und die Voralpen ist Le Partage extrem hell.<\/p>\n<table style=\"width: 100%; border-collapse: collapse; border-color: #e6dabe; border-style: dashed; height: 605px;\">\n<tbody>\n<tr style=\"height: 545px;\">\n<td style=\"width: 50%; height: 545px;\" colspan=\"2\"><img loading=\"lazy\" decoding=\"async\" class=\"aligncenter size-large wp-image-8492\" src=\"https:\/\/www.domaine-ndr.ch\/wp-content\/uploads\/DOMAINE-NOTRE-DAME-AOUT-2024-IGOR-LASKI-FULL-HD-sRVB-9-770x545.jpg\" alt=\"\" width=\"770\" height=\"545\" \/><\/td>\n<\/tr>\n<tr style=\"height: 26px;\">\n<td style=\"width: 50%; height: 26px;\"><strong><span lang=\"DE-CH\">\u00a0Raumgr\u00f6sse<\/span><\/strong><\/td>\n<td style=\"width: 50%; height: 26px;\">80m<sup>2<\/sup><\/td>\n<\/tr>\n<tr style=\"height: 24px;\">\n<td style=\"width: 50%; height: 24px;\"><strong><span lang=\"DE-CH\">\u00a0Lage<\/span><\/strong><\/td>\n<td style=\"width: 50%; height: 24px;\">Obergeschoss<\/td>\n<\/tr>\n<tr style=\"height: 10px;\">\n<td style=\"width: 50%; height: 10px;\"><strong>\u00a0Kapazit\u00e4t<span lang=\"DE-CH\"><br \/>\n<\/span><\/strong><\/td>\n<td style=\"width: 50%; height: 10px;\">2 bis 60 Leute<\/td>\n<\/tr>\n<\/tbody>\n<\/table>\n<p>&nbsp;<\/p>\n<p><strong>Teilhard de Chardin<br \/>\n<\/strong><span lang=\"DE-CH\">Der grosse Raum <i>Teilhard <\/i>befindet sich im ersten Stockwerk, ist Nord-West orientiert und dadurch sehr hell.\u00a0 Sehr praktisch f\u00fcr Seminare bis zu 30 Personen.<\/span><\/p>\n<table style=\"width: 100%; border-collapse: collapse; border-color: #e6dabe; border-style: dashed; height: 643px;\">\n<tbody>\n<tr style=\"height: 569px;\">\n<td style=\"width: 50%; height: 569px;\" colspan=\"2\"><img loading=\"lazy\" decoding=\"async\" class=\"aligncenter size-large wp-image-6021\" src=\"https:\/\/www.domaine-ndr.ch\/wp-content\/uploads\/B3_1171-770x545.jpg\" alt=\"\" width=\"770\" height=\"545\" \/><span lang=\"DE-CH\"><br \/>\n<\/span><\/td>\n<\/tr>\n<tr style=\"height: 26px;\">\n<td style=\"width: 50%; height: 26px;\"><strong><span lang=\"DE-CH\">\u00a0Raumgr\u00f6sse<\/span><\/strong><\/td>\n<td style=\"width: 50%; height: 26px;\">77m<sup>2<\/sup><\/td>\n<\/tr>\n<tr style=\"height: 24px;\">\n<td style=\"width: 50%; height: 24px;\"><strong><span lang=\"DE-CH\">\u00a0Lage<\/span><\/strong><\/td>\n<td style=\"width: 50%; height: 24px;\"><span lang=\"DE-CH\">erstes Stockwerk<\/span><\/td>\n<\/tr>\n<tr style=\"height: 24px;\">\n<td style=\"width: 50%; height: 24px;\"><strong>\u00a0Kapazit\u00e4t<\/strong><\/td>\n<td style=\"width: 50%; height: 24px;\"><span lang=\"DE-CH\">2 bis 30 Leute<\/span><\/td>\n<\/tr>\n<\/tbody>\n<\/table>\n<p>&nbsp;<\/p>\n<p><strong>Pierre Canisius<\/strong><br \/>\n<span lang=\"DE-CH\">Der Raum <i>Canisius<\/i>, der gr\u00f6sste der Domaine, befindet sich im ersten Stockwerk des Hauptgeb\u00e4udes.\u00a0 Durch seine S\u00fcdlage ist er sehr hell und bietet eine herrliche Aussicht auf die Freiburger Alpen; er ist modulierbar\u00a0: die Raumgr\u00f6sse kann verdoppelt werden f\u00fcr grosse Veranstaltungen jeglicher Art. Ein sogenanntes \u00ab\u00a0Bijou\u00a0\u00bb f\u00fcr Seminare, Kongresse oder sogar Banketts in wohltuendem Ambiente.\u00a0 <\/span><\/p>\n<table style=\"height: 237px; width: 100%; border-collapse: collapse; border-color: #e6dabe; border-style: dashed;\">\n<tbody>\n<tr>\n<td style=\"width: 33.33%;\" colspan=\"2\"><span lang=\"DE-CH\"><img loading=\"lazy\" decoding=\"async\" class=\"aligncenter size-large wp-image-8560\" src=\"https:\/\/www.domaine-ndr.ch\/wp-content\/uploads\/DOMAINE-NOTRE-DAME-AOUT-2024-IGOR-LASKI-WEB-HD-sRVB-71-770x545.jpg\" alt=\"\" width=\"770\" height=\"545\" \/><\/span><\/td>\n<\/tr>\n<tr style=\"height: 26px;\">\n<td style=\"width: 33.33%; height: 26px;\"><strong><span lang=\"DE-CH\">\u00a0Raumgr\u00f6sse<\/span><\/strong><\/td>\n<td style=\"width: 33.33%; height: 26px;\"><span lang=\"DE-CH\">81 m<sup>2 <\/sup>+ 84 m<sup>2<\/sup>insgesamt 165 m<sup>2<\/sup><br \/>\n<\/span><\/td>\n<\/tr>\n<tr style=\"height: 26px;\">\n<td style=\"width: 33.33%; height: 26px;\"><strong><span lang=\"DE-CH\">\u00a0Lage<\/span><\/strong><\/td>\n<td style=\"width: 33.33%; height: 26px;\"><span lang=\"DE-CH\">erstes Stockwerk<br \/>\n<\/span><\/td>\n<\/tr>\n<tr>\n<td style=\"width: 33.33%;\"><strong>\u00a0Kapazit\u00e4t (offen)<\/strong><\/td>\n<td style=\"width: 33.33%;\"><span lang=\"DE-CH\">2 bis 120 Leute<\/span><\/td>\n<\/tr>\n<tr>\n<td style=\"width: 33.33%;\"><strong>\u00a0Kapazit\u00e4t (geschlossen)<\/strong><\/td>\n<td style=\"width: 33.33%;\"><span lang=\"DE-CH\">2 bis 60 Leute<\/span><\/td>\n<\/tr>\n<\/tbody>\n<\/table>\n<p>&nbsp;<\/p>\n<p><strong>Loyola<br \/>\n<\/strong><span lang=\"DE-CH\">Der Raum <i>Loyola <\/i>ist anders : mit farbigen Glasfenstern und liegt im zweiten Stockwerk der Domaine. Sehr praktisch f\u00fcr Seminare bis zu 20 Personen.<\/span><\/p>\n<table style=\"width: 100%; border-collapse: collapse; border-color: #e6dabe; border-style: dashed;\">\n<tbody>\n<tr>\n<td style=\"width: 100%;\" colspan=\"2\"><img loading=\"lazy\" decoding=\"async\" class=\"aligncenter size-large wp-image-8519\" src=\"https:\/\/www.domaine-ndr.ch\/wp-content\/uploads\/DOMAINE-NOTRE-DAME-AOUT-2024-IGOR-LASKI-FULL-HD-sRVB-61-770x545.jpg\" alt=\"\" width=\"770\" height=\"545\" \/><span lang=\"DE-CH\"><br \/>\n<\/span><\/td>\n<\/tr>\n<tr>\n<td style=\"width: 50%;\"><strong><span lang=\"DE-CH\">\u00a0Raumgr\u00f6sse<\/span><\/strong><\/td>\n<td style=\"width: 50%;\">47m<sup>2<\/sup><\/td>\n<\/tr>\n<tr>\n<td style=\"width: 50%;\"><strong>\u00a0<span lang=\"DE-CH\">Lage<\/span><\/strong><\/td>\n<td style=\"width: 50%;\"><span lang=\"DE-CH\">zweites Stockwerk<br \/>\n<\/span><\/td>\n<\/tr>\n<tr style=\"height: 24px;\">\n<td style=\"width: 50%; height: 24px;\"><strong>\u00a0Kapazit\u00e4t<\/strong><\/td>\n<td style=\"width: 50%; height: 24px;\"><span lang=\"DE-CH\">2 bis 14 Leute<\/span><\/td>\n<\/tr>\n<\/tbody>\n<\/table>\n<p>&nbsp;<\/p>\n<p><strong>Pavillon Pierre Favre<br \/>\n<\/strong><span lang=\"DE-CH\">Der Raum \u00ab\u00a0Pavillon \u00bb ist ein etwas besonderer Seminar-Raum\u00a0: er liegt im Park der Domaine, in der N\u00e4he des Gem\u00fcsegartens.\u00a0 Er ist ideal f\u00fcr Seminare, die viel Ruhe und Konzentration erfordern oder auch f\u00fcr Kurse f\u00fcr K\u00f6rpersprache oder k\u00fcnstlerische Aktivit\u00e4ten<\/span><\/p>\n<table style=\"width: 100%; border-collapse: collapse; border-style: dashed; border-color: #e6dabe;\">\n<tbody>\n<tr>\n<td style=\"width: 50%;\"><span lang=\"DE-CH\"><img loading=\"lazy\" decoding=\"async\" class=\"aligncenter size-large wp-image-8510\" src=\"https:\/\/www.domaine-ndr.ch\/wp-content\/uploads\/DOMAINE-NOTRE-DAME-AOUT-2024-IGOR-LASKI-FULL-HD-sRVB-38-770x545.jpg\" alt=\"\" width=\"770\" height=\"545\" \/><\/span><\/td>\n<td style=\"width: 50%;\"><img loading=\"lazy\" decoding=\"async\" class=\"aligncenter size-large wp-image-8513\" src=\"https:\/\/www.domaine-ndr.ch\/wp-content\/uploads\/DOMAINE-NOTRE-DAME-AOUT-2024-IGOR-LASKI-FULL-HD-sRVB-46-770x545.jpg\" alt=\"\" width=\"770\" height=\"545\" \/><\/td>\n<\/tr>\n<tr>\n<td style=\"width: 50%;\"><strong><span lang=\"DE-CH\">\u00a0Raumgr\u00f6sse<\/span><\/strong><\/td>\n<td style=\"width: 50%;\">63 m2<\/td>\n<\/tr>\n<tr>\n<td style=\"width: 50%;\"><strong>\u00a0 <span lang=\"DE-CH\">Lage<\/span><\/strong><\/td>\n<td style=\"width: 50%;\"><span lang=\"DE-CH\">im Park der Domaine<\/span><\/td>\n<\/tr>\n<\/tbody>\n<\/table>\n<p>&nbsp;<\/p>\n<p>&nbsp;<\/p>\n","protected":false},"excerpt":{"rendered":"<p>Unsere 8 Seminar-R\u00e4ume sind alle komplett ausgestattet und modulierbar und haben\u00a0Platz f\u00fcr bis zu 120 Personen. Pedro Arrupe Dieser kleine Raum befindet sich im Erdgeschoss, ist nach S\u00fcd-Westen orientiert und eignet\u00a0sich bestens f\u00fcr Seminare f\u00fcr Meditation oder kleinere Veranstaltungen, gefolgt von einer\u00a0ruhigen Mahlzeit. \u00a0Raumgr\u00f6sse 32m2 \u00a0Lage im unteren Erdgeschoss \u00a0Kapazit\u00e4t 2 bis 8 Leute &nbsp; [&hellip;]<\/p>\n","protected":false},"author":1,"featured_media":0,"parent":537,"menu_order":8,"comment_status":"closed","ping_status":"closed","template":"","meta":{"_acf_changed":false,"_exactmetrics_skip_tracking":false,"_exactmetrics_sitenote_active":false,"_exactmetrics_sitenote_note":"","_exactmetrics_sitenote_category":0,"footnotes":""},"class_list":["post-509","page","type-page","status-publish","hentry"],"acf":[],"yoast_head":"<!-- This site is optimized with the Yoast SEO plugin v27.4 - https:\/\/yoast.com\/product\/yoast-seo-wordpress\/ -->\n<title>Seminarr\u00e4ume | Modular und voll ausgestattet | Domaine NDR<\/title>\n<meta name=\"description\" content=\"Seminarr\u00e4ume wie kein anderer : 8 modulierbare R\u00e4ume komplett ausgestattet f\u00fcr Ihre Firmenseminare oder privaten Veranstaltungen.\" \/>\n<meta name=\"robots\" content=\"index, follow, max-snippet:-1, max-image-preview:large, max-video-preview:-1\" \/>\n<meta property=\"og:locale\" content=\"de_DE\" \/>\n<meta property=\"og:type\" content=\"article\" \/>\n<meta property=\"og:title\" content=\"Seminarr\u00e4ume | Modular und voll ausgestattet | Domaine NDR\" \/>\n<meta property=\"og:description\" content=\"Seminarr\u00e4ume wie kein anderer : 8 modulierbare R\u00e4ume komplett ausgestattet f\u00fcr Ihre Firmenseminare oder privaten Veranstaltungen.\" \/>\n<meta property=\"og:url\" content=\"https:\/\/www.domaine-ndr.ch\/de\/seminare-meetings\/seminar-raeume\/\" \/>\n<meta property=\"og:site_name\" content=\"Notre dame de la route\" \/>\n<meta property=\"article:publisher\" content=\"https:\/\/www.facebook.com\/DomaineNDR\/\" \/>\n<meta property=\"article:modified_time\" content=\"2025-01-09T15:03:29+00:00\" \/>\n<meta property=\"og:image\" content=\"https:\/\/www.domaine-ndr.ch\/wp-content\/uploads\/DOMAINE-NOTRE-DAME-AOUT-2024-IGOR-LASKI-WEB-HD-sRVB-53.jpg\" \/>\n\t<meta property=\"og:image:width\" content=\"2048\" \/>\n\t<meta property=\"og:image:height\" content=\"1366\" \/>\n\t<meta property=\"og:image:type\" content=\"image\/jpeg\" \/>\n<meta name=\"twitter:card\" content=\"summary_large_image\" \/>\n<meta name=\"twitter:label1\" content=\"Gesch\u00e4tzte Lesezeit\" \/>\n\t<meta name=\"twitter:data1\" content=\"4\u00a0Minuten\" \/>\n<!-- \/ Yoast SEO plugin. -->","yoast_head_json":{"title":"Seminarr\u00e4ume | Modular und voll ausgestattet | Domaine NDR","description":"Seminarr\u00e4ume wie kein anderer : 8 modulierbare R\u00e4ume komplett ausgestattet f\u00fcr Ihre Firmenseminare oder privaten Veranstaltungen.","robots":{"index":"index","follow":"follow","max-snippet":"max-snippet:-1","max-image-preview":"max-image-preview:large","max-video-preview":"max-video-preview:-1"},"og_locale":"de_DE","og_type":"article","og_title":"Seminarr\u00e4ume | Modular und voll ausgestattet | Domaine NDR","og_description":"Seminarr\u00e4ume wie kein anderer : 8 modulierbare R\u00e4ume komplett ausgestattet f\u00fcr Ihre Firmenseminare oder privaten Veranstaltungen.","og_url":"https:\/\/www.domaine-ndr.ch\/de\/seminare-meetings\/seminar-raeume\/","og_site_name":"Notre dame de la route","article_publisher":"https:\/\/www.facebook.com\/DomaineNDR\/","article_modified_time":"2025-01-09T15:03:29+00:00","og_image":[{"width":2048,"height":1366,"url":"https:\/\/www.domaine-ndr.ch\/wp-content\/uploads\/DOMAINE-NOTRE-DAME-AOUT-2024-IGOR-LASKI-WEB-HD-sRVB-53.jpg","type":"image\/jpeg"}],"twitter_card":"summary_large_image","twitter_misc":{"Gesch\u00e4tzte Lesezeit":"4\u00a0Minuten"},"schema":{"@context":"https:\/\/schema.org","@graph":[{"@type":"WebPage","@id":"https:\/\/www.domaine-ndr.ch\/de\/seminare-meetings\/seminar-raeume\/","url":"https:\/\/www.domaine-ndr.ch\/de\/seminare-meetings\/seminar-raeume\/","name":"Seminarr\u00e4ume | Modular und voll ausgestattet | Domaine NDR","isPartOf":{"@id":"https:\/\/www.domaine-ndr.ch\/de\/#website"},"primaryImageOfPage":{"@id":"https:\/\/www.domaine-ndr.ch\/de\/seminare-meetings\/seminar-raeume\/#primaryimage"},"image":{"@id":"https:\/\/www.domaine-ndr.ch\/de\/seminare-meetings\/seminar-raeume\/#primaryimage"},"thumbnailUrl":"https:\/\/www.domaine-ndr.ch\/wp-content\/uploads\/DOMAINE-NOTRE-DAME-AOUT-2024-IGOR-LASKI-WEB-HD-sRVB-53-770x545.jpg","datePublished":"2016-07-28T13:30:54+00:00","dateModified":"2025-01-09T15:03:29+00:00","description":"Seminarr\u00e4ume wie kein anderer : 8 modulierbare R\u00e4ume komplett ausgestattet f\u00fcr Ihre Firmenseminare oder privaten Veranstaltungen.","breadcrumb":{"@id":"https:\/\/www.domaine-ndr.ch\/de\/seminare-meetings\/seminar-raeume\/#breadcrumb"},"inLanguage":"de","potentialAction":[{"@type":"ReadAction","target":["https:\/\/www.domaine-ndr.ch\/de\/seminare-meetings\/seminar-raeume\/"]}]},{"@type":"ImageObject","inLanguage":"de","@id":"https:\/\/www.domaine-ndr.ch\/de\/seminare-meetings\/seminar-raeume\/#primaryimage","url":"https:\/\/www.domaine-ndr.ch\/wp-content\/uploads\/DOMAINE-NOTRE-DAME-AOUT-2024-IGOR-LASKI-WEB-HD-sRVB-53-770x545.jpg","contentUrl":"https:\/\/www.domaine-ndr.ch\/wp-content\/uploads\/DOMAINE-NOTRE-DAME-AOUT-2024-IGOR-LASKI-WEB-HD-sRVB-53-770x545.jpg"},{"@type":"BreadcrumbList","@id":"https:\/\/www.domaine-ndr.ch\/de\/seminare-meetings\/seminar-raeume\/#breadcrumb","itemListElement":[{"@type":"ListItem","position":1,"name":"Home","item":"https:\/\/www.domaine-ndr.ch\/de\/"},{"@type":"ListItem","position":2,"name":"Seminare &#8211; Meetings","item":"https:\/\/www.domaine-ndr.ch\/de\/seminare-meetings\/"},{"@type":"ListItem","position":3,"name":"Seminar-R\u00e4ume"}]},{"@type":"WebSite","@id":"https:\/\/www.domaine-ndr.ch\/de\/#website","url":"https:\/\/www.domaine-ndr.ch\/de\/","name":"Notre dame de la route","description":"","potentialAction":[{"@type":"SearchAction","target":{"@type":"EntryPoint","urlTemplate":"https:\/\/www.domaine-ndr.ch\/de\/?s={search_term_string}"},"query-input":{"@type":"PropertyValueSpecification","valueRequired":true,"valueName":"search_term_string"}}],"inLanguage":"de"}]}},"_links":{"self":[{"href":"https:\/\/www.domaine-ndr.ch\/de\/wp-json\/wp\/v2\/pages\/509","targetHints":{"allow":["GET"]}}],"collection":[{"href":"https:\/\/www.domaine-ndr.ch\/de\/wp-json\/wp\/v2\/pages"}],"about":[{"href":"https:\/\/www.domaine-ndr.ch\/de\/wp-json\/wp\/v2\/types\/page"}],"author":[{"embeddable":true,"href":"https:\/\/www.domaine-ndr.ch\/de\/wp-json\/wp\/v2\/users\/1"}],"replies":[{"embeddable":true,"href":"https:\/\/www.domaine-ndr.ch\/de\/wp-json\/wp\/v2\/comments?post=509"}],"version-history":[{"count":26,"href":"https:\/\/www.domaine-ndr.ch\/de\/wp-json\/wp\/v2\/pages\/509\/revisions"}],"predecessor-version":[{"id":9149,"href":"https:\/\/www.domaine-ndr.ch\/de\/wp-json\/wp\/v2\/pages\/509\/revisions\/9149"}],"up":[{"embeddable":true,"href":"https:\/\/www.domaine-ndr.ch\/de\/wp-json\/wp\/v2\/pages\/537"}],"wp:attachment":[{"href":"https:\/\/www.domaine-ndr.ch\/de\/wp-json\/wp\/v2\/media?parent=509"}],"curies":[{"name":"wp","href":"https:\/\/api.w.org\/{rel}","templated":true}]}}