{"id":3966,"date":"2019-03-27T14:51:32","date_gmt":"2019-03-27T13:51:32","guid":{"rendered":"https:\/\/www.domaine-ndr.ch\/park-aussenanlagen\/jardin-potager\/"},"modified":"2024-10-17T12:38:21","modified_gmt":"2024-10-17T10:38:21","slug":"gemuesegarten","status":"publish","type":"page","link":"https:\/\/www.domaine-ndr.ch\/de\/park-aussenanlagen\/gemuesegarten\/","title":{"rendered":"Gem\u00fcsegarten"},"content":{"rendered":"<h3><i><span lang=\"DE-CH\">Wenn uns die Natur ihr Bestes bietet<\/span><\/i><\/h3>\n<p><span lang=\"DE-CH\">Der Gem\u00fcsegarten der Domaine umfasst etwa 2.800 m2. Alle Produkte aus dem Garten werden vom Atelier Vert von CIS im Einklang mit der Natur bewirtschaftet. Alle Erzeugnisse aus unserem Garten sind somit garantiert chemikalienfrei.<\/span><\/p>\n<p><span lang=\"DE-CH\">Hier \u00fcberlassen wir alles der Natur.\u00a0Gem\u00fcsearten werden miteinander kombiniert, so dass ein nat\u00fcrlicher Austausch an N\u00e4hrstoffen erfolgt und die Pflanzen sich gegenseitig in ihrem Wachstum unterst\u00fctzen.\u00a0 Marienk\u00e4fer, Bienen und andere freundliche Insektenarten sind willkommen, denn sie sind die besten nat\u00fcrlichen Schutzmittel, die man sich ertr\u00e4umen kann.<\/span><\/p>\n<p><span lang=\"DE-CH\">Einer der Werte der Permakultur ist das Teilen, das \u00dcbermitteln von Wissen.\u00a0 Adrien von Niederh\u00e4usern, unser G\u00e4rtner, bietet Ihnen das ganze Jahr \u00fcber <\/span><span lang=\"DE-CH\">G\u00e4rtnerkurse\u00a0<\/span><span lang=\"DE-CH\">an, um Ihnen zu zeigen, wie Sie Ihren Garten umweltfreundlich pflegen k\u00f6nnen.<\/span><span lang=\"DE-CH\">Unser Versprechen, uns bei kleinen \u00f6rtlichen Erzeugern zu versorgen, ist kein leeres Versprechen, denn einen Teil der Erzeugnisse unseres Gartens finden Sie in Ihren Tellern im R<\/span>estaurant <a href=\"https:\/\/www.domaine-ndr.ch\/de\/restaurant-le-jardin-seine-terrasse\/\" target=\"_blank\" rel=\"noopener noreferrer\">&#8220;Le Jardin&#8221;<\/a> <span lang=\"DE-CH\">wieder.\u00a0<\/span>Frische ist garantiert\u00a0!<\/p>\n<p><a href=\"https:\/\/www.google.com\/maps\/@46.7956167,7.1327055,3a,75y,331.45h,89.26t\/data=!3m8!1e1!3m6!1sAF1QipO8LcgqnpiRCBpxkXwU21yCUgOZTyyhzUrkXS5i!2e10!3e12!6shttps:%2F%2Flh5.googleusercontent.com%2Fp%2FAF1QipO8LcgqnpiRCBpxkXwU21yCUgOZTyyhzUrkXS5i%3Dw365-h260-k-no-pi-10-ya277.09998-ro-0-fo100!7i6720!8i3360\" target=\"_blank\" rel=\"noopener\">Besuchen Sie den Gem\u00fcsegarten.<\/a> Profitieren Sie von Mitte Mai bis Ende September vom Direktverkauf unseres Gem\u00fcses, jeden Mittwoch von 9.00 bis 12.00 Uhr und von 13.00 bis 16.00 Uhr.<\/p>\n<p>&nbsp;<\/p>\n<table style=\"border-collapse: collapse; width: 100%;\">\n<tbody>\n<tr>\n<td style=\"width: 32.6185%;\"><a href=\"https:\/\/www.domaine-ndr.ch\/wp-content\/uploads\/LoRo-LogoBeneficiaires-RVB.jpeg\"><img loading=\"lazy\" decoding=\"async\" class=\"alignleft wp-image-6402\" src=\"https:\/\/www.domaine-ndr.ch\/wp-content\/uploads\/LoRo-LogoBeneficiaires-RVB-360x125.jpeg\" alt=\"\" width=\"200\" height=\"70\" srcset=\"https:\/\/www.domaine-ndr.ch\/wp-content\/uploads\/LoRo-LogoBeneficiaires-RVB-360x125.jpeg 360w, https:\/\/www.domaine-ndr.ch\/wp-content\/uploads\/LoRo-LogoBeneficiaires-RVB-768x268.jpeg 768w, https:\/\/www.domaine-ndr.ch\/wp-content\/uploads\/LoRo-LogoBeneficiaires-RVB-1536x535.jpeg 1536w, https:\/\/www.domaine-ndr.ch\/wp-content\/uploads\/LoRo-LogoBeneficiaires-RVB-2048x714.jpeg 2048w\" sizes=\"auto, (max-width: 200px) 100vw, 200px\" \/><\/a><\/td>\n<td style=\"width: 67.3815%;\"><a href=\"https:\/\/terredurable.ch\/\" target=\"_blank\" rel=\"noopener\"><img loading=\"lazy\" decoding=\"async\" class=\"alignleft wp-image-6391 size-thumbnail\" src=\"https:\/\/www.domaine-ndr.ch\/wp-content\/uploads\/LogoTerreDurable-150x150.jpg\" alt=\"\" width=\"150\" height=\"150\" srcset=\"https:\/\/www.domaine-ndr.ch\/wp-content\/uploads\/LogoTerreDurable-150x150.jpg 150w, https:\/\/www.domaine-ndr.ch\/wp-content\/uploads\/LogoTerreDurable-360x360.jpg 360w, https:\/\/www.domaine-ndr.ch\/wp-content\/uploads\/LogoTerreDurable-768x768.jpg 768w, https:\/\/www.domaine-ndr.ch\/wp-content\/uploads\/LogoTerreDurable-1536x1536.jpg 1536w, https:\/\/www.domaine-ndr.ch\/wp-content\/uploads\/LogoTerreDurable-300x300.jpg 300w, https:\/\/www.domaine-ndr.ch\/wp-content\/uploads\/LogoTerreDurable-600x600.jpg 600w, https:\/\/www.domaine-ndr.ch\/wp-content\/uploads\/LogoTerreDurable.jpg 1890w\" sizes=\"auto, (max-width: 150px) 100vw, 150px\" \/><\/a><\/td>\n<\/tr>\n<\/tbody>\n<\/table>\n","protected":false},"excerpt":{"rendered":"<p>Wenn uns die Natur ihr Bestes bietet Der Gem\u00fcsegarten der Domaine umfasst etwa 2.800 m2. Alle Produkte aus dem Garten werden vom Atelier Vert von CIS im Einklang mit der Natur bewirtschaftet. Alle Erzeugnisse aus unserem Garten sind somit garantiert chemikalienfrei. Hier \u00fcberlassen wir alles der Natur.\u00a0Gem\u00fcsearten werden miteinander kombiniert, so dass ein nat\u00fcrlicher Austausch [&hellip;]<\/p>\n","protected":false},"author":1,"featured_media":0,"parent":3958,"menu_order":4,"comment_status":"closed","ping_status":"closed","template":"","meta":{"_acf_changed":false,"_exactmetrics_skip_tracking":false,"_exactmetrics_sitenote_active":false,"_exactmetrics_sitenote_note":"","_exactmetrics_sitenote_category":0,"footnotes":""},"class_list":["post-3966","page","type-page","status-publish","hentry"],"acf":[],"yoast_head":"<!-- This site is optimized with the Yoast SEO plugin v27.4 - https:\/\/yoast.com\/product\/yoast-seo-wordpress\/ -->\n<title>Unser Gem\u00fcsegarten | Permakultur und Frische garantiert | Domaine NDR<\/title>\n<meta name=\"description\" content=\"In unserem Gem\u00fcsegarten lassen wir es der Natur \u00fcberlassen. Wir heiraten die Gem\u00fcsearten miteinander, dass sie einander beim Wachsen helfen.\" \/>\n<meta name=\"robots\" content=\"index, follow, max-snippet:-1, max-image-preview:large, max-video-preview:-1\" \/>\n<meta property=\"og:locale\" content=\"de_DE\" \/>\n<meta property=\"og:type\" content=\"article\" \/>\n<meta property=\"og:title\" content=\"Unser Gem\u00fcsegarten | Permakultur und Frische garantiert | Domaine NDR\" \/>\n<meta property=\"og:description\" content=\"In unserem Gem\u00fcsegarten lassen wir es der Natur \u00fcberlassen. Wir heiraten die Gem\u00fcsearten miteinander, dass sie einander beim Wachsen helfen.\" \/>\n<meta property=\"og:url\" content=\"https:\/\/www.domaine-ndr.ch\/de\/park-aussenanlagen\/gemuesegarten\/\" \/>\n<meta property=\"og:site_name\" content=\"Notre dame de la route\" \/>\n<meta property=\"article:publisher\" content=\"https:\/\/www.facebook.com\/DomaineNDR\/\" \/>\n<meta property=\"article:modified_time\" content=\"2024-10-17T10:38:21+00:00\" \/>\n<meta property=\"og:image\" content=\"https:\/\/www.domaine-ndr.ch\/wp-content\/uploads\/LoRo-LogoBeneficiaires-RVB.jpeg\" \/>\n\t<meta property=\"og:image:width\" content=\"2358\" \/>\n\t<meta property=\"og:image:height\" content=\"822\" \/>\n\t<meta property=\"og:image:type\" content=\"image\/jpeg\" \/>\n<meta name=\"twitter:card\" content=\"summary_large_image\" \/>\n<meta name=\"twitter:label1\" content=\"Gesch\u00e4tzte Lesezeit\" \/>\n\t<meta name=\"twitter:data1\" content=\"2\u00a0Minuten\" \/>\n<!-- \/ Yoast SEO plugin. -->","yoast_head_json":{"title":"Unser Gem\u00fcsegarten | Permakultur und Frische garantiert | Domaine NDR","description":"In unserem Gem\u00fcsegarten lassen wir es der Natur \u00fcberlassen. Wir heiraten die Gem\u00fcsearten miteinander, dass sie einander beim Wachsen helfen.","robots":{"index":"index","follow":"follow","max-snippet":"max-snippet:-1","max-image-preview":"max-image-preview:large","max-video-preview":"max-video-preview:-1"},"og_locale":"de_DE","og_type":"article","og_title":"Unser Gem\u00fcsegarten | Permakultur und Frische garantiert | Domaine NDR","og_description":"In unserem Gem\u00fcsegarten lassen wir es der Natur \u00fcberlassen. Wir heiraten die Gem\u00fcsearten miteinander, dass sie einander beim Wachsen helfen.","og_url":"https:\/\/www.domaine-ndr.ch\/de\/park-aussenanlagen\/gemuesegarten\/","og_site_name":"Notre dame de la route","article_publisher":"https:\/\/www.facebook.com\/DomaineNDR\/","article_modified_time":"2024-10-17T10:38:21+00:00","og_image":[{"width":2358,"height":822,"url":"https:\/\/www.domaine-ndr.ch\/wp-content\/uploads\/LoRo-LogoBeneficiaires-RVB.jpeg","type":"image\/jpeg"}],"twitter_card":"summary_large_image","twitter_misc":{"Gesch\u00e4tzte Lesezeit":"2\u00a0Minuten"},"schema":{"@context":"https:\/\/schema.org","@graph":[{"@type":"WebPage","@id":"https:\/\/www.domaine-ndr.ch\/de\/park-aussenanlagen\/gemuesegarten\/","url":"https:\/\/www.domaine-ndr.ch\/de\/park-aussenanlagen\/gemuesegarten\/","name":"Unser Gem\u00fcsegarten | Permakultur und Frische garantiert | Domaine NDR","isPartOf":{"@id":"https:\/\/www.domaine-ndr.ch\/de\/#website"},"primaryImageOfPage":{"@id":"https:\/\/www.domaine-ndr.ch\/de\/park-aussenanlagen\/gemuesegarten\/#primaryimage"},"image":{"@id":"https:\/\/www.domaine-ndr.ch\/de\/park-aussenanlagen\/gemuesegarten\/#primaryimage"},"thumbnailUrl":"https:\/\/www.domaine-ndr.ch\/wp-content\/uploads\/LoRo-LogoBeneficiaires-RVB-360x125.jpeg","datePublished":"2019-03-27T13:51:32+00:00","dateModified":"2024-10-17T10:38:21+00:00","description":"In unserem Gem\u00fcsegarten lassen wir es der Natur \u00fcberlassen. Wir heiraten die Gem\u00fcsearten miteinander, dass sie einander beim Wachsen helfen.","breadcrumb":{"@id":"https:\/\/www.domaine-ndr.ch\/de\/park-aussenanlagen\/gemuesegarten\/#breadcrumb"},"inLanguage":"de","potentialAction":[{"@type":"ReadAction","target":["https:\/\/www.domaine-ndr.ch\/de\/park-aussenanlagen\/gemuesegarten\/"]}]},{"@type":"ImageObject","inLanguage":"de","@id":"https:\/\/www.domaine-ndr.ch\/de\/park-aussenanlagen\/gemuesegarten\/#primaryimage","url":"https:\/\/www.domaine-ndr.ch\/wp-content\/uploads\/LoRo-LogoBeneficiaires-RVB-360x125.jpeg","contentUrl":"https:\/\/www.domaine-ndr.ch\/wp-content\/uploads\/LoRo-LogoBeneficiaires-RVB-360x125.jpeg"},{"@type":"BreadcrumbList","@id":"https:\/\/www.domaine-ndr.ch\/de\/park-aussenanlagen\/gemuesegarten\/#breadcrumb","itemListElement":[{"@type":"ListItem","position":1,"name":"Home","item":"https:\/\/www.domaine-ndr.ch\/de\/"},{"@type":"ListItem","position":2,"name":"Park &#8211; Aussenanlagen","item":"https:\/\/www.domaine-ndr.ch\/de\/park-aussenanlagen\/"},{"@type":"ListItem","position":3,"name":"Gem\u00fcsegarten"}]},{"@type":"WebSite","@id":"https:\/\/www.domaine-ndr.ch\/de\/#website","url":"https:\/\/www.domaine-ndr.ch\/de\/","name":"Notre dame de la route","description":"","potentialAction":[{"@type":"SearchAction","target":{"@type":"EntryPoint","urlTemplate":"https:\/\/www.domaine-ndr.ch\/de\/?s={search_term_string}"},"query-input":{"@type":"PropertyValueSpecification","valueRequired":true,"valueName":"search_term_string"}}],"inLanguage":"de"}]}},"_links":{"self":[{"href":"https:\/\/www.domaine-ndr.ch\/de\/wp-json\/wp\/v2\/pages\/3966","targetHints":{"allow":["GET"]}}],"collection":[{"href":"https:\/\/www.domaine-ndr.ch\/de\/wp-json\/wp\/v2\/pages"}],"about":[{"href":"https:\/\/www.domaine-ndr.ch\/de\/wp-json\/wp\/v2\/types\/page"}],"author":[{"embeddable":true,"href":"https:\/\/www.domaine-ndr.ch\/de\/wp-json\/wp\/v2\/users\/1"}],"replies":[{"embeddable":true,"href":"https:\/\/www.domaine-ndr.ch\/de\/wp-json\/wp\/v2\/comments?post=3966"}],"version-history":[{"count":11,"href":"https:\/\/www.domaine-ndr.ch\/de\/wp-json\/wp\/v2\/pages\/3966\/revisions"}],"predecessor-version":[{"id":8775,"href":"https:\/\/www.domaine-ndr.ch\/de\/wp-json\/wp\/v2\/pages\/3966\/revisions\/8775"}],"up":[{"embeddable":true,"href":"https:\/\/www.domaine-ndr.ch\/de\/wp-json\/wp\/v2\/pages\/3958"}],"wp:attachment":[{"href":"https:\/\/www.domaine-ndr.ch\/de\/wp-json\/wp\/v2\/media?parent=3966"}],"curies":[{"name":"wp","href":"https:\/\/api.w.org\/{rel}","templated":true}]}}