{"id":3962,"date":"2019-03-27T14:50:45","date_gmt":"2019-03-27T13:50:45","guid":{"rendered":"https:\/\/www.domaine-ndr.ch\/park-aussenanlagen\/labyrinthe\/"},"modified":"2024-10-17T12:47:34","modified_gmt":"2024-10-17T10:47:34","slug":"labyrinthe","status":"publish","type":"page","link":"https:\/\/www.domaine-ndr.ch\/de\/park-aussenanlagen\/labyrinthe\/","title":{"rendered":"Das Labyrinth"},"content":{"rendered":"<h3><em><span lang=\"DE-CH\">Schritt f\u00fcr Schritt, eine Reise in unser Innerstes.<\/span><\/em><\/h3>\n<p><span lang=\"DE-CH\">Das Labyrinth ist ein Symbol mit 5000 Jahren Geschichte, das von verschiedenen V\u00f6lkern zum Ausdruck religi\u00f6ser Erfahrung benutzt wurde. Ab dem XII. Jahrhundert erscheinen Labyrinthe in franz\u00f6sischen gotischen Kathedralen; ein Durchlaufen des Labyrinths kam symbolisch einer Pilgerreise nach Jerusalem gleich.\u00a0 <\/span><\/p>\n<p><span lang=\"DE-CH\">Heute wie gestern erleichtert der Gang durch ein Labyrinth den Zugang zu pers\u00f6nlicher geistiger Entwicklung.<\/span><\/p>\n<p><span lang=\"DE-CH\">Das Labyrinth im Park wurde von der<\/span>\u00a0<a href=\"http:\/\/www.jesuiten.ch\" target=\"_blank\" rel=\"noopener noreferrer\">Jesuitengemeinschaft<\/a> <span lang=\"DE-CH\">Freiburg nach dem Vorbild der Kathedrale von Chartres in elf konzentrischen Kreisen angelegt. Sein Durchmesser betr\u00e4gt 27 m\u00a0; die 556 Meter-Strecke ist durch l\u00e4ngliche Steine markiert. Diese kommen aus dem Steinbruch \u00ab\u00a0Tature\u00a0sur Plasselb\u00a0\u00bb im Kanton Freiburg und sind vertikal in die Erde wie kleine Stelen platziert worden.<\/span><\/p>\n<p><span lang=\"DE-CH\">Als ausdrucksvolles Emblem f\u00fcr den Le Domaine hat uns das Labyrinth f\u00fcr das Logo der Domaine Notre-Dame de la Route inspiriert. Es spiegelt unseren Willen wider, Ihnen einen Ort zu bieten, der Ihnen hilft auf den Grund der Dinge zu gehen und<\/span>\u00a0Zeit zum Aufatmen zu nehmen.<\/p>\n","protected":false},"excerpt":{"rendered":"<p>Schritt f\u00fcr Schritt, eine Reise in unser Innerstes. Das Labyrinth ist ein Symbol mit 5000 Jahren Geschichte, das von verschiedenen V\u00f6lkern zum Ausdruck religi\u00f6ser Erfahrung benutzt wurde. Ab dem XII. Jahrhundert erscheinen Labyrinthe in franz\u00f6sischen gotischen Kathedralen; ein Durchlaufen des Labyrinths kam symbolisch einer Pilgerreise nach Jerusalem gleich.\u00a0 Heute wie gestern erleichtert der Gang durch [&hellip;]<\/p>\n","protected":false},"author":1,"featured_media":0,"parent":3958,"menu_order":15,"comment_status":"closed","ping_status":"closed","template":"","meta":{"_acf_changed":false,"_exactmetrics_skip_tracking":false,"_exactmetrics_sitenote_active":false,"_exactmetrics_sitenote_note":"","_exactmetrics_sitenote_category":0,"footnotes":""},"class_list":["post-3962","page","type-page","status-publish","hentry"],"acf":[],"yoast_head":"<!-- This site is optimized with the Yoast SEO plugin v27.4 - https:\/\/yoast.com\/product\/yoast-seo-wordpress\/ -->\n<title>Das Labyrinth | Um sich selbst zu treffen | Domaine NDR<\/title>\n<meta name=\"description\" content=\"Der Pfad eines Labyrinths erleichtert den Zugang zum Pfad der Person. Ein starkes Emblem der Domain, es inspirierte unser Logo.\" \/>\n<meta name=\"robots\" content=\"index, follow, max-snippet:-1, max-image-preview:large, max-video-preview:-1\" \/>\n<meta property=\"og:locale\" content=\"de_DE\" \/>\n<meta property=\"og:type\" content=\"article\" \/>\n<meta property=\"og:title\" content=\"Das Labyrinth | Um sich selbst zu treffen | Domaine NDR\" \/>\n<meta property=\"og:description\" content=\"Der Pfad eines Labyrinths erleichtert den Zugang zum Pfad der Person. Ein starkes Emblem der Domain, es inspirierte unser Logo.\" \/>\n<meta property=\"og:url\" content=\"https:\/\/www.domaine-ndr.ch\/de\/park-aussenanlagen\/labyrinthe\/\" \/>\n<meta property=\"og:site_name\" content=\"Notre dame de la route\" \/>\n<meta property=\"article:publisher\" content=\"https:\/\/www.facebook.com\/DomaineNDR\/\" \/>\n<meta property=\"article:modified_time\" content=\"2024-10-17T10:47:34+00:00\" \/>\n<meta property=\"og:image\" content=\"https:\/\/www.domaine-ndr.ch\/wp-content\/uploads\/DSC4008-1-770x545.jpg\" \/>\n\t<meta property=\"og:image:width\" content=\"770\" \/>\n\t<meta property=\"og:image:height\" content=\"545\" \/>\n\t<meta property=\"og:image:type\" content=\"image\/jpeg\" \/>\n<meta name=\"twitter:card\" content=\"summary_large_image\" \/>\n<meta name=\"twitter:label1\" content=\"Gesch\u00e4tzte Lesezeit\" \/>\n\t<meta name=\"twitter:data1\" content=\"1\u00a0Minute\" \/>\n<!-- \/ Yoast SEO plugin. -->","yoast_head_json":{"title":"Das Labyrinth | Um sich selbst zu treffen | Domaine NDR","description":"Der Pfad eines Labyrinths erleichtert den Zugang zum Pfad der Person. Ein starkes Emblem der Domain, es inspirierte unser Logo.","robots":{"index":"index","follow":"follow","max-snippet":"max-snippet:-1","max-image-preview":"max-image-preview:large","max-video-preview":"max-video-preview:-1"},"og_locale":"de_DE","og_type":"article","og_title":"Das Labyrinth | Um sich selbst zu treffen | Domaine NDR","og_description":"Der Pfad eines Labyrinths erleichtert den Zugang zum Pfad der Person. Ein starkes Emblem der Domain, es inspirierte unser Logo.","og_url":"https:\/\/www.domaine-ndr.ch\/de\/park-aussenanlagen\/labyrinthe\/","og_site_name":"Notre dame de la route","article_publisher":"https:\/\/www.facebook.com\/DomaineNDR\/","article_modified_time":"2024-10-17T10:47:34+00:00","og_image":[{"width":770,"height":545,"url":"https:\/\/www.domaine-ndr.ch\/wp-content\/uploads\/DSC4008-1-770x545.jpg","type":"image\/jpeg"}],"twitter_card":"summary_large_image","twitter_misc":{"Gesch\u00e4tzte Lesezeit":"1\u00a0Minute"},"schema":{"@context":"https:\/\/schema.org","@graph":[{"@type":"WebPage","@id":"https:\/\/www.domaine-ndr.ch\/de\/park-aussenanlagen\/labyrinthe\/","url":"https:\/\/www.domaine-ndr.ch\/de\/park-aussenanlagen\/labyrinthe\/","name":"Das Labyrinth | Um sich selbst zu treffen | Domaine NDR","isPartOf":{"@id":"https:\/\/www.domaine-ndr.ch\/de\/#website"},"datePublished":"2019-03-27T13:50:45+00:00","dateModified":"2024-10-17T10:47:34+00:00","description":"Der Pfad eines Labyrinths erleichtert den Zugang zum Pfad der Person. Ein starkes Emblem der Domain, es inspirierte unser Logo.","breadcrumb":{"@id":"https:\/\/www.domaine-ndr.ch\/de\/park-aussenanlagen\/labyrinthe\/#breadcrumb"},"inLanguage":"de","potentialAction":[{"@type":"ReadAction","target":["https:\/\/www.domaine-ndr.ch\/de\/park-aussenanlagen\/labyrinthe\/"]}]},{"@type":"BreadcrumbList","@id":"https:\/\/www.domaine-ndr.ch\/de\/park-aussenanlagen\/labyrinthe\/#breadcrumb","itemListElement":[{"@type":"ListItem","position":1,"name":"Home","item":"https:\/\/www.domaine-ndr.ch\/de\/"},{"@type":"ListItem","position":2,"name":"Park &#8211; Aussenanlagen","item":"https:\/\/www.domaine-ndr.ch\/de\/park-aussenanlagen\/"},{"@type":"ListItem","position":3,"name":"Das Labyrinth"}]},{"@type":"WebSite","@id":"https:\/\/www.domaine-ndr.ch\/de\/#website","url":"https:\/\/www.domaine-ndr.ch\/de\/","name":"Notre dame de la route","description":"","potentialAction":[{"@type":"SearchAction","target":{"@type":"EntryPoint","urlTemplate":"https:\/\/www.domaine-ndr.ch\/de\/?s={search_term_string}"},"query-input":{"@type":"PropertyValueSpecification","valueRequired":true,"valueName":"search_term_string"}}],"inLanguage":"de"}]}},"_links":{"self":[{"href":"https:\/\/www.domaine-ndr.ch\/de\/wp-json\/wp\/v2\/pages\/3962","targetHints":{"allow":["GET"]}}],"collection":[{"href":"https:\/\/www.domaine-ndr.ch\/de\/wp-json\/wp\/v2\/pages"}],"about":[{"href":"https:\/\/www.domaine-ndr.ch\/de\/wp-json\/wp\/v2\/types\/page"}],"author":[{"embeddable":true,"href":"https:\/\/www.domaine-ndr.ch\/de\/wp-json\/wp\/v2\/users\/1"}],"replies":[{"embeddable":true,"href":"https:\/\/www.domaine-ndr.ch\/de\/wp-json\/wp\/v2\/comments?post=3962"}],"version-history":[{"count":8,"href":"https:\/\/www.domaine-ndr.ch\/de\/wp-json\/wp\/v2\/pages\/3962\/revisions"}],"predecessor-version":[{"id":8777,"href":"https:\/\/www.domaine-ndr.ch\/de\/wp-json\/wp\/v2\/pages\/3962\/revisions\/8777"}],"up":[{"embeddable":true,"href":"https:\/\/www.domaine-ndr.ch\/de\/wp-json\/wp\/v2\/pages\/3958"}],"wp:attachment":[{"href":"https:\/\/www.domaine-ndr.ch\/de\/wp-json\/wp\/v2\/media?parent=3962"}],"curies":[{"name":"wp","href":"https:\/\/api.w.org\/{rel}","templated":true}]}}