{"id":3958,"date":"2019-03-27T14:50:07","date_gmt":"2019-03-27T13:50:07","guid":{"rendered":"https:\/\/www.domaine-ndr.ch\/parc-exterieurs\/"},"modified":"2024-10-17T12:32:08","modified_gmt":"2024-10-17T10:32:08","slug":"park-aussenanlagen","status":"publish","type":"page","link":"https:\/\/www.domaine-ndr.ch\/de\/park-aussenanlagen\/","title":{"rendered":"Park &#8211; Aussenanlagen"},"content":{"rendered":"<p>Die Au\u00dfenanlagen sind zweifellos einer der &#8220;Tr\u00fcmpfe&#8221; der Domaine. Der 28.000 m2 gro\u00dfe Park ist ein Treffpunkt f\u00fcr die Bewohner von Villars-sur-Gl\u00e2ne und die G\u00e4ste der Domaine. Er ist ein Initiationspfad, der im Einklang mit der Natur angelegt wurde und reich an Biodiversit\u00e4t ist.<\/p>\n<p><span lang=\"DE-CH\">Folgen Sie dem ausgewiesenen Pfad oder lassen Sie sich im Park einfach gehen.\u00a0<\/span><span lang=\"DE-CH\">Halten Sie vor dem<\/span>\u00a0<a href=\"https:\/\/www.domaine-ndr.ch\/de\/restaurant-le-jardin-seine-terrasse\/\" target=\"_blank\" rel=\"noopener noreferrer\">restaurant &#8221; Le Jardin &#8220;<\/a>,\u00a0<span lang=\"DE-CH\">und geniessen Sie den Duft der aromatischen Pflanzen, der essbaren und der dekorativen Blumen in den Pflanzk\u00e4sten, entlang der Terrasse, folgen Sie dem leicht abfallenden Hang, der Sie zum Obstgarten f\u00fchrt, machen Sie Bekanntschaft mit den Tieren des Parks der Domaine, gehen Sie durch das Wirrwarr des Labyrinths und lassen Sie sich von den Geheimnissen des Domain&#8217;s umschmeicheln.\u00a0<\/span><span lang=\"DE-CH\">Sp\u00fcren Sie die wohltuenden Energien der f\u00fcnf Elemente und Ihr Aufenthalt wird sich in eine Einkehr in freier Natur verwandeln\u2026 nur zwei Schritte von der Stadt entfernt!<\/span><\/p>\n<p><span lang=\"DE-CH\">Ein kleiner Weg f\u00fchrt Sie direkt zum Cormanon-Viertel, wo sich ein Parkplatz und eine<\/span>\u00a0<a href=\"https:\/\/www.tpf.ch\/de\/\" target=\"_blank\" rel=\"noopener noreferrer\">Bushaltestelle<\/a> <span lang=\"DE-CH\">nur 5 Minuten von der Domaine entfernt befinden.<\/span><\/p>\n","protected":false},"excerpt":{"rendered":"<p>Die Au\u00dfenanlagen sind zweifellos einer der &#8220;Tr\u00fcmpfe&#8221; der Domaine. Der 28.000 m2 gro\u00dfe Park ist ein Treffpunkt f\u00fcr die Bewohner von Villars-sur-Gl\u00e2ne und die G\u00e4ste der Domaine. Er ist ein Initiationspfad, der im Einklang mit der Natur angelegt wurde und reich an Biodiversit\u00e4t ist. Folgen Sie dem ausgewiesenen Pfad oder lassen Sie sich im Park [&hellip;]<\/p>\n","protected":false},"author":1,"featured_media":0,"parent":0,"menu_order":28,"comment_status":"closed","ping_status":"closed","template":"template-hebergement.php","meta":{"_acf_changed":false,"_exactmetrics_skip_tracking":false,"_exactmetrics_sitenote_active":false,"_exactmetrics_sitenote_note":"","_exactmetrics_sitenote_category":0,"footnotes":""},"class_list":["post-3958","page","type-page","status-publish","hentry"],"acf":[],"yoast_head":"<!-- This site is optimized with the Yoast SEO plugin v27.4 - https:\/\/yoast.com\/product\/yoast-seo-wordpress\/ -->\n<title>R\u00fcckzug in der freien Natur | 2.8ha Gr\u00fcn f\u00fcr Ihre Gelassenheit<\/title>\n<meta name=\"description\" content=\"&quot;Tr\u00fcmpfe&quot; des Domain&#039;s, der Park ist ein Treffpunkt f\u00fcr Kunden, ein Initiationsweg, der mit Respekt vor der Natur entwickelt wurde.\" \/>\n<meta name=\"robots\" content=\"index, follow, max-snippet:-1, max-image-preview:large, max-video-preview:-1\" \/>\n<meta property=\"og:locale\" content=\"de_DE\" \/>\n<meta property=\"og:type\" content=\"article\" \/>\n<meta property=\"og:title\" content=\"R\u00fcckzug in der freien Natur | 2.8ha Gr\u00fcn f\u00fcr Ihre Gelassenheit\" \/>\n<meta property=\"og:description\" content=\"&quot;Tr\u00fcmpfe&quot; des Domain&#039;s, der Park ist ein Treffpunkt f\u00fcr Kunden, ein Initiationsweg, der mit Respekt vor der Natur entwickelt wurde.\" \/>\n<meta property=\"og:url\" content=\"https:\/\/www.domaine-ndr.ch\/de\/park-aussenanlagen\/\" \/>\n<meta property=\"og:site_name\" content=\"Notre dame de la route\" \/>\n<meta property=\"article:publisher\" content=\"https:\/\/www.facebook.com\/DomaineNDR\/\" \/>\n<meta property=\"article:modified_time\" content=\"2024-10-17T10:32:08+00:00\" \/>\n<meta property=\"og:image\" content=\"https:\/\/www.domaine-ndr.ch\/wp-content\/uploads\/DSC4008-1-770x545.jpg\" \/>\n\t<meta property=\"og:image:width\" content=\"770\" \/>\n\t<meta property=\"og:image:height\" content=\"545\" \/>\n\t<meta property=\"og:image:type\" content=\"image\/jpeg\" \/>\n<meta name=\"twitter:card\" content=\"summary_large_image\" \/>\n<meta name=\"twitter:label1\" content=\"Gesch\u00e4tzte Lesezeit\" \/>\n\t<meta name=\"twitter:data1\" content=\"1\u00a0Minute\" \/>\n<!-- \/ Yoast SEO plugin. -->","yoast_head_json":{"title":"R\u00fcckzug in der freien Natur | 2.8ha Gr\u00fcn f\u00fcr Ihre Gelassenheit","description":"\"Tr\u00fcmpfe\" des Domain's, der Park ist ein Treffpunkt f\u00fcr Kunden, ein Initiationsweg, der mit Respekt vor der Natur entwickelt wurde.","robots":{"index":"index","follow":"follow","max-snippet":"max-snippet:-1","max-image-preview":"max-image-preview:large","max-video-preview":"max-video-preview:-1"},"og_locale":"de_DE","og_type":"article","og_title":"R\u00fcckzug in der freien Natur | 2.8ha Gr\u00fcn f\u00fcr Ihre Gelassenheit","og_description":"\"Tr\u00fcmpfe\" des Domain's, der Park ist ein Treffpunkt f\u00fcr Kunden, ein Initiationsweg, der mit Respekt vor der Natur entwickelt wurde.","og_url":"https:\/\/www.domaine-ndr.ch\/de\/park-aussenanlagen\/","og_site_name":"Notre dame de la route","article_publisher":"https:\/\/www.facebook.com\/DomaineNDR\/","article_modified_time":"2024-10-17T10:32:08+00:00","og_image":[{"width":770,"height":545,"url":"https:\/\/www.domaine-ndr.ch\/wp-content\/uploads\/DSC4008-1-770x545.jpg","type":"image\/jpeg"}],"twitter_card":"summary_large_image","twitter_misc":{"Gesch\u00e4tzte Lesezeit":"1\u00a0Minute"},"schema":{"@context":"https:\/\/schema.org","@graph":[{"@type":"WebPage","@id":"https:\/\/www.domaine-ndr.ch\/de\/park-aussenanlagen\/","url":"https:\/\/www.domaine-ndr.ch\/de\/park-aussenanlagen\/","name":"R\u00fcckzug in der freien Natur | 2.8ha Gr\u00fcn f\u00fcr Ihre Gelassenheit","isPartOf":{"@id":"https:\/\/www.domaine-ndr.ch\/de\/#website"},"datePublished":"2019-03-27T13:50:07+00:00","dateModified":"2024-10-17T10:32:08+00:00","description":"\"Tr\u00fcmpfe\" des Domain's, der Park ist ein Treffpunkt f\u00fcr Kunden, ein Initiationsweg, der mit Respekt vor der Natur entwickelt wurde.","breadcrumb":{"@id":"https:\/\/www.domaine-ndr.ch\/de\/park-aussenanlagen\/#breadcrumb"},"inLanguage":"de","potentialAction":[{"@type":"ReadAction","target":["https:\/\/www.domaine-ndr.ch\/de\/park-aussenanlagen\/"]}]},{"@type":"BreadcrumbList","@id":"https:\/\/www.domaine-ndr.ch\/de\/park-aussenanlagen\/#breadcrumb","itemListElement":[{"@type":"ListItem","position":1,"name":"Home","item":"https:\/\/www.domaine-ndr.ch\/de\/"},{"@type":"ListItem","position":2,"name":"Park &#8211; Aussenanlagen"}]},{"@type":"WebSite","@id":"https:\/\/www.domaine-ndr.ch\/de\/#website","url":"https:\/\/www.domaine-ndr.ch\/de\/","name":"Notre dame de la route","description":"","potentialAction":[{"@type":"SearchAction","target":{"@type":"EntryPoint","urlTemplate":"https:\/\/www.domaine-ndr.ch\/de\/?s={search_term_string}"},"query-input":{"@type":"PropertyValueSpecification","valueRequired":true,"valueName":"search_term_string"}}],"inLanguage":"de"}]}},"_links":{"self":[{"href":"https:\/\/www.domaine-ndr.ch\/de\/wp-json\/wp\/v2\/pages\/3958","targetHints":{"allow":["GET"]}}],"collection":[{"href":"https:\/\/www.domaine-ndr.ch\/de\/wp-json\/wp\/v2\/pages"}],"about":[{"href":"https:\/\/www.domaine-ndr.ch\/de\/wp-json\/wp\/v2\/types\/page"}],"author":[{"embeddable":true,"href":"https:\/\/www.domaine-ndr.ch\/de\/wp-json\/wp\/v2\/users\/1"}],"replies":[{"embeddable":true,"href":"https:\/\/www.domaine-ndr.ch\/de\/wp-json\/wp\/v2\/comments?post=3958"}],"version-history":[{"count":9,"href":"https:\/\/www.domaine-ndr.ch\/de\/wp-json\/wp\/v2\/pages\/3958\/revisions"}],"predecessor-version":[{"id":8774,"href":"https:\/\/www.domaine-ndr.ch\/de\/wp-json\/wp\/v2\/pages\/3958\/revisions\/8774"}],"wp:attachment":[{"href":"https:\/\/www.domaine-ndr.ch\/de\/wp-json\/wp\/v2\/media?parent=3958"}],"curies":[{"name":"wp","href":"https:\/\/api.w.org\/{rel}","templated":true}]}}