{"id":3942,"date":"2019-03-27T16:27:10","date_gmt":"2019-03-27T15:27:10","guid":{"rendered":"https:\/\/www.domaine-ndr.ch\/developpement-personnel\/"},"modified":"2024-10-17T12:26:39","modified_gmt":"2024-10-17T10:26:39","slug":"aussbildung-integration","status":"publish","type":"page","link":"https:\/\/www.domaine-ndr.ch\/de\/aussbildung-integration\/","title":{"rendered":"Ausbildung &#038; Integration"},"content":{"rendered":"<p>Als integraler Bestandteil des <a href=\"https:\/\/www.cisf.ch\/\" target=\"_blank\" rel=\"noopener\">Centre d&#8217;Int\u00e9gration Socioprofessionnelle (CIS)<\/a> r\u00e4umt Le Domaine der Ausbildung und der beruflichen Wiedereingliederung durch eine wohlwollende, die Selbstbestimmung f\u00f6rdernde Unterst\u00fctzung einen wichtigen Platz ein.<\/p>\n<p>Da Le Domaine den Kriterien des 1. Arbeitsmarktes entspricht, k\u00f6nnen sich die CIS-Empf\u00e4nger mit dem Rhythmus der freien Wirtschaft auseinandersetzen. Die Anwesenheit von Gruppenleiter garantiert, dass dies unter Bedingungen geschieht, die dem Wohlbefinden der Mitarbeiterinnen und Mitarbeiter f\u00f6rderlich sind.<\/p>\n<p>Wir beherbergen 2 Wiedereingliederungswerkst\u00e4tten auf dem Gel\u00e4nde der Domaine :<\/p>\n<ul>\n<li>L&#8217;<a href=\"https:\/\/www.domaine-ndr.ch\/de\/park-aussenanlagen\/gemuesegarten\/\" target=\"_blank\" rel=\"noopener\">Atelier vert<\/a>, das unseren Gem\u00fcsegarten bewirtschaftet<\/li>\n<li>L&#8217;<a href=\"https:\/\/www.domaine-ndr.ch\/de\/park-aussenanlagen\/tiere-im-le-domaine\/\" target=\"_blank\" rel=\"noopener\">Atelier animalier<\/a>, das eine berufliche Rehabilitation durch den Kontakt mit Tieren erm\u00f6glicht.<\/li>\n<\/ul>\n<p>Au\u00dferdem haben wir das Programm der Integrationsvorlehre integriert, ein vom Bund und vom Staat Freiburg mitfinanziertes Pilotprojekt. Die Dauer der INVOL betr\u00e4gt ein Schuljahr.<\/p>\n<p>Selbstverst\u00e4ndlich begleiten wir auch Lehrlinge (EBA und EFZ) w\u00e4hrend ihrer Ausbildung und als Unternehmen des 1. Marktes nehmen wir auch Praktikanten aus verschiedenen Ausbildungs- oder Wiedereingliederungsprogrammen auf.<\/p>\n","protected":false},"excerpt":{"rendered":"<p>Als integraler Bestandteil des Centre d&#8217;Int\u00e9gration Socioprofessionnelle (CIS) r\u00e4umt Le Domaine der Ausbildung und der beruflichen Wiedereingliederung durch eine wohlwollende, die Selbstbestimmung f\u00f6rdernde Unterst\u00fctzung einen wichtigen Platz ein. Da Le Domaine den Kriterien des 1. Arbeitsmarktes entspricht, k\u00f6nnen sich die CIS-Empf\u00e4nger mit dem Rhythmus der freien Wirtschaft auseinandersetzen. Die Anwesenheit von Gruppenleiter garantiert, dass dies [&hellip;]<\/p>\n","protected":false},"author":1,"featured_media":0,"parent":0,"menu_order":26,"comment_status":"closed","ping_status":"closed","template":"template-hebergement.php","meta":{"_acf_changed":false,"_exactmetrics_skip_tracking":false,"_exactmetrics_sitenote_active":false,"_exactmetrics_sitenote_note":"","_exactmetrics_sitenote_category":0,"footnotes":""},"class_list":["post-3942","page","type-page","status-publish","hentry"],"acf":[],"yoast_head":"<!-- This site is optimized with the Yoast SEO plugin v27.5 - https:\/\/yoast.com\/product\/yoast-seo-wordpress\/ -->\n<title>Pers\u00f6nliche Entwicklung | T\u00e4gliche Bereicherung | Domaine NDR<\/title>\n<meta name=\"description\" content=\"Pers\u00f6nliche Entwicklung, eine t\u00e4gliche Bereicherung. Wir schlagen vor, Ihre Neugier zu entwickeln und Ihnen zu helfen, sich um sich selbst zu k\u00fcmmern.\" \/>\n<meta name=\"robots\" content=\"index, follow, max-snippet:-1, max-image-preview:large, max-video-preview:-1\" \/>\n<meta property=\"og:locale\" content=\"de_DE\" \/>\n<meta property=\"og:type\" content=\"article\" \/>\n<meta property=\"og:title\" content=\"Pers\u00f6nliche Entwicklung | T\u00e4gliche Bereicherung | Domaine NDR\" \/>\n<meta property=\"og:description\" content=\"Pers\u00f6nliche Entwicklung, eine t\u00e4gliche Bereicherung. Wir schlagen vor, Ihre Neugier zu entwickeln und Ihnen zu helfen, sich um sich selbst zu k\u00fcmmern.\" \/>\n<meta property=\"og:url\" content=\"https:\/\/www.domaine-ndr.ch\/de\/aussbildung-integration\/\" \/>\n<meta property=\"og:site_name\" content=\"Notre dame de la route\" \/>\n<meta property=\"article:publisher\" content=\"https:\/\/www.facebook.com\/DomaineNDR\/\" \/>\n<meta property=\"article:modified_time\" content=\"2024-10-17T10:26:39+00:00\" \/>\n<meta property=\"og:image\" content=\"https:\/\/www.domaine-ndr.ch\/wp-content\/uploads\/DSC4008-1-770x545.jpg\" \/>\n\t<meta property=\"og:image:width\" content=\"770\" \/>\n\t<meta property=\"og:image:height\" content=\"545\" \/>\n\t<meta property=\"og:image:type\" content=\"image\/jpeg\" \/>\n<meta name=\"twitter:card\" content=\"summary_large_image\" \/>\n<meta name=\"twitter:label1\" content=\"Gesch\u00e4tzte Lesezeit\" \/>\n\t<meta name=\"twitter:data1\" content=\"1\u00a0Minute\" \/>\n<!-- \/ Yoast SEO plugin. -->","yoast_head_json":{"title":"Pers\u00f6nliche Entwicklung | T\u00e4gliche Bereicherung | Domaine NDR","description":"Pers\u00f6nliche Entwicklung, eine t\u00e4gliche Bereicherung. Wir schlagen vor, Ihre Neugier zu entwickeln und Ihnen zu helfen, sich um sich selbst zu k\u00fcmmern.","robots":{"index":"index","follow":"follow","max-snippet":"max-snippet:-1","max-image-preview":"max-image-preview:large","max-video-preview":"max-video-preview:-1"},"og_locale":"de_DE","og_type":"article","og_title":"Pers\u00f6nliche Entwicklung | T\u00e4gliche Bereicherung | Domaine NDR","og_description":"Pers\u00f6nliche Entwicklung, eine t\u00e4gliche Bereicherung. Wir schlagen vor, Ihre Neugier zu entwickeln und Ihnen zu helfen, sich um sich selbst zu k\u00fcmmern.","og_url":"https:\/\/www.domaine-ndr.ch\/de\/aussbildung-integration\/","og_site_name":"Notre dame de la route","article_publisher":"https:\/\/www.facebook.com\/DomaineNDR\/","article_modified_time":"2024-10-17T10:26:39+00:00","og_image":[{"width":770,"height":545,"url":"https:\/\/www.domaine-ndr.ch\/wp-content\/uploads\/DSC4008-1-770x545.jpg","type":"image\/jpeg"}],"twitter_card":"summary_large_image","twitter_misc":{"Gesch\u00e4tzte Lesezeit":"1\u00a0Minute"},"schema":{"@context":"https:\/\/schema.org","@graph":[{"@type":"WebPage","@id":"https:\/\/www.domaine-ndr.ch\/de\/aussbildung-integration\/","url":"https:\/\/www.domaine-ndr.ch\/de\/aussbildung-integration\/","name":"Pers\u00f6nliche Entwicklung | T\u00e4gliche Bereicherung | Domaine NDR","isPartOf":{"@id":"https:\/\/www.domaine-ndr.ch\/de\/#website"},"datePublished":"2019-03-27T15:27:10+00:00","dateModified":"2024-10-17T10:26:39+00:00","description":"Pers\u00f6nliche Entwicklung, eine t\u00e4gliche Bereicherung. Wir schlagen vor, Ihre Neugier zu entwickeln und Ihnen zu helfen, sich um sich selbst zu k\u00fcmmern.","breadcrumb":{"@id":"https:\/\/www.domaine-ndr.ch\/de\/aussbildung-integration\/#breadcrumb"},"inLanguage":"de","potentialAction":[{"@type":"ReadAction","target":["https:\/\/www.domaine-ndr.ch\/de\/aussbildung-integration\/"]}]},{"@type":"BreadcrumbList","@id":"https:\/\/www.domaine-ndr.ch\/de\/aussbildung-integration\/#breadcrumb","itemListElement":[{"@type":"ListItem","position":1,"name":"Home","item":"https:\/\/www.domaine-ndr.ch\/de\/"},{"@type":"ListItem","position":2,"name":"Ausbildung &#038; Integration"}]},{"@type":"WebSite","@id":"https:\/\/www.domaine-ndr.ch\/de\/#website","url":"https:\/\/www.domaine-ndr.ch\/de\/","name":"Notre dame de la route","description":"","potentialAction":[{"@type":"SearchAction","target":{"@type":"EntryPoint","urlTemplate":"https:\/\/www.domaine-ndr.ch\/de\/?s={search_term_string}"},"query-input":{"@type":"PropertyValueSpecification","valueRequired":true,"valueName":"search_term_string"}}],"inLanguage":"de"}]}},"_links":{"self":[{"href":"https:\/\/www.domaine-ndr.ch\/de\/wp-json\/wp\/v2\/pages\/3942","targetHints":{"allow":["GET"]}}],"collection":[{"href":"https:\/\/www.domaine-ndr.ch\/de\/wp-json\/wp\/v2\/pages"}],"about":[{"href":"https:\/\/www.domaine-ndr.ch\/de\/wp-json\/wp\/v2\/types\/page"}],"author":[{"embeddable":true,"href":"https:\/\/www.domaine-ndr.ch\/de\/wp-json\/wp\/v2\/users\/1"}],"replies":[{"embeddable":true,"href":"https:\/\/www.domaine-ndr.ch\/de\/wp-json\/wp\/v2\/comments?post=3942"}],"version-history":[{"count":10,"href":"https:\/\/www.domaine-ndr.ch\/de\/wp-json\/wp\/v2\/pages\/3942\/revisions"}],"predecessor-version":[{"id":8773,"href":"https:\/\/www.domaine-ndr.ch\/de\/wp-json\/wp\/v2\/pages\/3942\/revisions\/8773"}],"wp:attachment":[{"href":"https:\/\/www.domaine-ndr.ch\/de\/wp-json\/wp\/v2\/media?parent=3942"}],"curies":[{"name":"wp","href":"https:\/\/api.w.org\/{rel}","templated":true}]}}