{"id":3894,"date":"2019-04-23T16:07:06","date_gmt":"2019-04-23T14:07:06","guid":{"rendered":"https:\/\/www.domaine-ndr.ch\/beherbergung\/chambre-pelerin-tradition\/"},"modified":"2026-01-28T12:55:35","modified_gmt":"2026-01-28T11:55:35","slug":"nomad-einzelzimmer","status":"publish","type":"page","link":"https:\/\/www.domaine-ndr.ch\/de\/beherbergung\/nomad-einzelzimmer\/","title":{"rendered":"Nomad-Einzelzimmer"},"content":{"rendered":"<p>&nbsp;<\/p>\n<div class=\"cta-button\">\n<p><span style=\"text-align: center;\"><a href=\"https:\/\/www.domaine-ndr.ch\/de\/reservierung\/\" target=\"_blank\" rel=\"noopener\"><strong>RESERVIERUNG<\/strong><\/a><\/span><\/p>\n<\/div>\n<p>&nbsp;<\/p>\n<p><span class=\"couleur_metal\"><b>PREISE<\/b>* : ab 82.00 CHF<\/span><\/p>\n<p><span class=\"StrongEmphasis\"><span lang=\"DE-CH\">Unsere Nomad-Einzelzimmer <\/span><\/span><a target=\"_blank\" rel=\"noopener noreferrer\">sind <\/a><span class=\"StrongEmphasis\"><span lang=\"DE\">mit <\/span><\/span><span class=\"StrongEmphasis\"><span lang=\"DE-CH\">Sanit\u00e4ranlage auf der Etage.<\/span><\/span><\/p>\n<p><strong><span class=\"StrongEmphasis\"><span lang=\"DE-CH\">Zimmer mit Einzelbett<\/span><\/span> (120&#215;210) <\/strong><span lang=\"DE-CH\">f\u00fcr Ruhe und Selbstbesinnung<br \/>\n<\/span><em><strong><span class=\"StrongEmphasis\"><span lang=\"DE-CH\">Wohlf\u00fchl-<\/span><\/span><\/strong><\/em><strong><span class=\"StrongEmphasis\"><span lang=\"DE-CH\">Matratze\u00a0<\/span><\/span><\/strong><span lang=\"DE-CH\">f\u00fcr einen erholsamen Schlaf<br \/>\n<\/span><strong><span class=\"StrongEmphasis\"><span lang=\"DE-CH\">Waschbecken<\/span><\/span><\/strong>\u00a0<span lang=\"DE-CH\">zum Auffrischen der Gedanken<\/span><span lang=\"DE-CH\"><br \/>\n<\/span><strong><span class=\"StrongEmphasis\"><span lang=\"DE-CH\">Dusche und WC auf der Etage<\/span><\/span><\/strong>\u00a0<span lang=\"DE-CH\">f\u00fcr den Tonus<\/span><br \/>\n<strong><span class=\"StrongEmphasis\"><span lang=\"DE-CH\">M\u00f6bel aus nat\u00fcrlichen Materialien<\/span><\/span>**<\/strong>\u00a0<span lang=\"DE-CH\">f\u00fcr Ihr Wohlbefinden und aus Liebe zur Natur<\/span><br \/>\n<b><span lang=\"DE-CH\">Kein Fernsehen<\/span><\/b>,\u00a0<span lang=\"DE-CH\">damit die umgebenden Energien Sie entspannen k\u00f6nnen<br \/>\n<\/span><strong><span class=\"StrongEmphasis\"><span lang=\"DE-CH\">Blick in die Natur<\/span><\/span><\/strong>\u00a0<span lang=\"DE-CH\">zur Anregung der Vorstellungskraft<br \/>\n<\/span><strong><span class=\"StrongEmphasis\"><span lang=\"DE-CH\">Zugang zur Dachterrasse\u00a0<\/span><\/span><\/strong><span lang=\"DE-CH\">damit Sie die Landschaft bewundern<\/span><\/p>\n<p>Das Fr\u00fchst\u00fcck wird zus\u00e4tzlich zum Zimmerpreis angeboten.<\/p>\n<table style=\"border-collapse: collapse; width: 49.6349%; height: 10px;\">\n<tbody>\n<tr style=\"height: 24px;\">\n<td style=\"width: 22.929%; height: 10px;\">Erwachsene<\/td>\n<td style=\"width: 19.2232%; height: 10px;\">CHF 16.00<\/td>\n<\/tr>\n<\/tbody>\n<\/table>\n<p>&nbsp;<\/p>\n<p>\u00d6ffnungszeiten f\u00fcr das Fr\u00fchst\u00fcck<br \/>\nMontag bis Freitag: 6:30 bis 9:30 Uhr<br \/>\nSamstag und Sonntag: 6:30 bis 10:00 Uhr<\/p>\n<p>&nbsp;<\/p>\n<p class=\"Textbody\"><em><span lang=\"DE-CH\">Wifi-Anschluss gratis <\/span><span lang=\"DE-CH\">in allen Zimmern<br \/>\n<\/span><span class=\"StrongEmphasis\"><span lang=\"DE-CH\">Kurtaxe zus\u00e4tzlich :3.00 CHF pro Person \/ Nacht<\/span><\/span><\/em><\/p>\n<h6>* Je nach Einzel- oder Doppelbelegung werden Termine, Verf\u00fcgbarkeiten und allgemeine Verkaufsbedingungen gew\u00e4hlt<span class=\"StrongEmphasis\"><span lang=\"DE-CH\"><br \/>\n<\/span><\/span>** <span class=\"StrongEmphasis\"><span lang=\"DE-CH\">In unserer Werkstatt aus nat\u00fcrlichen Materialien ohne Giftstoffe hergestellt, f\u00fcr Ihr Wohlbefinden und mit R\u00fccksicht auf die Umwelt. Unsere <\/span><\/span><a href=\"https:\/\/www.cisf.ch\/index.php?option=com_content&amp;view=article&amp;id=32\" target=\"_blank\" rel=\"noopener noreferrer\">Werkstatt <\/a><span class=\"StrongEmphasis\"><span lang=\"DE-CH\">besch\u00e4ftigt Personen, die wieder in den Arbeitsmarkt integriert werden sollen.<\/span><\/span><\/h6>\n","protected":false},"excerpt":{"rendered":"<p>&nbsp; RESERVIERUNG &nbsp; PREISE* : ab 82.00 CHF Unsere Nomad-Einzelzimmer sind mit Sanit\u00e4ranlage auf der Etage. Zimmer mit Einzelbett (120&#215;210) f\u00fcr Ruhe und Selbstbesinnung Wohlf\u00fchl-Matratze\u00a0f\u00fcr einen erholsamen Schlaf Waschbecken\u00a0zum Auffrischen der Gedanken Dusche und WC auf der Etage\u00a0f\u00fcr den Tonus M\u00f6bel aus nat\u00fcrlichen Materialien**\u00a0f\u00fcr Ihr Wohlbefinden und aus Liebe zur Natur Kein Fernsehen,\u00a0damit die umgebenden [&hellip;]<\/p>\n","protected":false},"author":1,"featured_media":0,"parent":539,"menu_order":14,"comment_status":"closed","ping_status":"closed","template":"template-chambre.php","meta":{"_acf_changed":false,"_exactmetrics_skip_tracking":false,"_exactmetrics_sitenote_active":false,"_exactmetrics_sitenote_note":"","_exactmetrics_sitenote_category":0,"footnotes":""},"class_list":["post-3894","page","type-page","status-publish","hentry"],"acf":[],"yoast_head":"<!-- This site is optimized with the Yoast SEO plugin v27.4 - https:\/\/yoast.com\/product\/yoast-seo-wordpress\/ -->\n<title>Pilger-Einzelzimmer \u201cTradition\u201d | Domaine Notre-Dame de la Route<\/title>\n<meta name=\"description\" content=\"Unsere Pilger-Einzelzimmer &quot;Tradition&quot; sind einfache R\u00e4ume und f\u00f6rderlich, um in Frieden zu ruhen.\" \/>\n<meta name=\"robots\" content=\"index, follow, max-snippet:-1, max-image-preview:large, max-video-preview:-1\" \/>\n<meta property=\"og:locale\" content=\"de_DE\" \/>\n<meta property=\"og:type\" content=\"article\" \/>\n<meta property=\"og:title\" content=\"Pilger-Einzelzimmer \u201cTradition\u201d | Domaine Notre-Dame de la Route\" \/>\n<meta property=\"og:description\" content=\"Unsere Pilger-Einzelzimmer &quot;Tradition&quot; sind einfache R\u00e4ume und f\u00f6rderlich, um in Frieden zu ruhen.\" \/>\n<meta property=\"og:url\" content=\"https:\/\/www.domaine-ndr.ch\/de\/beherbergung\/nomad-einzelzimmer\/\" \/>\n<meta property=\"og:site_name\" content=\"Notre dame de la route\" \/>\n<meta property=\"article:publisher\" content=\"https:\/\/www.facebook.com\/DomaineNDR\/\" \/>\n<meta property=\"article:modified_time\" content=\"2026-01-28T11:55:35+00:00\" \/>\n<meta property=\"og:image\" content=\"https:\/\/www.domaine-ndr.ch\/wp-content\/uploads\/DSC4008-1-770x545.jpg\" \/>\n\t<meta property=\"og:image:width\" content=\"770\" \/>\n\t<meta property=\"og:image:height\" content=\"545\" \/>\n\t<meta property=\"og:image:type\" content=\"image\/jpeg\" \/>\n<meta name=\"twitter:card\" content=\"summary_large_image\" \/>\n<meta name=\"twitter:label1\" content=\"Gesch\u00e4tzte Lesezeit\" \/>\n\t<meta name=\"twitter:data1\" content=\"1\u00a0Minute\" \/>\n<!-- \/ Yoast SEO plugin. -->","yoast_head_json":{"title":"Pilger-Einzelzimmer \u201cTradition\u201d | Domaine Notre-Dame de la Route","description":"Unsere Pilger-Einzelzimmer \"Tradition\" sind einfache R\u00e4ume und f\u00f6rderlich, um in Frieden zu ruhen.","robots":{"index":"index","follow":"follow","max-snippet":"max-snippet:-1","max-image-preview":"max-image-preview:large","max-video-preview":"max-video-preview:-1"},"og_locale":"de_DE","og_type":"article","og_title":"Pilger-Einzelzimmer \u201cTradition\u201d | Domaine Notre-Dame de la Route","og_description":"Unsere Pilger-Einzelzimmer \"Tradition\" sind einfache R\u00e4ume und f\u00f6rderlich, um in Frieden zu ruhen.","og_url":"https:\/\/www.domaine-ndr.ch\/de\/beherbergung\/nomad-einzelzimmer\/","og_site_name":"Notre dame de la route","article_publisher":"https:\/\/www.facebook.com\/DomaineNDR\/","article_modified_time":"2026-01-28T11:55:35+00:00","og_image":[{"width":770,"height":545,"url":"https:\/\/www.domaine-ndr.ch\/wp-content\/uploads\/DSC4008-1-770x545.jpg","type":"image\/jpeg"}],"twitter_card":"summary_large_image","twitter_misc":{"Gesch\u00e4tzte Lesezeit":"1\u00a0Minute"},"schema":{"@context":"https:\/\/schema.org","@graph":[{"@type":"WebPage","@id":"https:\/\/www.domaine-ndr.ch\/de\/beherbergung\/nomad-einzelzimmer\/","url":"https:\/\/www.domaine-ndr.ch\/de\/beherbergung\/nomad-einzelzimmer\/","name":"Pilger-Einzelzimmer \u201cTradition\u201d | Domaine Notre-Dame de la Route","isPartOf":{"@id":"https:\/\/www.domaine-ndr.ch\/de\/#website"},"datePublished":"2019-04-23T14:07:06+00:00","dateModified":"2026-01-28T11:55:35+00:00","description":"Unsere Pilger-Einzelzimmer \"Tradition\" sind einfache R\u00e4ume und f\u00f6rderlich, um in Frieden zu ruhen.","breadcrumb":{"@id":"https:\/\/www.domaine-ndr.ch\/de\/beherbergung\/nomad-einzelzimmer\/#breadcrumb"},"inLanguage":"de","potentialAction":[{"@type":"ReadAction","target":["https:\/\/www.domaine-ndr.ch\/de\/beherbergung\/nomad-einzelzimmer\/"]}]},{"@type":"BreadcrumbList","@id":"https:\/\/www.domaine-ndr.ch\/de\/beherbergung\/nomad-einzelzimmer\/#breadcrumb","itemListElement":[{"@type":"ListItem","position":1,"name":"Home","item":"https:\/\/www.domaine-ndr.ch\/de\/"},{"@type":"ListItem","position":2,"name":"Beherbergung","item":"https:\/\/www.domaine-ndr.ch\/de\/beherbergung\/"},{"@type":"ListItem","position":3,"name":"Nomad-Einzelzimmer"}]},{"@type":"WebSite","@id":"https:\/\/www.domaine-ndr.ch\/de\/#website","url":"https:\/\/www.domaine-ndr.ch\/de\/","name":"Notre dame de la route","description":"","potentialAction":[{"@type":"SearchAction","target":{"@type":"EntryPoint","urlTemplate":"https:\/\/www.domaine-ndr.ch\/de\/?s={search_term_string}"},"query-input":{"@type":"PropertyValueSpecification","valueRequired":true,"valueName":"search_term_string"}}],"inLanguage":"de"}]}},"_links":{"self":[{"href":"https:\/\/www.domaine-ndr.ch\/de\/wp-json\/wp\/v2\/pages\/3894","targetHints":{"allow":["GET"]}}],"collection":[{"href":"https:\/\/www.domaine-ndr.ch\/de\/wp-json\/wp\/v2\/pages"}],"about":[{"href":"https:\/\/www.domaine-ndr.ch\/de\/wp-json\/wp\/v2\/types\/page"}],"author":[{"embeddable":true,"href":"https:\/\/www.domaine-ndr.ch\/de\/wp-json\/wp\/v2\/users\/1"}],"replies":[{"embeddable":true,"href":"https:\/\/www.domaine-ndr.ch\/de\/wp-json\/wp\/v2\/comments?post=3894"}],"version-history":[{"count":36,"href":"https:\/\/www.domaine-ndr.ch\/de\/wp-json\/wp\/v2\/pages\/3894\/revisions"}],"predecessor-version":[{"id":10107,"href":"https:\/\/www.domaine-ndr.ch\/de\/wp-json\/wp\/v2\/pages\/3894\/revisions\/10107"}],"up":[{"embeddable":true,"href":"https:\/\/www.domaine-ndr.ch\/de\/wp-json\/wp\/v2\/pages\/539"}],"wp:attachment":[{"href":"https:\/\/www.domaine-ndr.ch\/de\/wp-json\/wp\/v2\/media?parent=3894"}],"curies":[{"name":"wp","href":"https:\/\/api.w.org\/{rel}","templated":true}]}}